{"id":710013,"date":"2025-08-27T16:31:40","date_gmt":"2025-08-27T13:31:40","guid":{"rendered":"https:\/\/roveyayinevi.com.tr\/index.php\/urun\/avrupanin-bozkir-sinirlari-osmanlinin-batidaki-ilerleyisi-neden-durdu\/"},"modified":"2026-04-16T02:18:48","modified_gmt":"2026-04-15T23:18:48","slug":"avrupanin-bozkir-sinirlari-osmanlinin-batidaki-ilerleyisi-neden-durdu","status":"publish","type":"product","link":"https:\/\/roveyayinevi.com.tr\/index.php\/urun\/avrupanin-bozkir-sinirlari-osmanlinin-batidaki-ilerleyisi-neden-durdu\/","title":{"rendered":"Avrupa&#8217;n\u0131n Bozk\u0131r S\u0131n\u0131rlar\u0131 (Osmanl\u0131\u2019n\u0131n Bat\u0131daki \u0130lerleyi\u015fi Neden Durdu?)"},"content":{"rendered":"<p>William H. McNeill&#8217;in tarih anlay\u0131\u015f\u0131n\u0131n ve tarih \u00e7al\u0131\u015fmalar\u0131n\u0131n de\u011feri, insanl\u0131\u011f\u0131n k\u00fclt\u00fcrel evriminin \u00f6nc\u00fcl\u00fc\u011f\u00fcn\u00fcn, yery\u00fcz\u00fcn\u00fcn hi\u00e7bir co\u011frafyas\u0131n\u0131n, insan\u0131n hi\u00e7bir \u0131rk\u0131n\u0131n, hi\u00e7bir halk\u0131n\u0131n, hi\u00e7bir dilinin, hi\u00e7bir dininin tekelinde, denetiminde olmay\u0131p, elden ele ge\u00e7ti\u011fini g\u00f6stermesinde yatmaktad\u0131r. McNeill, bir\u00e7ok tarih\u00e7i gibi, k\u00fclt\u00fcrel evrimimizin uygarl\u0131k kaynaklar\u0131na odaklanmakla kalmayarak, yerle\u015fik \u00e7ift\u00e7i ve g\u00f6\u00e7ebe \u00e7oban halklar aras\u0131ndaki ili\u015fkilerin tarihe y\u00f6n verecek etkilerine ilgimizi \u00e7ekmi\u015ftir.Avrupa&#8217;n\u0131n Bozk\u0131r S\u0131n\u0131rlar\u0131 kitab\u0131, &#8220;d\u00fcnya tarihi&#8221; \u00e7er\u00e7evesi i\u00e7inde, geni\u015f bir bak\u0131\u015fla Eski D\u00fcnya ile Yeni D\u00fcnya k\u00fclt\u00fcrlerinin etkile\u015fiminin Osmanl\u0131 Anadolu&#8217;suna dek uzanan etkisini g\u00f6rebilme olana\u011f\u0131 vermektedir. Bu metnin rol\u00fc, Do\u011fu Avrupa&#8217;n\u0131n bozk\u0131rlar\u0131nda m\u00fccadele eden b\u00fcy\u00fck imparatorluklar\u0131n ge\u00e7mi\u015finin d\u00fc\u011f\u00fcm d\u00fc\u011f\u00fcm olmu\u015f \u00f6yk\u00fcs\u00fcne yeni bir bak\u0131\u015f a\u00e7\u0131s\u0131 sunmas\u0131d\u0131r. <\/p>\n","protected":false},"excerpt":{"rendered":"<p>William H. McNeill&#8217;in tarih anlay\u0131\u015f\u0131n\u0131n ve tarih \u00e7al\u0131\u015fmalar\u0131n\u0131n de\u011feri, insanl\u0131\u011f\u0131n k\u00fclt\u00fcrel evriminin \u00f6nc\u00fcl\u00fc\u011f\u00fcn\u00fcn, yery\u00fcz\u00fcn\u00fcn hi\u00e7bir co\u011frafyas\u0131n\u0131n, insan\u0131n hi\u00e7bir \u0131rk\u0131n\u0131n, hi\u00e7bir halk\u0131n\u0131n, hi\u00e7bir dilinin, hi\u00e7bir dininin tekelinde,<span class=\"excerpt-hellip\"> [\u2026]<\/span><\/p>\n","protected":false},"featured_media":0,"template":"","meta":{"_monsterinsights_skip_tracking":false,"_monsterinsights_sitenote_active":false,"_monsterinsights_sitenote_note":"","_monsterinsights_sitenote_category":0},"product_brand":[],"product_cat":[12305,12304],"product_tag":[],"class_list":{"0":"post-710013","1":"product","2":"type-product","3":"status-publish","5":"product_cat-dunya-tarihi","6":"product_cat-tarih","7":"pa_cilt-ciltsiz","8":"pa_tur-kitap","9":"pa_yayinevi-nika-yayinevi","10":"pa_yazar-william-h-mcneill","12":"first","13":"instock","14":"sale","15":"shipping-taxable","16":"purchasable","17":"product-type-simple"},"_links":{"self":[{"href":"https:\/\/roveyayinevi.com.tr\/index.php\/wp-json\/wp\/v2\/product\/710013","targetHints":{"allow":["GET"]}}],"collection":[{"href":"https:\/\/roveyayinevi.com.tr\/index.php\/wp-json\/wp\/v2\/product"}],"about":[{"href":"https:\/\/roveyayinevi.com.tr\/index.php\/wp-json\/wp\/v2\/types\/product"}],"wp:attachment":[{"href":"https:\/\/roveyayinevi.com.tr\/index.php\/wp-json\/wp\/v2\/media?parent=710013"}],"wp:term":[{"taxonomy":"product_brand","embeddable":true,"href":"https:\/\/roveyayinevi.com.tr\/index.php\/wp-json\/wp\/v2\/product_brand?post=710013"},{"taxonomy":"product_cat","embeddable":true,"href":"https:\/\/roveyayinevi.com.tr\/index.php\/wp-json\/wp\/v2\/product_cat?post=710013"},{"taxonomy":"product_tag","embeddable":true,"href":"https:\/\/roveyayinevi.com.tr\/index.php\/wp-json\/wp\/v2\/product_tag?post=710013"}],"curies":[{"name":"wp","href":"https:\/\/api.w.org\/{rel}","templated":true}]}}