{"id":710012,"date":"2025-08-27T16:31:39","date_gmt":"2025-08-27T13:31:39","guid":{"rendered":"https:\/\/roveyayinevi.com.tr\/index.php\/urun\/baba-sincap-agactan-dusuyor\/"},"modified":"2026-04-16T02:18:48","modified_gmt":"2026-04-15T23:18:48","slug":"baba-sincap-agactan-dusuyor","status":"publish","type":"product","link":"https:\/\/roveyayinevi.com.tr\/index.php\/urun\/baba-sincap-agactan-dusuyor\/","title":{"rendered":"Baba Sincap A\u011fa\u00e7tan D\u00fc\u015f\u00fcyor"},"content":{"rendered":"<p>\u0130ki karde\u015f radyo dinlerken \u015fiddetli bir f\u0131rt\u0131nan\u0131n yakla\u015ft\u0131\u011f\u0131n\u0131 \u00f6\u011frenir. Sincap ailesinin ise bu f\u0131rt\u0131nadan haberi yoktur. Baba sincap, ak\u015fam yeme\u011finden sonra yuvalar\u0131nda otururken f\u0131rt\u0131naya- kap\u0131l\u0131p savrulur. Anton ve Luise, ertesi g\u00fcn sokakta dola\u015f\u0131rken baba sincab\u0131 k\u0131p\u0131rdamadan yatarken bulurlar. Sincab\u0131n iyile\u015fmesini isteyen \u00e7ocuklar onu evlerine al\u0131r. Baba sincaba bakarlar, karn\u0131n\u0131 doyururlar ancak bunlar sincab\u0131 mutlu etmeye yetmez. \u00c7ocuklar, baba sincab\u0131 ailesiyle bulu\u015fturmak i\u00e7in g\u00fczel bir plan yapar.T\u00fcm d\u00fcnyada \u00e7ocuklar\u0131n zevkle okudu\u011fu, elliden fazla dile \u00e7evrilen The Gruffalo ve hep kitap\u2019\u0131n sevilen dizisi Tav\u015fancan ileFaresu\u2019nun \u00e7izeri Axel Scheffler\u2019in yaz\u0131p resimledi\u011fi Baba Sincap A\u011fa\u00e7tan D\u00fc\u015f\u00fcyor, okul \u00f6ncesi d\u00f6nemi \u00e7ocuklar\u0131 heyecanl\u0131 bir maceraya davet ediyor. <\/p>\n","protected":false},"excerpt":{"rendered":"<p>\u0130ki karde\u015f radyo dinlerken \u015fiddetli bir f\u0131rt\u0131nan\u0131n yakla\u015ft\u0131\u011f\u0131n\u0131 \u00f6\u011frenir. Sincap ailesinin ise bu f\u0131rt\u0131nadan haberi yoktur. Baba sincap, ak\u015fam yeme\u011finden sonra yuvalar\u0131nda otururken f\u0131rt\u0131naya- kap\u0131l\u0131p savrulur.<span class=\"excerpt-hellip\"> [\u2026]<\/span><\/p>\n","protected":false},"featured_media":0,"template":"","meta":{"_monsterinsights_skip_tracking":false,"_monsterinsights_sitenote_active":false,"_monsterinsights_sitenote_note":"","_monsterinsights_sitenote_category":0},"product_brand":[],"product_cat":[12274,12284],"product_tag":[],"class_list":{"0":"post-710012","1":"product","2":"type-product","3":"status-publish","5":"product_cat-cocuk-ve-genclik-kitaplari","6":"product_cat-hikayeler","7":"pa_cilt-ciltsiz","8":"pa_tur-kitap","9":"pa_yayinevi-hep-kitap","10":"pa_yazar-axel-scheffler","12":"first","13":"instock","14":"sale","15":"shipping-taxable","16":"purchasable","17":"product-type-simple"},"_links":{"self":[{"href":"https:\/\/roveyayinevi.com.tr\/index.php\/wp-json\/wp\/v2\/product\/710012","targetHints":{"allow":["GET"]}}],"collection":[{"href":"https:\/\/roveyayinevi.com.tr\/index.php\/wp-json\/wp\/v2\/product"}],"about":[{"href":"https:\/\/roveyayinevi.com.tr\/index.php\/wp-json\/wp\/v2\/types\/product"}],"wp:attachment":[{"href":"https:\/\/roveyayinevi.com.tr\/index.php\/wp-json\/wp\/v2\/media?parent=710012"}],"wp:term":[{"taxonomy":"product_brand","embeddable":true,"href":"https:\/\/roveyayinevi.com.tr\/index.php\/wp-json\/wp\/v2\/product_brand?post=710012"},{"taxonomy":"product_cat","embeddable":true,"href":"https:\/\/roveyayinevi.com.tr\/index.php\/wp-json\/wp\/v2\/product_cat?post=710012"},{"taxonomy":"product_tag","embeddable":true,"href":"https:\/\/roveyayinevi.com.tr\/index.php\/wp-json\/wp\/v2\/product_tag?post=710012"}],"curies":[{"name":"wp","href":"https:\/\/api.w.org\/{rel}","templated":true}]}}