{"id":710011,"date":"2025-08-27T16:31:39","date_gmt":"2025-08-27T13:31:39","guid":{"rendered":"https:\/\/roveyayinevi.com.tr\/index.php\/urun\/venuslu-kadinlarin-seruvenleri-trt-gunleri\/"},"modified":"2026-02-03T02:29:51","modified_gmt":"2026-02-02T23:29:51","slug":"venuslu-kadinlarin-seruvenleri-trt-gunleri","status":"publish","type":"product","link":"https:\/\/roveyayinevi.com.tr\/index.php\/urun\/venuslu-kadinlarin-seruvenleri-trt-gunleri\/","title":{"rendered":"Ven\u00fcsl\u00fc Kad\u0131nlar\u0131n Ser\u00fcvenleri &#8211; TRT G\u00fcnleri"},"content":{"rendered":"<p>Ven\u00fcsl\u00fc Kad\u0131nlar\u0131n Ser\u00fcvenleri Sevgi Soysal\u2019\u0131n TRT\u2019de \u00e7al\u0131\u015ft\u0131\u011f\u0131 d\u00f6nemde yazd\u0131\u011f\u0131 oyun, makale ve yaz\u0131lar\u0131n\u0131 bir araya getiriyor. 1965 ila 1971 y\u0131llar\u0131 aras\u0131n\u0131 kapsayan bu d\u00f6nem, ayn\u0131 zamanda Soysal\u2019\u0131n 12 Mart\u2019\u0131 izleyen y\u0131llarda yazarl\u0131k \u00e7izgisini belirleyecek olan siyasi ve feminist hatt\u0131n da filizlendi\u011fi bir s\u00fcre\u00e7. Yazar farkl\u0131 edebi t\u00fcrlerde kaleme ald\u0131\u011f\u0131 metinlerinde kad\u0131nl\u0131k meselesi, geleneklerin toplum \u00fczerindeki bask\u0131s\u0131 gibi temalar\u0131 i\u015flerken, duda\u011f\u0131n\u0131n kenar\u0131na yerle\u015ftirdi\u011fi g\u00fcl\u00fcmsemeyle okurlar\u0131n\u0131 itiraz etmeye, harekete ge\u00e7meye, yenilenmeye davet ediyor. Bir kez daha Sevgi Soysal metinlerinin zaman\u0131 a\u015farak bug\u00fcne seslendi\u011fine \u015fahit oluyoruz. Gen\u00e7 ya\u015f\u0131ndan itibaren Ankara\u2019n\u0131n 1960\u2019lardaki canl\u0131 edebiyat d\u00fcnyas\u0131n\u0131n i\u00e7inde \u00e7evirileri ve \u00f6yk\u00fcleriyle yer alan Sevgi Soysal, ilk kitab\u0131 Tutkulu Per\u00e7em\u2019i 1962 y\u0131l\u0131nda yay\u0131mlad\u0131. 12 Mart\u2019\u0131n ard\u0131ndan uzakla\u015ft\u0131r\u0131lmas\u0131na de\u011fin TRT Ankara Radyosu\u2019nda program uzman\u0131 olarak \u00e7al\u0131\u015ft\u0131. Radyo i\u00e7in yazd\u0131\u011f\u0131 \u00f6yk\u00fcleri kitapla\u015ft\u0131rd\u0131\u011f\u0131 Tante Rosa (1968) farkl\u0131 \u00fcslubuyla edebiyat \u00e7evrelerini \u015fa\u015f\u0131rtt\u0131. \u00c7ocukluktan itibaren bi\u00e7imlenen y\u00f6nleriyle kad\u0131n-erkek ili\u015fkilerini i\u015fledi\u011fi ilk roman\u0131 Y\u00fcr\u00fcmek\u2019le (1970) TRT Sanat \u00d6d\u00fclleri Yar\u0131\u015fmas\u0131 Ba\u015far\u0131 \u00d6d\u00fcl\u00fc\u2019n\u00fc kazand\u0131. 1973\u2019te yay\u0131mlanan Yeni\u015fehir\u2019de Bir \u00d6\u011fle Vakti, 12 Mart ile bast\u0131r\u0131lmaya \u00e7al\u0131\u015f\u0131lan gen\u00e7lik hareketi ile Ankara\u2019n\u0131n g\u00fcndelik ya\u015fam\u0131n\u0131 devrilen bir kava\u011f\u0131n etraf\u0131nda kesi\u015ftirmesiyle b\u00fcy\u00fck ilgi g\u00f6rd\u00fc ve 1974 y\u0131l\u0131 Orhan Kemal Roman Arma\u011fan\u0131\u2019n\u0131 kazand\u0131. Adana\u2019da s\u00fcrg\u00fcnde bulunan bir kad\u0131n\u0131n g\u00f6z\u00fcnden 12 Mart\u2019\u0131 ele\u015ftirdi\u011fi roman\u0131 \u015eafak, 1975\u2019te yay\u0131mland\u0131. \u00d6nce Politika gazetesinde tefrika olarak yay\u0131mlanan cezaevi an\u0131lar\u0131, Y\u0131ld\u0131r\u0131m B\u00f6lge Kad\u0131nlar Ko\u011fu\u015fu ad\u0131yla kitapla\u015ft\u0131r\u0131ld\u0131 (1976). 1968 ile 1976 y\u0131llar\u0131 aras\u0131nda yazd\u0131\u011f\u0131 \u00f6yk\u00fclerini Bar\u0131\u015f Adl\u0131 \u00c7ocuk (1976) kitab\u0131nda bir araya getirdi. Bu kitaptaki \u201cBir A\u011fa\u00e7 Gibi\u201d adl\u0131 \u00f6yk\u00fcs\u00fcne de yans\u0131tt\u0131\u011f\u0131 hastal\u0131\u011f\u0131 nedeniyle, son roman\u0131 Ho\u015f Geldin \u00d6l\u00fcm\u2019\u00fc tamamlayamadan, 22 Kas\u0131m 1976\u2019da \u00f6ld\u00fc. Politika, Yeni Ortam ve Yenig\u00fcn gazetelerinde yazd\u0131\u011f\u0131 yaz\u0131lar, Bakmak (1977) ve T\u00fcrkiye\u2019nin Kalbi, Kabul G\u00fcnleri (2014) adl\u0131 kitaplarda topland\u0131. Londra\u2019dayken BBC T\u00fcrk\u00e7e Servisi i\u00e7in yazd\u0131\u011f\u0131 Radyo Sohbetleri y\u0131llar sonra kitapla\u015ft\u0131r\u0131ld\u0131 (2005). <\/p>\n","protected":false},"excerpt":{"rendered":"<p>Ven\u00fcsl\u00fc Kad\u0131nlar\u0131n Ser\u00fcvenleri Sevgi Soysal\u2019\u0131n TRT\u2019de \u00e7al\u0131\u015ft\u0131\u011f\u0131 d\u00f6nemde yazd\u0131\u011f\u0131 oyun, makale ve yaz\u0131lar\u0131n\u0131 bir araya getiriyor. 1965 ila 1971 y\u0131llar\u0131 aras\u0131n\u0131 kapsayan bu d\u00f6nem, ayn\u0131 zamanda<span class=\"excerpt-hellip\"> [\u2026]<\/span><\/p>\n","protected":false},"featured_media":0,"template":"","meta":{"_monsterinsights_skip_tracking":false,"_monsterinsights_sitenote_active":false,"_monsterinsights_sitenote_note":"","_monsterinsights_sitenote_category":0},"product_brand":[],"product_cat":[12312,12304],"product_tag":[],"class_list":{"0":"post-710011","1":"product","2":"type-product","3":"status-publish","5":"product_cat-diger","6":"product_cat-tarih","7":"pa_cilt-ciltsiz","8":"pa_tur-kitap","9":"pa_yayinevi-iletisim-yayinlari","10":"pa_yazar-sevgi-soysal","12":"first","13":"instock","14":"sale","15":"shipping-taxable","16":"purchasable","17":"product-type-simple"},"_links":{"self":[{"href":"https:\/\/roveyayinevi.com.tr\/index.php\/wp-json\/wp\/v2\/product\/710011","targetHints":{"allow":["GET"]}}],"collection":[{"href":"https:\/\/roveyayinevi.com.tr\/index.php\/wp-json\/wp\/v2\/product"}],"about":[{"href":"https:\/\/roveyayinevi.com.tr\/index.php\/wp-json\/wp\/v2\/types\/product"}],"wp:attachment":[{"href":"https:\/\/roveyayinevi.com.tr\/index.php\/wp-json\/wp\/v2\/media?parent=710011"}],"wp:term":[{"taxonomy":"product_brand","embeddable":true,"href":"https:\/\/roveyayinevi.com.tr\/index.php\/wp-json\/wp\/v2\/product_brand?post=710011"},{"taxonomy":"product_cat","embeddable":true,"href":"https:\/\/roveyayinevi.com.tr\/index.php\/wp-json\/wp\/v2\/product_cat?post=710011"},{"taxonomy":"product_tag","embeddable":true,"href":"https:\/\/roveyayinevi.com.tr\/index.php\/wp-json\/wp\/v2\/product_tag?post=710011"}],"curies":[{"name":"wp","href":"https:\/\/api.w.org\/{rel}","templated":true}]}}