{"id":710007,"date":"2025-08-27T16:31:37","date_gmt":"2025-08-27T13:31:37","guid":{"rendered":"https:\/\/roveyayinevi.com.tr\/index.php\/urun\/turkiyenin-1960li-yillari-ciltli\/"},"modified":"2026-02-03T02:29:51","modified_gmt":"2026-02-02T23:29:51","slug":"turkiyenin-1960li-yillari-ciltli","status":"publish","type":"product","link":"https:\/\/roveyayinevi.com.tr\/index.php\/urun\/turkiyenin-1960li-yillari-ciltli\/","title":{"rendered":"T\u00fcrkiye&#8217;nin 1960&#8217;l\u0131 Y\u0131llar\u0131 (Ciltli)"},"content":{"rendered":"<p>Bir asker\u00ee darbeyle ba\u015flay\u0131p bir ba\u015fka asker\u00ee darbeyle sona erdi\u011fi s\u00f6ylenebilecek T\u00fcrkiye\u2019nin 1960\u2019l\u0131 y\u0131llar\u0131n\u0131n panoramik bir foto\u011fraf\u0131&#8230; \u2022 27 May\u0131s, Yass\u0131ada, 1961 anayasas\u0131&#8230;\u2022 Cemal G\u00fcrsel, \u201c\u0130htiyar Pa\u015fa\u201d \u0130n\u00f6n\u00fc, K\u0131br\u0131s sorunu, Johnson Mektubu, Talat Aydemir&#8230;\u2022 Fikir Kul\u00fcpleri, Devrimci Gen\u00e7lik, Milli Demokratik Devrim&#8230;\u2022 T\u0130P, Mehmet Ali Aybar, Behice Boran, \u201cOrtan\u0131n Solu\u201d&#8230;\u2022 Demirk\u0131rat\u2019tan Adalet Partisi\u2019ne, S\u00fcleyman Demirel, Rag\u0131p G\u00fcm\u00fc\u015fpala, Suat Hayri \u00dcrg\u00fcpl\u00fc, Cevdet Sunay&#8230;\u2022 Anti-kom\u00fcnizm, Kom\u00fcnizmle M\u00fccadele Dernekleri, Alparslan T\u00fcrke\u015f, milliyet\u00e7ilik&#8230;\u2022 \u201cGurbet\u00e7iler\u201d, i\u015f\u00e7i s\u0131n\u0131f\u0131, K\u00fcrt siyasal hareketi, Do\u011fu Mitingleri, OYAK, Devlet Planlama Te\u015fkilat\u0131&#8230;\u2022 Kad\u0131n hareketi, bas\u0131n, g\u00fcndelik hayat, m\u00fczik, futbol, edebiyat, sanat&#8230; Mete Kaan Kaynar\u2019\u0131n haz\u0131rlad\u0131\u011f\u0131 derlemeye Sevgi Adak, G\u00f6khan Ak, \u0130smet Ak\u00e7a, Yelda \u015eahin-Ak\u0131ll\u0131, Mehmet \u00d6. Alkan, G\u00f6khan At\u0131lgan, Z\u00fcbeyir Barut\u00e7u, Tan\u0131l Bora, Funda \u015eenol-Cantek, Aziz \u00c7elik, Zi\u015fan Ataman \u00c7elik, Kadir Dede, Deniz Cenk Demir, Tanel Demirel, Yasemin Do\u011faner, Erden Eren Erdem, Veysel Erg\u00fc\u00e7, \u00c7imen G\u00fcnay-Erkol, Cengiz G\u00fcne\u015f, Bora G\u00fcrda\u015f, S\u00fcleyman \u0130nan, Mete Kaan Kaynar, Nuray Ert\u00fcrk-Keskin,- Bayram Koca, Sel\u00e7uk Koca, Bilsay Kuru\u00e7, Murat Meri\u00e7, Levent Odaba\u015f\u0131, As\u0131m \u00d6z, Feridun Cemil \u00d6zcan, Gencer \u00d6zcan, Celal Oral \u00d6zdemir, \u0130lhan \u00d6zgen, Beng\u00fc \u00d6ztan, Selman Sa\u00e7, Ezgi Sar\u0131ta\u015f, Metin Solmaz, Ay\u015fem Sezer-\u015eanl\u0131, Mustafa \u015eener, Rafet U\u00e7kan, An\u0131l Varel, Aybars Yan\u0131k, Kerem Yava\u015f\u00e7a, Mehmet Y\u00fcce yaz\u0131lar\u0131yla katk\u0131da bulundu. <\/p>\n","protected":false},"excerpt":{"rendered":"<p>Bir asker\u00ee darbeyle ba\u015flay\u0131p bir ba\u015fka asker\u00ee darbeyle sona erdi\u011fi s\u00f6ylenebilecek T\u00fcrkiye\u2019nin 1960\u2019l\u0131 y\u0131llar\u0131n\u0131n panoramik bir foto\u011fraf\u0131&#8230; \u2022 27 May\u0131s, Yass\u0131ada, 1961 anayasas\u0131&#8230;\u2022 Cemal G\u00fcrsel, \u201c\u0130htiyar<span class=\"excerpt-hellip\"> [\u2026]<\/span><\/p>\n","protected":false},"featured_media":0,"template":"","meta":{"_monsterinsights_skip_tracking":false,"_monsterinsights_sitenote_active":false,"_monsterinsights_sitenote_note":"","_monsterinsights_sitenote_category":0},"product_brand":[],"product_cat":[12337,14543],"product_tag":[],"class_list":{"0":"post-710007","1":"product","2":"type-product","3":"status-publish","5":"product_cat-politika-siyaset","6":"product_cat-turkiye-siyaseti-ve-politikasi","7":"pa_cilt-ciltli","8":"pa_tur-kitap","9":"pa_yayinevi-iletisim-yayinlari","10":"pa_yazar-mete-kaan-kaynar-haz","12":"first","13":"instock","14":"sale","15":"shipping-taxable","16":"purchasable","17":"product-type-simple"},"_links":{"self":[{"href":"https:\/\/roveyayinevi.com.tr\/index.php\/wp-json\/wp\/v2\/product\/710007","targetHints":{"allow":["GET"]}}],"collection":[{"href":"https:\/\/roveyayinevi.com.tr\/index.php\/wp-json\/wp\/v2\/product"}],"about":[{"href":"https:\/\/roveyayinevi.com.tr\/index.php\/wp-json\/wp\/v2\/types\/product"}],"wp:attachment":[{"href":"https:\/\/roveyayinevi.com.tr\/index.php\/wp-json\/wp\/v2\/media?parent=710007"}],"wp:term":[{"taxonomy":"product_brand","embeddable":true,"href":"https:\/\/roveyayinevi.com.tr\/index.php\/wp-json\/wp\/v2\/product_brand?post=710007"},{"taxonomy":"product_cat","embeddable":true,"href":"https:\/\/roveyayinevi.com.tr\/index.php\/wp-json\/wp\/v2\/product_cat?post=710007"},{"taxonomy":"product_tag","embeddable":true,"href":"https:\/\/roveyayinevi.com.tr\/index.php\/wp-json\/wp\/v2\/product_tag?post=710007"}],"curies":[{"name":"wp","href":"https:\/\/api.w.org\/{rel}","templated":true}]}}