{"id":710003,"date":"2025-08-27T16:31:34","date_gmt":"2025-08-27T13:31:34","guid":{"rendered":"https:\/\/roveyayinevi.com.tr\/index.php\/urun\/degirmen-tasi\/"},"modified":"2026-04-08T02:24:24","modified_gmt":"2026-04-07T23:24:24","slug":"degirmen-tasi","status":"publish","type":"product","link":"https:\/\/roveyayinevi.com.tr\/index.php\/urun\/degirmen-tasi\/","title":{"rendered":"De\u011firmen Ta\u015f\u0131"},"content":{"rendered":"<p>\u015eehs\u00fcv\u00e2r-\u0131 Cih\u00e2ng\u00eer-F\u00e2tihn\u00e2me, Cih\u00e2ng\u00eer T\u00fb\u011flar-Sel\u00eemn\u00e2me ve Demir Ku\u015fakl\u0131 Cih\u00e2ng\u00eer-S\u00fcleym\u00e2nn\u00e2me kitaplar\u0131yla T\u00fcrk tarihinin \u00fc\u00e7 b\u00fcy\u00fck hakan\u0131n\u0131 T\u00fcrk k\u00fclt\u00fcr\u00fcn\u00fcn madd\u00ee ve manev\u00ee birikimleri i\u00e7inde ele alarak onlar\u0131 tarihimizin en nadide mevkilerine yerle\u015ftiren Turgut G\u00fcler, bu kez T\u00fcrk Devleti\u2019ni bir cihan devleti yapan F\u00e2tih Sultan Mehmed H\u00e2n\u2019\u0131 kutlu g\u00fcnlere haz\u0131rlayan hocas\u0131 Ak\u015femseddin\u2019i De\u011firmen Ta\u015f\u0131 roman\u0131yla bizlere anlat\u0131yor. Ak\u015femseddin, \u00e2rif lis\u00e2n\u0131yla, \u201cde\u011firmen ta\u015f\u0131\u201d s\u00f6z\u00fcn\u00fcn i\u00e7ine, koskoca T\u00fcrk Cih\u00e2n Devleti\u2019nin c\u00fcmle ahv\u00e2lini ve i\u015flerini s\u0131\u011fd\u0131r\u0131vermi\u015fti. De\u011firmen ta\u015f\u0131n\u0131n d\u00f6nmesi, her bir gayretin semere verdi\u011finin i\u015f\u00e2reti idi. De\u011firmen ta\u015flar\u0131 d\u00f6n\u00fcyorsa, Devlet-i Ebed-M\u00fcddet\u2019in d\u00fcn\u00fc, bug\u00fcn\u00fc ve yar\u0131n\u0131 birle\u015fmi\u015ftir. Zam\u00e2n\u0131n\u0131 ayn\u0131 tesb\u00eeh ipine dizen T\u00fcrk Devleti, buradan alaca\u011f\u0131 arka \u00e7\u0131kma ile olmazlar\u0131 oldurmaya dev\u00e2m edecektir. P\u00e2di\u015f\u00e2hl\u0131k mak\u00e2m\u0131nda nice bin perdeler vard\u0131r, nice bin de\u011firmen ta\u015f\u0131, bir kimsenin kat\u0131nda y\u00fccelerin al\u00e2meti olur. Ak\u015femseddin, o y\u00fcceli\u011fi, zihninde \u00f6l\u00e7\u00fcp bi\u00e7ip murass\u00e2 bir kaftan eyledi ve h\u00e2l\u00e2 diz \u00e7\u00f6kme vaziyetinde duran Sultan Mehmed H\u00e2n\u2019\u0131n s\u0131rt\u0131na ge\u00e7irdi. Hoca\u2019n\u0131n talebeye bi\u00e7ti\u011fi elb\u00eese, derv\u00ee\u015f k\u0131y\u00e2feti de\u011fil, binlerce, y\u00fcz binlerce, hatt\u00e2 say\u0131lamayacak kadar \u00e7ok de\u011firmen ta\u015f\u0131n\u0131 d\u00f6nd\u00fcrecek p\u00e2di\u015f\u00e2hl\u0131k lib\u00e2s\u0131 idi ve bu m\u00e2nev\u00ee kaftan, bahsi ge\u00e7en H\u00fcnk\u00e2r k\u0131l\u0131\u011f\u0131n\u0131n olmazsa olmaz \u00f6rt\u00fcs\u00fc idi. Ad\u00e2let \u00fczre hareket eden P\u00e2di\u015f\u00e2h, ker\u00e2metlerin en parmak \u0131s\u0131rtan\u0131na yukar\u0131dan bakard\u0131. Z\u00eer\u00e2, ad\u00e2letle h\u00fckmetmek kadar b\u00fcy\u00fck bir ker\u00e2met, z\u00e2hir ilminde de, b\u00e2t\u0131n ilminde de bulunmuyordu. \ufffcTan\u0131t\u0131m Metni<\/p>\n","protected":false},"excerpt":{"rendered":"<p>\u015eehs\u00fcv\u00e2r-\u0131 Cih\u00e2ng\u00eer-F\u00e2tihn\u00e2me, Cih\u00e2ng\u00eer T\u00fb\u011flar-Sel\u00eemn\u00e2me ve Demir Ku\u015fakl\u0131 Cih\u00e2ng\u00eer-S\u00fcleym\u00e2nn\u00e2me kitaplar\u0131yla T\u00fcrk tarihinin \u00fc\u00e7 b\u00fcy\u00fck hakan\u0131n\u0131 T\u00fcrk k\u00fclt\u00fcr\u00fcn\u00fcn madd\u00ee ve manev\u00ee birikimleri i\u00e7inde ele alarak onlar\u0131 tarihimizin en<span class=\"excerpt-hellip\"> [\u2026]<\/span><\/p>\n","protected":false},"featured_media":0,"template":"","meta":{"_monsterinsights_skip_tracking":false,"_monsterinsights_sitenote_active":false,"_monsterinsights_sitenote_note":"","_monsterinsights_sitenote_category":0},"product_brand":[],"product_cat":[12291,12711],"product_tag":[],"class_list":{"0":"post-710003","1":"product","2":"type-product","3":"status-publish","5":"product_cat-edebiyat","6":"product_cat-roman-oyku","7":"pa_cilt-ciltsiz","8":"pa_tur-kitap","9":"pa_yayinevi-otuken-nesriyat","10":"pa_yazar-turgut-guler","12":"first","13":"instock","14":"sale","15":"shipping-taxable","16":"purchasable","17":"product-type-simple"},"_links":{"self":[{"href":"https:\/\/roveyayinevi.com.tr\/index.php\/wp-json\/wp\/v2\/product\/710003","targetHints":{"allow":["GET"]}}],"collection":[{"href":"https:\/\/roveyayinevi.com.tr\/index.php\/wp-json\/wp\/v2\/product"}],"about":[{"href":"https:\/\/roveyayinevi.com.tr\/index.php\/wp-json\/wp\/v2\/types\/product"}],"wp:attachment":[{"href":"https:\/\/roveyayinevi.com.tr\/index.php\/wp-json\/wp\/v2\/media?parent=710003"}],"wp:term":[{"taxonomy":"product_brand","embeddable":true,"href":"https:\/\/roveyayinevi.com.tr\/index.php\/wp-json\/wp\/v2\/product_brand?post=710003"},{"taxonomy":"product_cat","embeddable":true,"href":"https:\/\/roveyayinevi.com.tr\/index.php\/wp-json\/wp\/v2\/product_cat?post=710003"},{"taxonomy":"product_tag","embeddable":true,"href":"https:\/\/roveyayinevi.com.tr\/index.php\/wp-json\/wp\/v2\/product_tag?post=710003"}],"curies":[{"name":"wp","href":"https:\/\/api.w.org\/{rel}","templated":true}]}}