{"id":710002,"date":"2025-08-27T16:31:34","date_gmt":"2025-08-27T13:31:34","guid":{"rendered":"https:\/\/roveyayinevi.com.tr\/index.php\/urun\/hoca-nasreddin-ve-comezleri\/"},"modified":"2026-04-16T02:18:48","modified_gmt":"2026-04-15T23:18:48","slug":"hoca-nasreddin-ve-comezleri","status":"publish","type":"product","link":"https:\/\/roveyayinevi.com.tr\/index.php\/urun\/hoca-nasreddin-ve-comezleri\/","title":{"rendered":"Hoca Nasreddin ve \u00c7\u00f6mezleri"},"content":{"rendered":"<p>R\u0131fat Ilgaz, Nasrettin Hoca f\u0131kralar\u0131n\u0131 \u00e7a\u011fda\u015f bir yakla\u015f\u0131mla ve kendi mizah anlay\u0131\u015f\u0131yla yeniden yaz\u0131yor. \u201cPasif direnme yapmak, ezilmi\u015fli\u011fini unutmak, dar zamanlar\u0131n\u0131 kazas\u0131z belas\u0131z ge\u00e7i\u015ftirmek zorunda kalan halk\u0131m\u0131z, Hocas\u0131na s\u0131k s\u0131k ba\u015fvurmak yolunu tutmu\u015ftur. Bug\u00fcnlerde ona gene s\u0131k s\u0131k ba\u015fvuruyorsak, i\u015flerin yolunda gitmedi\u011fini, haks\u0131zl\u0131klar\u0131n, bask\u0131lar\u0131n artt\u0131\u011f\u0131n\u0131 s\u00f6yleyebiliriz a\u00e7\u0131k\u00e7a. Hem davac\u0131ya, hem daval\u0131ya, hem de kendisini ele\u015ftiren kar\u0131s\u0131na hak vermekle kendi adalet anlay\u0131\u015f\u0131n\u0131 a\u00e7\u0131klamak de\u011fildir \u00f6ng\u00f6rd\u00fc\u011f\u00fc\u2026 Her \u015feyi tatl\u0131ya ba\u011flamaya \u00e7al\u0131\u015fan y\u00f6neticileri, \u00e7\u0131karc\u0131lar\u0131, eyyamc\u0131lar\u0131, dalkavuklar\u0131 yere vurmakt\u0131r amac\u0131. Hoca bu yerden yere vurma i\u015fini kahramanlar gibi zor kullanarak, bedensel g\u00fcc\u00fcn\u00fc g\u00f6stererek yapmaz, filozof\u00e7a yapar. G\u00fc\u00e7s\u00fczler, arkas\u0131z kalanlar onun f\u0131kralar\u0131na s\u0131\u011f\u0131narak g\u00fc\u00e7l\u00fc g\u00f6r\u00fcnmeye, ayakta kalmaya, tutunmaya, ya\u015fay\u0131\u015flar\u0131n\u0131 s\u00fcrd\u00fcrmeye \u00e7al\u0131\u015f\u0131rlar.\u201d <\/p>\n","protected":false},"excerpt":{"rendered":"<p>R\u0131fat Ilgaz, Nasrettin Hoca f\u0131kralar\u0131n\u0131 \u00e7a\u011fda\u015f bir yakla\u015f\u0131mla ve kendi mizah anlay\u0131\u015f\u0131yla yeniden yaz\u0131yor. \u201cPasif direnme yapmak, ezilmi\u015fli\u011fini unutmak, dar zamanlar\u0131n\u0131 kazas\u0131z belas\u0131z ge\u00e7i\u015ftirmek zorunda kalan<span class=\"excerpt-hellip\"> [\u2026]<\/span><\/p>\n","protected":false},"featured_media":0,"template":"","meta":{"_monsterinsights_skip_tracking":false,"_monsterinsights_sitenote_active":false,"_monsterinsights_sitenote_note":"","_monsterinsights_sitenote_category":0},"product_brand":[],"product_cat":[12291,14825],"product_tag":[],"class_list":{"0":"post-710002","1":"product","2":"type-product","3":"status-publish","5":"product_cat-edebiyat","6":"product_cat-mizah","7":"pa_cilt-ciltsiz","8":"pa_tur-kitap","9":"pa_yayinevi-cinar-yayinlari","10":"pa_yazar-rifat-ilgaz","12":"first","13":"instock","14":"sale","15":"shipping-taxable","16":"purchasable","17":"product-type-simple"},"_links":{"self":[{"href":"https:\/\/roveyayinevi.com.tr\/index.php\/wp-json\/wp\/v2\/product\/710002","targetHints":{"allow":["GET"]}}],"collection":[{"href":"https:\/\/roveyayinevi.com.tr\/index.php\/wp-json\/wp\/v2\/product"}],"about":[{"href":"https:\/\/roveyayinevi.com.tr\/index.php\/wp-json\/wp\/v2\/types\/product"}],"wp:attachment":[{"href":"https:\/\/roveyayinevi.com.tr\/index.php\/wp-json\/wp\/v2\/media?parent=710002"}],"wp:term":[{"taxonomy":"product_brand","embeddable":true,"href":"https:\/\/roveyayinevi.com.tr\/index.php\/wp-json\/wp\/v2\/product_brand?post=710002"},{"taxonomy":"product_cat","embeddable":true,"href":"https:\/\/roveyayinevi.com.tr\/index.php\/wp-json\/wp\/v2\/product_cat?post=710002"},{"taxonomy":"product_tag","embeddable":true,"href":"https:\/\/roveyayinevi.com.tr\/index.php\/wp-json\/wp\/v2\/product_tag?post=710002"}],"curies":[{"name":"wp","href":"https:\/\/api.w.org\/{rel}","templated":true}]}}