{"id":710000,"date":"2025-08-27T16:31:33","date_gmt":"2025-08-27T13:31:33","guid":{"rendered":"https:\/\/roveyayinevi.com.tr\/index.php\/urun\/orffestra\/"},"modified":"2026-04-16T02:18:48","modified_gmt":"2026-04-15T23:18:48","slug":"orffestra","status":"publish","type":"product","link":"https:\/\/roveyayinevi.com.tr\/index.php\/urun\/orffestra\/","title":{"rendered":"Orffestra"},"content":{"rendered":"<p>Kendi k\u00fclt\u00fcrel zenginli\u011fimizin izlerini bu evrensel yakla\u015f\u0131m ile bir araya getirerek, birikimlerimizi sizlerle payla\u015fmak, yap\u0131lan bu ilk \u00e7al\u0131\u015fmayla bir yol a\u00e7mak istedik.Kitab\u0131n i\u00e7eri\u011fini haz\u0131rlarken bizler i\u00e7in \u201celementer\u201d olan k\u00fclt\u00fcrel potansiyellerimizi, M\u00fczik-Oyun-Hareket \u00e7al\u0131\u015fmalar\u0131 ile bir araya getirdik. Ya\u015fad\u0131\u011f\u0131m\u0131z k\u00fclt\u00fcr i\u00e7inde do\u011fdu\u011fumuz andan itibaren kula\u011f\u0131m\u0131zda t\u0131nlayan melodik ve ritmik d\u00fczen, makamsal m\u00fczik, enstr\u00fcmanlar bu kitapta Orff-Schulwerk Elementer M\u00fczik ve Hareket Pedagojisine uygun olarak planlanm\u0131\u015f ders ak\u0131\u015flar\u0131 h\u00e2line geldi.<\/p>\n","protected":false},"excerpt":{"rendered":"<p>Kendi k\u00fclt\u00fcrel zenginli\u011fimizin izlerini bu evrensel yakla\u015f\u0131m ile bir araya getirerek, birikimlerimizi sizlerle payla\u015fmak, yap\u0131lan bu ilk \u00e7al\u0131\u015fmayla bir yol a\u00e7mak istedik.Kitab\u0131n i\u00e7eri\u011fini haz\u0131rlarken bizler i\u00e7in<span class=\"excerpt-hellip\"> [\u2026]<\/span><\/p>\n","protected":false},"featured_media":0,"template":"","meta":{"_monsterinsights_skip_tracking":false,"_monsterinsights_sitenote_active":false,"_monsterinsights_sitenote_note":"","_monsterinsights_sitenote_category":0},"product_brand":[],"product_cat":[14556,20810],"product_tag":[],"class_list":{"0":"post-710000","1":"product","2":"type-product","3":"status-publish","5":"product_cat-muzik","6":"product_cat-ogrenim-kitaplari","7":"pa_cilt-ciltsiz","8":"pa_tur-kitap","9":"pa_yayinevi-egiten-kitap","10":"pa_yazar-komisyon","12":"first","13":"instock","14":"sale","15":"shipping-taxable","16":"purchasable","17":"product-type-simple"},"_links":{"self":[{"href":"https:\/\/roveyayinevi.com.tr\/index.php\/wp-json\/wp\/v2\/product\/710000","targetHints":{"allow":["GET"]}}],"collection":[{"href":"https:\/\/roveyayinevi.com.tr\/index.php\/wp-json\/wp\/v2\/product"}],"about":[{"href":"https:\/\/roveyayinevi.com.tr\/index.php\/wp-json\/wp\/v2\/types\/product"}],"wp:attachment":[{"href":"https:\/\/roveyayinevi.com.tr\/index.php\/wp-json\/wp\/v2\/media?parent=710000"}],"wp:term":[{"taxonomy":"product_brand","embeddable":true,"href":"https:\/\/roveyayinevi.com.tr\/index.php\/wp-json\/wp\/v2\/product_brand?post=710000"},{"taxonomy":"product_cat","embeddable":true,"href":"https:\/\/roveyayinevi.com.tr\/index.php\/wp-json\/wp\/v2\/product_cat?post=710000"},{"taxonomy":"product_tag","embeddable":true,"href":"https:\/\/roveyayinevi.com.tr\/index.php\/wp-json\/wp\/v2\/product_tag?post=710000"}],"curies":[{"name":"wp","href":"https:\/\/api.w.org\/{rel}","templated":true}]}}