{"id":709996,"date":"2025-08-27T16:31:31","date_gmt":"2025-08-27T13:31:31","guid":{"rendered":"https:\/\/roveyayinevi.com.tr\/index.php\/urun\/golem\/"},"modified":"2026-04-16T02:18:48","modified_gmt":"2026-04-15T23:18:48","slug":"golem","status":"publish","type":"product","link":"https:\/\/roveyayinevi.com.tr\/index.php\/urun\/golem\/","title":{"rendered":"Golem"},"content":{"rendered":"<p>19. y\u00fczy\u0131l sonlar\u0131: Prag, Yahudi Mahallesi. K\u0131ymetli ta\u015f kesim ustas\u0131 Athanasius Pernath gizemli bir ziyaret\u00e7inin ard\u0131ndan farkl\u0131 evrelerde, tuhaf sanr\u0131lar aras\u0131nda hep ayn\u0131 ki\u015fiyi g\u00f6r\u00fcr. Yoksa 33 y\u0131lda bir Yahudi Mahallesi\u2019nde ortaya \u00e7\u0131kt\u0131\u011f\u0131 s\u00f6ylenen efsanevi yarat\u0131k Golem\u2019le mi kar\u015f\u0131la\u015fm\u0131\u015ft\u0131r? Bu kar\u015f\u0131la\u015fman\u0131n ard\u0131ndan ya\u015fant\u0131s\u0131 alt\u00fcst olan Pernath, entrikalar, esrarl\u0131 olaylar, g\u00f6lge benlikler, sanr\u0131larla \u00f6r\u00fcl\u00fc bir a\u011f\u0131n i\u00e7inde hareket ederken, bir yandan da kendi benli\u011finin o \u00e2na dek fark\u0131na varmad\u0131\u011f\u0131 katmanlar\u0131n\u0131 ke\u015ffeder.  Gustav Meyrink\u2019in fantastik edebiyat\u0131n klasikleri aras\u0131nda yerini alan eseri Golem, ge\u00e7mi\u015f ve gelecek, bilin\u00e7 ve bilin\u00e7 d\u0131\u015f\u0131, ger\u00e7eklik ve d\u00fc\u015f, ruh ve beden, nesneler d\u00fcnyas\u0131 ve metafizik evren katmanlar\u0131n\u0131n giderek i\u00e7 i\u00e7e ge\u00e7ti\u011fi, tekinsizli\u011fin her sat\u0131ra ustaca i\u015flendi\u011fi bir ba\u015fyap\u0131t. <\/p>\n","protected":false},"excerpt":{"rendered":"<p>19. y\u00fczy\u0131l sonlar\u0131: Prag, Yahudi Mahallesi. K\u0131ymetli ta\u015f kesim ustas\u0131 Athanasius Pernath gizemli bir ziyaret\u00e7inin ard\u0131ndan farkl\u0131 evrelerde, tuhaf sanr\u0131lar aras\u0131nda hep ayn\u0131 ki\u015fiyi g\u00f6r\u00fcr. Yoksa<span class=\"excerpt-hellip\"> [\u2026]<\/span><\/p>\n","protected":false},"featured_media":0,"template":"","meta":{"_monsterinsights_skip_tracking":false,"_monsterinsights_sitenote_active":false,"_monsterinsights_sitenote_note":"","_monsterinsights_sitenote_category":0},"product_brand":[],"product_cat":[12291,12711],"product_tag":[],"class_list":{"0":"post-709996","1":"product","2":"type-product","3":"status-publish","5":"product_cat-edebiyat","6":"product_cat-roman-oyku","7":"pa_cilt-ciltsiz","8":"pa_tur-kitap","9":"pa_yayinevi-can-yayinlari","10":"pa_yazar-gustav-meyrink","12":"first","13":"instock","14":"sale","15":"shipping-taxable","16":"purchasable","17":"product-type-simple"},"_links":{"self":[{"href":"https:\/\/roveyayinevi.com.tr\/index.php\/wp-json\/wp\/v2\/product\/709996","targetHints":{"allow":["GET"]}}],"collection":[{"href":"https:\/\/roveyayinevi.com.tr\/index.php\/wp-json\/wp\/v2\/product"}],"about":[{"href":"https:\/\/roveyayinevi.com.tr\/index.php\/wp-json\/wp\/v2\/types\/product"}],"wp:attachment":[{"href":"https:\/\/roveyayinevi.com.tr\/index.php\/wp-json\/wp\/v2\/media?parent=709996"}],"wp:term":[{"taxonomy":"product_brand","embeddable":true,"href":"https:\/\/roveyayinevi.com.tr\/index.php\/wp-json\/wp\/v2\/product_brand?post=709996"},{"taxonomy":"product_cat","embeddable":true,"href":"https:\/\/roveyayinevi.com.tr\/index.php\/wp-json\/wp\/v2\/product_cat?post=709996"},{"taxonomy":"product_tag","embeddable":true,"href":"https:\/\/roveyayinevi.com.tr\/index.php\/wp-json\/wp\/v2\/product_tag?post=709996"}],"curies":[{"name":"wp","href":"https:\/\/api.w.org\/{rel}","templated":true}]}}