{"id":709991,"date":"2025-08-27T16:31:28","date_gmt":"2025-08-27T13:31:28","guid":{"rendered":"https:\/\/roveyayinevi.com.tr\/index.php\/urun\/deniz-mavisi-dusler\/"},"modified":"2026-04-16T02:18:48","modified_gmt":"2026-04-15T23:18:48","slug":"deniz-mavisi-dusler","status":"publish","type":"product","link":"https:\/\/roveyayinevi.com.tr\/index.php\/urun\/deniz-mavisi-dusler\/","title":{"rendered":"Deniz Mavisi D\u00fc\u015fler"},"content":{"rendered":"<p>bak ! h\u00fcz\u00fcn \u00e7\u00f6k\u00fcyor ak\u015fam\u0131n \u00fczerine hadi,cam kenar\u0131 bak\u0131\u015flar\u0131ma sin ! denize d\u00fc\u015fen c\u00fcmlelerimde y\u00fcz ! birbirini tamamlayan iki hecede cem et bizi ! \u00e7\u00fcnk\u00fc: ben \u0131slak bir g\u00f6zya\u015f\u0131,   sen sevdaya a\u00e7 mavi bir kelebek gibisin. <\/p>\n","protected":false},"excerpt":{"rendered":"<p>bak ! h\u00fcz\u00fcn \u00e7\u00f6k\u00fcyor ak\u015fam\u0131n \u00fczerine hadi,cam kenar\u0131 bak\u0131\u015flar\u0131ma sin ! denize d\u00fc\u015fen c\u00fcmlelerimde y\u00fcz ! birbirini tamamlayan iki hecede cem et bizi ! \u00e7\u00fcnk\u00fc: ben<span class=\"excerpt-hellip\"> [\u2026]<\/span><\/p>\n","protected":false},"featured_media":0,"template":"","meta":{"_monsterinsights_skip_tracking":false,"_monsterinsights_sitenote_active":false,"_monsterinsights_sitenote_note":"","_monsterinsights_sitenote_category":0},"product_brand":[],"product_cat":[12291,12509],"product_tag":[],"class_list":{"0":"post-709991","1":"product","2":"type-product","3":"status-publish","5":"product_cat-edebiyat","6":"product_cat-siir","7":"pa_cilt-ciltsiz","8":"pa_tur-kitap","9":"pa_yayinevi-ayata-kitap","10":"pa_yazar-suleyman-altunbas","12":"first","13":"instock","14":"sale","15":"shipping-taxable","16":"purchasable","17":"product-type-simple"},"_links":{"self":[{"href":"https:\/\/roveyayinevi.com.tr\/index.php\/wp-json\/wp\/v2\/product\/709991","targetHints":{"allow":["GET"]}}],"collection":[{"href":"https:\/\/roveyayinevi.com.tr\/index.php\/wp-json\/wp\/v2\/product"}],"about":[{"href":"https:\/\/roveyayinevi.com.tr\/index.php\/wp-json\/wp\/v2\/types\/product"}],"wp:attachment":[{"href":"https:\/\/roveyayinevi.com.tr\/index.php\/wp-json\/wp\/v2\/media?parent=709991"}],"wp:term":[{"taxonomy":"product_brand","embeddable":true,"href":"https:\/\/roveyayinevi.com.tr\/index.php\/wp-json\/wp\/v2\/product_brand?post=709991"},{"taxonomy":"product_cat","embeddable":true,"href":"https:\/\/roveyayinevi.com.tr\/index.php\/wp-json\/wp\/v2\/product_cat?post=709991"},{"taxonomy":"product_tag","embeddable":true,"href":"https:\/\/roveyayinevi.com.tr\/index.php\/wp-json\/wp\/v2\/product_tag?post=709991"}],"curies":[{"name":"wp","href":"https:\/\/api.w.org\/{rel}","templated":true}]}}