{"id":709990,"date":"2025-08-27T16:31:27","date_gmt":"2025-08-27T13:31:27","guid":{"rendered":"https:\/\/roveyayinevi.com.tr\/index.php\/urun\/gece-yalnizliklarim\/"},"modified":"2026-04-16T02:18:48","modified_gmt":"2026-04-15T23:18:48","slug":"gece-yalnizliklarim","status":"publish","type":"product","link":"https:\/\/roveyayinevi.com.tr\/index.php\/urun\/gece-yalnizliklarim\/","title":{"rendered":"Gece Yaln\u0131zl\u0131klar\u0131m"},"content":{"rendered":"<p>\u201cHayat gibi kayd\u0131n parmaklar\u0131m\u0131n aras\u0131ndan Seyirci kald\u0131m gidi\u015fine. \u015eakac\u0131 baharlar gibi aldatt\u0131n i\u00e7imin erik a\u011fac\u0131n\u0131. Soldurdun bay\u0131rlar\u0131mdaki gelinciklerimi. Gidi\u015finle sakl\u0131 bir kentte ate\u015fe verdin g\u00fcl\u00fcmseyen papatyalar\u0131m\u0131. D\u00fc\u015f k\u0131r\u0131kl\u0131\u011f\u0131na oturdum l\u00e2civertin s\u0131r\u0131t\u0131\u015flar\u0131nda. G\u00fcn, d\u00fcnde kal\u0131rken, ayr\u0131l\u0131\u011f\u0131n s\u0131z\u0131s\u0131 bug\u00fcne sarkt\u0131 pencere kenarlar\u0131nda. Gittin ve sard\u0131n Sensizli\u011fi boynuma bir atk\u0131 gibi. Yasl\u0131 bir bulut gelip, yaslan\u0131yor \u015fimdi kahverengi g\u00f6zlerime. Kopuyor zihnin tel\u00e2\u015f\u0131yla \u00e2sumandan ya\u011fmurlar. Mavi bir ate\u015f tutu\u015fturuyor t\u00fclden n\u00e2rin kanatlar\u0131m\u0131. Binlerce fig\u00e2n ba\u015f kald\u0131r\u0131yor bir l\u00e2hzada tenimde.\u201d <\/p>\n","protected":false},"excerpt":{"rendered":"<p>\u201cHayat gibi kayd\u0131n parmaklar\u0131m\u0131n aras\u0131ndan Seyirci kald\u0131m gidi\u015fine. \u015eakac\u0131 baharlar gibi aldatt\u0131n i\u00e7imin erik a\u011fac\u0131n\u0131. Soldurdun bay\u0131rlar\u0131mdaki gelinciklerimi. Gidi\u015finle sakl\u0131 bir kentte ate\u015fe verdin g\u00fcl\u00fcmseyen papatyalar\u0131m\u0131.<span class=\"excerpt-hellip\"> [\u2026]<\/span><\/p>\n","protected":false},"featured_media":0,"template":"","meta":{"_monsterinsights_skip_tracking":false,"_monsterinsights_sitenote_active":false,"_monsterinsights_sitenote_note":"","_monsterinsights_sitenote_category":0},"product_brand":[],"product_cat":[12777,12291],"product_tag":[],"class_list":{"0":"post-709990","1":"product","2":"type-product","3":"status-publish","5":"product_cat-deneme","6":"product_cat-edebiyat","7":"pa_cilt-ciltsiz","8":"pa_tur-kitap","9":"pa_yayinevi-ayata-kitap","10":"pa_yazar-suleyman-altunbas","12":"first","13":"instock","14":"sale","15":"shipping-taxable","16":"purchasable","17":"product-type-simple"},"_links":{"self":[{"href":"https:\/\/roveyayinevi.com.tr\/index.php\/wp-json\/wp\/v2\/product\/709990","targetHints":{"allow":["GET"]}}],"collection":[{"href":"https:\/\/roveyayinevi.com.tr\/index.php\/wp-json\/wp\/v2\/product"}],"about":[{"href":"https:\/\/roveyayinevi.com.tr\/index.php\/wp-json\/wp\/v2\/types\/product"}],"wp:attachment":[{"href":"https:\/\/roveyayinevi.com.tr\/index.php\/wp-json\/wp\/v2\/media?parent=709990"}],"wp:term":[{"taxonomy":"product_brand","embeddable":true,"href":"https:\/\/roveyayinevi.com.tr\/index.php\/wp-json\/wp\/v2\/product_brand?post=709990"},{"taxonomy":"product_cat","embeddable":true,"href":"https:\/\/roveyayinevi.com.tr\/index.php\/wp-json\/wp\/v2\/product_cat?post=709990"},{"taxonomy":"product_tag","embeddable":true,"href":"https:\/\/roveyayinevi.com.tr\/index.php\/wp-json\/wp\/v2\/product_tag?post=709990"}],"curies":[{"name":"wp","href":"https:\/\/api.w.org\/{rel}","templated":true}]}}