{"id":709989,"date":"2025-08-27T16:31:27","date_gmt":"2025-08-27T13:31:27","guid":{"rendered":"https:\/\/roveyayinevi.com.tr\/index.php\/urun\/mumu-sondurdum\/"},"modified":"2026-04-16T02:18:48","modified_gmt":"2026-04-15T23:18:48","slug":"mumu-sondurdum","status":"publish","type":"product","link":"https:\/\/roveyayinevi.com.tr\/index.php\/urun\/mumu-sondurdum\/","title":{"rendered":"Mumu S\u00f6nd\u00fcrd\u00fcm"},"content":{"rendered":"<p>Bir hikaye yaz\u0131yorum, korkusuzca. Kalemim ka\u011f\u0131da her dokundu\u011funda \u201csen\u201d d\u00f6k\u00fcl\u00fcyorsun&#8230; Mevsimi yok hikayemin, olaylar\u0131n ak\u0131\u015f\u0131na g\u00f6re g\u00f6n\u00fcl, yaz\u0131da ya\u015f\u0131yor k\u0131\u015f\u0131da&#8230; *Hikayemin ba\u015f\u0131n\u0131 \u201csen\u201d olu\u015fturdun, sonunu ise \u201csensizlik\u201d ad\u0131 alt\u0131nda yine \u201cSEN\u201d&#8230; <\/p>\n","protected":false},"excerpt":{"rendered":"<p>Bir hikaye yaz\u0131yorum, korkusuzca. Kalemim ka\u011f\u0131da her dokundu\u011funda \u201csen\u201d d\u00f6k\u00fcl\u00fcyorsun&#8230; Mevsimi yok hikayemin, olaylar\u0131n ak\u0131\u015f\u0131na g\u00f6re g\u00f6n\u00fcl, yaz\u0131da ya\u015f\u0131yor k\u0131\u015f\u0131da&#8230; *Hikayemin ba\u015f\u0131n\u0131 \u201csen\u201d olu\u015fturdun, sonunu ise<span class=\"excerpt-hellip\"> [\u2026]<\/span><\/p>\n","protected":false},"featured_media":0,"template":"","meta":{"_monsterinsights_skip_tracking":false,"_monsterinsights_sitenote_active":false,"_monsterinsights_sitenote_note":"","_monsterinsights_sitenote_category":0},"product_brand":[],"product_cat":[12291,12711],"product_tag":[],"class_list":{"0":"post-709989","1":"product","2":"type-product","3":"status-publish","5":"product_cat-edebiyat","6":"product_cat-roman-oyku","7":"pa_cilt-ciltsiz","8":"pa_tur-kitap","9":"pa_yayinevi-ayata-kitap","10":"pa_yazar-ismahan-ceribasi","12":"first","13":"instock","14":"sale","15":"shipping-taxable","16":"purchasable","17":"product-type-simple"},"_links":{"self":[{"href":"https:\/\/roveyayinevi.com.tr\/index.php\/wp-json\/wp\/v2\/product\/709989","targetHints":{"allow":["GET"]}}],"collection":[{"href":"https:\/\/roveyayinevi.com.tr\/index.php\/wp-json\/wp\/v2\/product"}],"about":[{"href":"https:\/\/roveyayinevi.com.tr\/index.php\/wp-json\/wp\/v2\/types\/product"}],"wp:attachment":[{"href":"https:\/\/roveyayinevi.com.tr\/index.php\/wp-json\/wp\/v2\/media?parent=709989"}],"wp:term":[{"taxonomy":"product_brand","embeddable":true,"href":"https:\/\/roveyayinevi.com.tr\/index.php\/wp-json\/wp\/v2\/product_brand?post=709989"},{"taxonomy":"product_cat","embeddable":true,"href":"https:\/\/roveyayinevi.com.tr\/index.php\/wp-json\/wp\/v2\/product_cat?post=709989"},{"taxonomy":"product_tag","embeddable":true,"href":"https:\/\/roveyayinevi.com.tr\/index.php\/wp-json\/wp\/v2\/product_tag?post=709989"}],"curies":[{"name":"wp","href":"https:\/\/api.w.org\/{rel}","templated":true}]}}