{"id":709988,"date":"2025-08-27T16:31:26","date_gmt":"2025-08-27T13:31:26","guid":{"rendered":"https:\/\/roveyayinevi.com.tr\/index.php\/urun\/kavga-butun-eserleri-4\/"},"modified":"2026-04-16T02:18:48","modified_gmt":"2026-04-15T23:18:48","slug":"kavga-butun-eserleri-4","status":"publish","type":"product","link":"https:\/\/roveyayinevi.com.tr\/index.php\/urun\/kavga-butun-eserleri-4\/","title":{"rendered":"Kavga &#8211; B\u00fct\u00fcn Eserleri 4"},"content":{"rendered":"<p>2006 y\u0131l\u0131nda aram\u0131zdan ayr\u0131lan edebiyat\u0131m\u0131z\u0131n \u00f6nemli ismi Muzaffer Buyruk\u00e7u\u2019nun b\u00fct\u00fcn eserleri K\u0131rm\u0131z\u0131 Kedi\u2019de. Sait Faik, Yunus Nadi ve Haldun Taner gibi \u00f6nemli edebiyat \u00f6d\u00fcllerini kazanan Buyruk\u00e7u\u2019nun, i\u015f\u00e7ilerin ve i\u015fsizlerin, serserilerin ve kabaday\u0131lar\u0131n, ev kad\u0131nlar\u0131n\u0131n ve fahi\u015felerin, sakatlar\u0131n ve delilerin, toplumda ve hatta edebiyatta pek g\u00f6r\u00fcnmeyen insanlar\u0131n \u00f6yk\u00fclerini anlatmadaki ustal\u0131\u011f\u0131, yak\u0131ndan tan\u0131d\u0131\u011f\u0131 karakterleri ve \u00f6yk\u00fclerini son derece \u00f6zg\u00fcn bir \u00fcslupla kurgulamas\u0131nda yatar. Sait Faik Hik\u00e2ye Arma\u011fan\u0131\u2019n\u0131 kazanan Kavga kitab\u0131 Muzaffer Buyruk\u00e7u\u2019nun edebiyat d\u00fcnyas\u0131ndaki yerini sa\u011flamla\u015ft\u0131rm\u0131\u015f yap\u0131 ta\u015flar\u0131ndan biri. Kapitalizmin ve feodalite kal\u0131nt\u0131lar\u0131yla i\u00e7 i\u00e7e ge\u00e7mi\u015f burjuva d\u00fczeninin \u00e7ark\u0131nda d\u00f6nen k\u00fc\u00e7\u00fck insanlar\u0131n hayatlar\u0131na e\u011filir yazar. Kuyularda ve Cehennem\u2019de ise toplum sorunlar\u0131n\u0131, bireyle toplumun kayna\u015fmas\u0131 ve \u00e7at\u0131\u015fmas\u0131 a\u00e7\u0131s\u0131ndan yans\u0131t\u0131r. <\/p>\n","protected":false},"excerpt":{"rendered":"<p>2006 y\u0131l\u0131nda aram\u0131zdan ayr\u0131lan edebiyat\u0131m\u0131z\u0131n \u00f6nemli ismi Muzaffer Buyruk\u00e7u\u2019nun b\u00fct\u00fcn eserleri K\u0131rm\u0131z\u0131 Kedi\u2019de. Sait Faik, Yunus Nadi ve Haldun Taner gibi \u00f6nemli edebiyat \u00f6d\u00fcllerini kazanan Buyruk\u00e7u\u2019nun,<span class=\"excerpt-hellip\"> [\u2026]<\/span><\/p>\n","protected":false},"featured_media":0,"template":"","meta":{"_monsterinsights_skip_tracking":false,"_monsterinsights_sitenote_active":false,"_monsterinsights_sitenote_note":"","_monsterinsights_sitenote_category":0},"product_brand":[],"product_cat":[12291,12711],"product_tag":[],"class_list":{"0":"post-709988","1":"product","2":"type-product","3":"status-publish","5":"product_cat-edebiyat","6":"product_cat-roman-oyku","7":"pa_cilt-ciltsiz","8":"pa_tur-kitap","9":"pa_yayinevi-kirmizi-kedi-yayinevi","10":"pa_yazar-muzaffer-buyrukcu","12":"first","13":"instock","14":"sale","15":"shipping-taxable","16":"purchasable","17":"product-type-simple"},"_links":{"self":[{"href":"https:\/\/roveyayinevi.com.tr\/index.php\/wp-json\/wp\/v2\/product\/709988","targetHints":{"allow":["GET"]}}],"collection":[{"href":"https:\/\/roveyayinevi.com.tr\/index.php\/wp-json\/wp\/v2\/product"}],"about":[{"href":"https:\/\/roveyayinevi.com.tr\/index.php\/wp-json\/wp\/v2\/types\/product"}],"wp:attachment":[{"href":"https:\/\/roveyayinevi.com.tr\/index.php\/wp-json\/wp\/v2\/media?parent=709988"}],"wp:term":[{"taxonomy":"product_brand","embeddable":true,"href":"https:\/\/roveyayinevi.com.tr\/index.php\/wp-json\/wp\/v2\/product_brand?post=709988"},{"taxonomy":"product_cat","embeddable":true,"href":"https:\/\/roveyayinevi.com.tr\/index.php\/wp-json\/wp\/v2\/product_cat?post=709988"},{"taxonomy":"product_tag","embeddable":true,"href":"https:\/\/roveyayinevi.com.tr\/index.php\/wp-json\/wp\/v2\/product_tag?post=709988"}],"curies":[{"name":"wp","href":"https:\/\/api.w.org\/{rel}","templated":true}]}}