{"id":709985,"date":"2025-08-27T16:31:24","date_gmt":"2025-08-27T13:31:24","guid":{"rendered":"https:\/\/roveyayinevi.com.tr\/index.php\/urun\/don-kisot-istanbulda\/"},"modified":"2026-04-11T13:37:41","modified_gmt":"2026-04-11T10:37:41","slug":"don-kisot-istanbulda","status":"publish","type":"product","link":"https:\/\/roveyayinevi.com.tr\/index.php\/urun\/don-kisot-istanbulda\/","title":{"rendered":"Don Ki\u015fot \u0130stanbul&#8217;da"},"content":{"rendered":"<p>Kimdir Don Ki\u015fot? \u015e\u00f6valyeli\u011fini s\u00fcrd\u00fcrmek isteyen iyi niyetli bir \u00fcn budalas\u0131 m\u0131? Yoksa bir gelene\u011fi s\u00fcrd\u00fcrmek isteyen soylu, \u00fcst\u00fcn ki\u015fi mi? Hemen her \u00e7a\u011f\u0131n bir Don Ki\u015fot\u2019u \u00e7\u0131k\u0131p \u00fcn\u00fcn\u00fc s\u00fcrd\u00fcrmeye \u00e7al\u0131\u015f\u0131yor, ad\u0131n\u0131 belle\u011fimizin derinliklerine g\u00f6m\u00fcyor. Bizim de Don Ki\u015fotlar\u0131m\u0131z olmad\u0131 m\u0131? Bug\u00fcne kadar onlar\u0131n ne olduklar\u0131n\u0131 \u00e7\u00f6zemedik. Geldiler ge\u00e7tiler \u015fu \u0130stanbul\u2019dan. Y\u0131kt\u0131lar, yapt\u0131lar. R\u0131fat Ilgaz, toplumdaki z\u0131tl\u0131klar\u0131 g\u00f6stermenin en iyi yolu olarak g\u00f6rd\u00fc\u011f\u00fc mizah\u0131 bu kez de zengin hayal g\u00fcc\u00fcyle birle\u015ftirerek Don Ki\u015fot\u2019u \u0130stanbul sokaklar\u0131nda dola\u015ft\u0131r\u0131yor. Bize ger\u00e7ekleri Don Ki\u015fot\u2019un g\u00f6z\u00fcnden sunuyor. Acaba ger\u00e7ek Don Ki\u015fot kim? <\/p>\n","protected":false},"excerpt":{"rendered":"<p>Kimdir Don Ki\u015fot? \u015e\u00f6valyeli\u011fini s\u00fcrd\u00fcrmek isteyen iyi niyetli bir \u00fcn budalas\u0131 m\u0131? Yoksa bir gelene\u011fi s\u00fcrd\u00fcrmek isteyen soylu, \u00fcst\u00fcn ki\u015fi mi? Hemen her \u00e7a\u011f\u0131n bir Don<span class=\"excerpt-hellip\"> [\u2026]<\/span><\/p>\n","protected":false},"featured_media":0,"template":"","meta":{"_monsterinsights_skip_tracking":false,"_monsterinsights_sitenote_active":false,"_monsterinsights_sitenote_note":"","_monsterinsights_sitenote_category":0},"product_brand":[],"product_cat":[12291,12711],"product_tag":[],"class_list":{"0":"post-709985","1":"product","2":"type-product","3":"status-publish","5":"product_cat-edebiyat","6":"product_cat-roman-oyku","7":"pa_cilt-ciltsiz","8":"pa_tur-kitap","9":"pa_yayinevi-cinar-yayinlari","10":"pa_yazar-rifat-ilgaz","12":"first","13":"instock","14":"sale","15":"shipping-taxable","16":"purchasable","17":"product-type-simple"},"_links":{"self":[{"href":"https:\/\/roveyayinevi.com.tr\/index.php\/wp-json\/wp\/v2\/product\/709985","targetHints":{"allow":["GET"]}}],"collection":[{"href":"https:\/\/roveyayinevi.com.tr\/index.php\/wp-json\/wp\/v2\/product"}],"about":[{"href":"https:\/\/roveyayinevi.com.tr\/index.php\/wp-json\/wp\/v2\/types\/product"}],"wp:attachment":[{"href":"https:\/\/roveyayinevi.com.tr\/index.php\/wp-json\/wp\/v2\/media?parent=709985"}],"wp:term":[{"taxonomy":"product_brand","embeddable":true,"href":"https:\/\/roveyayinevi.com.tr\/index.php\/wp-json\/wp\/v2\/product_brand?post=709985"},{"taxonomy":"product_cat","embeddable":true,"href":"https:\/\/roveyayinevi.com.tr\/index.php\/wp-json\/wp\/v2\/product_cat?post=709985"},{"taxonomy":"product_tag","embeddable":true,"href":"https:\/\/roveyayinevi.com.tr\/index.php\/wp-json\/wp\/v2\/product_tag?post=709985"}],"curies":[{"name":"wp","href":"https:\/\/api.w.org\/{rel}","templated":true}]}}