{"id":709984,"date":"2025-08-27T16:31:24","date_gmt":"2025-08-27T13:31:24","guid":{"rendered":"https:\/\/roveyayinevi.com.tr\/index.php\/urun\/gorevimiz-alisveris\/"},"modified":"2026-04-16T02:18:48","modified_gmt":"2026-04-15T23:18:48","slug":"gorevimiz-alisveris","status":"publish","type":"product","link":"https:\/\/roveyayinevi.com.tr\/index.php\/urun\/gorevimiz-alisveris\/","title":{"rendered":"G\u00f6revimiz Al\u0131\u015fveri\u015f"},"content":{"rendered":"<p>Al\u0131\u015fveri\u015f uzman\u0131 Annie Valentine, televizyonda kendi \u00fcnl\u00fc moda program\u0131n\u0131 sunar. Ancak ba\u015far\u0131 yan\u0131nda bask\u0131 getirir.Annie \u00fcn\u00fcyle bar\u0131\u015f\u0131rken, ikiz bebeklerin bak\u0131m\u0131 erkek arkada\u015f\u0131 Ed\u2019e kal\u0131r. Annie\u2019nin \u00e7ocuklar\u0131 Lana ile Owen ve onlar\u0131n giderek bunayan b\u00fcy\u00fckannelerinin y\u00fck\u00fcne, eve tadilat i\u00e7in gelip ortal\u0131\u011f\u0131 sava\u015f alan\u0131na \u00e7eviren in\u015faat\u00e7\u0131lar da eklenince, Ed\u2019i toparlamak Annie\u2019ye d\u00fc\u015fer.Bunlar\u0131n \u00fcst\u00fcne, Annie\u2019nin hi\u00e7 beklemedi\u011fi bir anda hayat\u0131na tekrar giren eski bir tan\u0131d\u0131\u011f\u0131, onu hayattaki t\u00fcm arzular\u0131 hakk\u0131nda tekrar d\u00fc\u015f\u00fcnmeye iter.Annie\u2019nin \u0131\u015f\u0131lt\u0131l\u0131 bir hayat i\u00e7in nelerle u\u011fra\u015ft\u0131\u011f\u0131n\u0131 merak ediyor musunuz? <\/p>\n","protected":false},"excerpt":{"rendered":"<p>Al\u0131\u015fveri\u015f uzman\u0131 Annie Valentine, televizyonda kendi \u00fcnl\u00fc moda program\u0131n\u0131 sunar. Ancak ba\u015far\u0131 yan\u0131nda bask\u0131 getirir.Annie \u00fcn\u00fcyle bar\u0131\u015f\u0131rken, ikiz bebeklerin bak\u0131m\u0131 erkek arkada\u015f\u0131 Ed\u2019e kal\u0131r. Annie\u2019nin \u00e7ocuklar\u0131<span class=\"excerpt-hellip\"> [\u2026]<\/span><\/p>\n","protected":false},"featured_media":0,"template":"","meta":{"_monsterinsights_skip_tracking":false,"_monsterinsights_sitenote_active":false,"_monsterinsights_sitenote_note":"","_monsterinsights_sitenote_category":0},"product_brand":[],"product_cat":[12291,12711],"product_tag":[],"class_list":{"0":"post-709984","1":"product","2":"type-product","3":"status-publish","5":"product_cat-edebiyat","6":"product_cat-roman-oyku","7":"pa_cilt-ciltsiz","8":"pa_tur-kitap","9":"pa_yayinevi-epsilon-yayinlari","10":"pa_yazar-carmen-reid","12":"first","13":"instock","14":"sale","15":"shipping-taxable","16":"purchasable","17":"product-type-simple"},"_links":{"self":[{"href":"https:\/\/roveyayinevi.com.tr\/index.php\/wp-json\/wp\/v2\/product\/709984","targetHints":{"allow":["GET"]}}],"collection":[{"href":"https:\/\/roveyayinevi.com.tr\/index.php\/wp-json\/wp\/v2\/product"}],"about":[{"href":"https:\/\/roveyayinevi.com.tr\/index.php\/wp-json\/wp\/v2\/types\/product"}],"wp:attachment":[{"href":"https:\/\/roveyayinevi.com.tr\/index.php\/wp-json\/wp\/v2\/media?parent=709984"}],"wp:term":[{"taxonomy":"product_brand","embeddable":true,"href":"https:\/\/roveyayinevi.com.tr\/index.php\/wp-json\/wp\/v2\/product_brand?post=709984"},{"taxonomy":"product_cat","embeddable":true,"href":"https:\/\/roveyayinevi.com.tr\/index.php\/wp-json\/wp\/v2\/product_cat?post=709984"},{"taxonomy":"product_tag","embeddable":true,"href":"https:\/\/roveyayinevi.com.tr\/index.php\/wp-json\/wp\/v2\/product_tag?post=709984"}],"curies":[{"name":"wp","href":"https:\/\/api.w.org\/{rel}","templated":true}]}}