{"id":709974,"date":"2025-08-27T16:31:18","date_gmt":"2025-08-27T13:31:18","guid":{"rendered":"https:\/\/roveyayinevi.com.tr\/index.php\/urun\/gulliverin-gezileri-kisaltilmis-metin-100-temel-eser\/"},"modified":"2026-04-16T02:18:48","modified_gmt":"2026-04-15T23:18:48","slug":"gulliverin-gezileri-kisaltilmis-metin-100-temel-eser","status":"publish","type":"product","link":"https:\/\/roveyayinevi.com.tr\/index.php\/urun\/gulliverin-gezileri-kisaltilmis-metin-100-temel-eser\/","title":{"rendered":"Gulliver&#8217;in Gezileri (K\u0131salt\u0131lm\u0131\u015f Metin) 100 Temel Eser"},"content":{"rendered":"<p>Doktor Gulliver d\u00fcr\u00fcst, kendi h\u00e2linde bir adamd\u0131r ve ailesiyle sakin bir ya\u015fam s\u00fcrmekten ba\u015fka bir iste\u011fi yoktur. Ancak ge\u00e7im \u015fartlar\u0131n\u0131n zorlu\u011fu, onu gemilerde \u00e7al\u0131\u015fmaya y\u00f6neltir. Gulliver deniza\u015f\u0131r\u0131 seferler yapan gemilerde doktorluk yaparak d\u00fcnyay\u0131 dola\u015f\u0131r. G\u00fcn\u00fcn birinde korkun\u00e7 bir f\u0131rt\u0131na gemisini bat\u0131r\u0131r; Gulliver de kendini, her \u015feyin minicik oldu\u011fu tuhaf bir \u00fclkede bulur. Lilliput ad\u0131ndaki bu \u00fclkenin yerlileri bir dev oldu\u011funu d\u00fc\u015f\u00fcnerek onu esir al\u0131rlar. Bu \u00fclkeden can\u0131n\u0131 zor kurtaran Gulliver\u2019in ikinci gezisi ise daha tuhaf bir yere, devler \u00fclkesine olacakt\u0131r. Edebiyat tarihinin en ilgin\u00e7 maceralar\u0131n\u0131 sayarsak, Gulliver\u2019in Gezileri ilk s\u0131ralarda yer alacakt\u0131r. Her sayfas\u0131nda bizi \u015fa\u015f\u0131rtan, ne kadar tuhaf olursa olsun ger\u00e7eklik duygumuzu zedelemeyen bu eser, y\u00fczy\u0131llar sonra bile yeni yaz\u0131lm\u0131\u015f gibi heyecan vericidir. Milli E\u011fitim Bakanl\u0131\u011f\u0131\u2019n\u0131n \u0130lk\u00f6\u011fretim 100 Temel Eser listesinde yer alan bu kitapta Gulliver\u2019in 1. ve 2. seyahatleri yer almaktad\u0131r. <\/p>\n","protected":false},"excerpt":{"rendered":"<p>Doktor Gulliver d\u00fcr\u00fcst, kendi h\u00e2linde bir adamd\u0131r ve ailesiyle sakin bir ya\u015fam s\u00fcrmekten ba\u015fka bir iste\u011fi yoktur. Ancak ge\u00e7im \u015fartlar\u0131n\u0131n zorlu\u011fu, onu gemilerde \u00e7al\u0131\u015fmaya y\u00f6neltir. Gulliver<span class=\"excerpt-hellip\"> [\u2026]<\/span><\/p>\n","protected":false},"featured_media":0,"template":"","meta":{"_monsterinsights_skip_tracking":false,"_monsterinsights_sitenote_active":false,"_monsterinsights_sitenote_note":"","_monsterinsights_sitenote_category":0},"product_brand":[],"product_cat":[12274,12284],"product_tag":[],"class_list":{"0":"post-709974","1":"product","2":"type-product","3":"status-publish","5":"product_cat-cocuk-ve-genclik-kitaplari","6":"product_cat-hikayeler","7":"pa_cilt-ciltsiz","8":"pa_tur-kitap","9":"pa_yayinevi-is-bankasi-kultur-yayinlari","10":"pa_yazar-jonathan-swift","12":"first","13":"instock","14":"sale","15":"shipping-taxable","16":"purchasable","17":"product-type-simple"},"_links":{"self":[{"href":"https:\/\/roveyayinevi.com.tr\/index.php\/wp-json\/wp\/v2\/product\/709974","targetHints":{"allow":["GET"]}}],"collection":[{"href":"https:\/\/roveyayinevi.com.tr\/index.php\/wp-json\/wp\/v2\/product"}],"about":[{"href":"https:\/\/roveyayinevi.com.tr\/index.php\/wp-json\/wp\/v2\/types\/product"}],"wp:attachment":[{"href":"https:\/\/roveyayinevi.com.tr\/index.php\/wp-json\/wp\/v2\/media?parent=709974"}],"wp:term":[{"taxonomy":"product_brand","embeddable":true,"href":"https:\/\/roveyayinevi.com.tr\/index.php\/wp-json\/wp\/v2\/product_brand?post=709974"},{"taxonomy":"product_cat","embeddable":true,"href":"https:\/\/roveyayinevi.com.tr\/index.php\/wp-json\/wp\/v2\/product_cat?post=709974"},{"taxonomy":"product_tag","embeddable":true,"href":"https:\/\/roveyayinevi.com.tr\/index.php\/wp-json\/wp\/v2\/product_tag?post=709974"}],"curies":[{"name":"wp","href":"https:\/\/api.w.org\/{rel}","templated":true}]}}