{"id":709973,"date":"2025-08-27T16:31:17","date_gmt":"2025-08-27T13:31:17","guid":{"rendered":"https:\/\/roveyayinevi.com.tr\/index.php\/urun\/turk-ahsap-konut-mimarisi-17-19-yuzyillar\/"},"modified":"2026-04-16T02:18:48","modified_gmt":"2026-04-15T23:18:48","slug":"turk-ahsap-konut-mimarisi-17-19-yuzyillar","status":"publish","type":"product","link":"https:\/\/roveyayinevi.com.tr\/index.php\/urun\/turk-ahsap-konut-mimarisi-17-19-yuzyillar\/","title":{"rendered":"T\u00fcrk Ah\u015fap Konut Mimarisi  (17. &#8211; 19. Y\u00fczy\u0131llar)"},"content":{"rendered":"<p>Mek\u00e2n ile insan aras\u0131ndaki ili\u015fkinin \u00f6nc\u00fcl ve en \u00f6zel \u00fcr\u00fcn\u00fc olan \u201cev\u201d, mimarl\u0131k alan\u0131n\u0131n s\u0131n\u0131rlar\u0131n\u0131 \u00e7oktan a\u015farak geni\u015f bir disiplinler alan\u0131n\u0131n g\u00f6stergesi olarak benimsenmi\u015ftir. \u201cT\u00fcrk evi\u201d ise t\u00fcm \u00e7e\u015fitlili\u011fine, geni\u015f bir tarihi ve co\u011frafi alan\u0131 kapsam\u0131\u015f olmas\u0131na ra\u011fmen ancak 20. y\u00fczy\u0131ldan itibaren ara\u015ft\u0131rma konusu olmu\u015ftur. T\u00fcrk konut gelene\u011fi, temel d\u00fczenini ve \u00f6\u011felerin yerle\u015fimindeki \u00f6zg\u00fcnl\u00fc\u011f\u00fcn\u00fc y\u00fczy\u0131llarca korumu\u015ftur. Oda mek\u00e2n\u0131n\u0131n k\u00f6keninde, g\u00f6\u00e7er geleneklerinin varolu\u015f bi\u00e7imi yatar; ya\u015fam ve form i\u00e7 i\u00e7e ge\u00e7er. G\u00f6\u00e7er pragmatizm ve \u0130slam soyutlamas\u0131n\u0131n \u00f6rt\u00fc\u015fmesiyle zenginle\u015fen bu konut, Anadolu-T\u00fcrk toplumunun yerel \u00f6zelliklerini de yans\u0131t\u0131r. 16. y\u00fczy\u0131l\u0131n ikinci yar\u0131s\u0131nda Osmanl\u0131 egemenli\u011finin sa\u011flamla\u015fmas\u0131yla doruk noktas\u0131na ula\u015farak \u201chayatl\u0131 ev\u201dde \u00f6zg\u00fcn ifadesini bulur.T\u00fcrk evi, be\u015f y\u00fcz y\u0131ld\u0131r seyahatnamelere, grav\u00fcr ve resimlere konu edilerek betimlenmi\u015f olmas\u0131na kar\u015f\u0131n \u00f6zellikle ah\u015fap olan yap\u0131 malzemelerinin k\u0131s\u0131tl\u0131 \u00f6mr\u00fc, bu mimariyi t\u00fcm detaylar\u0131yla inceleyecek yeterlilikte veri b\u0131rakmam\u0131\u015ft\u0131r. T\u00fcrk ah\u015fap konut mimarisinin, kapsaml\u0131 bir tarih ara\u015ft\u0131rmas\u0131 ve derinlemesine bir kuramsal yakla\u015f\u0131mla de\u011ferlendirilmeye \u00e7al\u0131\u015f\u0131ld\u0131\u011f\u0131 bu kitapla, evrensel mimarl\u0131k tarihinde hak etti\u011fi konuma ve de\u011fere ula\u015fmas\u0131n\u0131 diliyoruz.<\/p>\n","protected":false},"excerpt":{"rendered":"<p>Mek\u00e2n ile insan aras\u0131ndaki ili\u015fkinin \u00f6nc\u00fcl ve en \u00f6zel \u00fcr\u00fcn\u00fc olan \u201cev\u201d, mimarl\u0131k alan\u0131n\u0131n s\u0131n\u0131rlar\u0131n\u0131 \u00e7oktan a\u015farak geni\u015f bir disiplinler alan\u0131n\u0131n g\u00f6stergesi olarak benimsenmi\u015ftir. \u201cT\u00fcrk evi\u201d<span class=\"excerpt-hellip\"> [\u2026]<\/span><\/p>\n","protected":false},"featured_media":0,"template":"","meta":{"_monsterinsights_skip_tracking":false,"_monsterinsights_sitenote_active":false,"_monsterinsights_sitenote_note":"","_monsterinsights_sitenote_category":0},"product_brand":[],"product_cat":[13512,12408],"product_tag":[],"class_list":{"0":"post-709973","1":"product","2":"type-product","3":"status-publish","5":"product_cat-mimarlik","6":"product_cat-sanat","7":"pa_cilt-ciltsiz","8":"pa_tur-kitap","9":"pa_yayinevi-is-bankasi-kultur-yayinlari","10":"pa_yazar-dogan-kuban","12":"first","13":"instock","14":"sale","15":"shipping-taxable","16":"purchasable","17":"product-type-simple"},"_links":{"self":[{"href":"https:\/\/roveyayinevi.com.tr\/index.php\/wp-json\/wp\/v2\/product\/709973","targetHints":{"allow":["GET"]}}],"collection":[{"href":"https:\/\/roveyayinevi.com.tr\/index.php\/wp-json\/wp\/v2\/product"}],"about":[{"href":"https:\/\/roveyayinevi.com.tr\/index.php\/wp-json\/wp\/v2\/types\/product"}],"wp:attachment":[{"href":"https:\/\/roveyayinevi.com.tr\/index.php\/wp-json\/wp\/v2\/media?parent=709973"}],"wp:term":[{"taxonomy":"product_brand","embeddable":true,"href":"https:\/\/roveyayinevi.com.tr\/index.php\/wp-json\/wp\/v2\/product_brand?post=709973"},{"taxonomy":"product_cat","embeddable":true,"href":"https:\/\/roveyayinevi.com.tr\/index.php\/wp-json\/wp\/v2\/product_cat?post=709973"},{"taxonomy":"product_tag","embeddable":true,"href":"https:\/\/roveyayinevi.com.tr\/index.php\/wp-json\/wp\/v2\/product_tag?post=709973"}],"curies":[{"name":"wp","href":"https:\/\/api.w.org\/{rel}","templated":true}]}}