{"id":709972,"date":"2025-08-27T16:31:17","date_gmt":"2025-08-27T13:31:17","guid":{"rendered":"https:\/\/roveyayinevi.com.tr\/index.php\/urun\/pinokyo-12\/"},"modified":"2026-04-16T02:18:48","modified_gmt":"2026-04-15T23:18:48","slug":"pinokyo-12","status":"publish","type":"product","link":"https:\/\/roveyayinevi.com.tr\/index.php\/urun\/pinokyo-12\/","title":{"rendered":"Pinokyo"},"content":{"rendered":"<p>Pinokyo, \u0130talyan edebiyat\u0131n\u0131n en ne\u015feli oldu\u011fu kadar en dokunakl\u0131 \u00f6yk\u00fclerinden biridir. Geppetto Usta\u2019n\u0131n konu\u015fan bir odun par\u00e7as\u0131ndan yapt\u0131\u011f\u0131 ve Pinokyo ad\u0131n\u0131 verdi\u011fi kukla, k\u00fc\u00e7\u00fck bir \u00e7ocu\u011fa d\u00f6n\u00fc\u015fmenin \u00f6zlemi i\u00e7indedir. Ancak bu y\u00fcr\u00fcyen ve konu\u015fan tahta \u00e7ocu\u011fun yaramazl\u0131\u011f\u0131 ba\u015f\u0131na olmad\u0131k i\u015fler a\u00e7ar ve kendini tan\u0131y\u0131p y\u00fcre\u011findeki arzuya kavu\u015fana dek bir dizi soluk kesen, zorlu maceradan ge\u00e7mesi gerekir. Carlo Collodi\u2019nin y\u00fcz y\u0131l\u0131 a\u015fk\u0131n bir s\u00fcredir d\u00fcnyan\u0131n d\u00f6rt bir yan\u0131nda bilinen ve sevilen bu yap\u0131t\u0131, b\u00fct\u00fcn zamanlar\u0131n en \u00e7ok okunan kitaplar\u0131ndand\u0131r. \ufffcTan\u0131t\u0131m Metni<\/p>\n","protected":false},"excerpt":{"rendered":"<p>Pinokyo, \u0130talyan edebiyat\u0131n\u0131n en ne\u015feli oldu\u011fu kadar en dokunakl\u0131 \u00f6yk\u00fclerinden biridir. Geppetto Usta\u2019n\u0131n konu\u015fan bir odun par\u00e7as\u0131ndan yapt\u0131\u011f\u0131 ve Pinokyo ad\u0131n\u0131 verdi\u011fi kukla, k\u00fc\u00e7\u00fck bir \u00e7ocu\u011fa<span class=\"excerpt-hellip\"> [\u2026]<\/span><\/p>\n","protected":false},"featured_media":0,"template":"","meta":{"_monsterinsights_skip_tracking":false,"_monsterinsights_sitenote_active":false,"_monsterinsights_sitenote_note":"","_monsterinsights_sitenote_category":0},"product_brand":[],"product_cat":[12291,14218],"product_tag":[],"class_list":{"0":"post-709972","1":"product","2":"type-product","3":"status-publish","5":"product_cat-edebiyat","6":"product_cat-italyan-edebiyati","7":"pa_cilt-ciltsiz","8":"pa_tur-kitap","9":"pa_yayinevi-is-bankasi-kultur-yayinlari","10":"pa_yazar-carlo-collodi","12":"first","13":"instock","14":"sale","15":"shipping-taxable","16":"purchasable","17":"product-type-simple"},"_links":{"self":[{"href":"https:\/\/roveyayinevi.com.tr\/index.php\/wp-json\/wp\/v2\/product\/709972","targetHints":{"allow":["GET"]}}],"collection":[{"href":"https:\/\/roveyayinevi.com.tr\/index.php\/wp-json\/wp\/v2\/product"}],"about":[{"href":"https:\/\/roveyayinevi.com.tr\/index.php\/wp-json\/wp\/v2\/types\/product"}],"wp:attachment":[{"href":"https:\/\/roveyayinevi.com.tr\/index.php\/wp-json\/wp\/v2\/media?parent=709972"}],"wp:term":[{"taxonomy":"product_brand","embeddable":true,"href":"https:\/\/roveyayinevi.com.tr\/index.php\/wp-json\/wp\/v2\/product_brand?post=709972"},{"taxonomy":"product_cat","embeddable":true,"href":"https:\/\/roveyayinevi.com.tr\/index.php\/wp-json\/wp\/v2\/product_cat?post=709972"},{"taxonomy":"product_tag","embeddable":true,"href":"https:\/\/roveyayinevi.com.tr\/index.php\/wp-json\/wp\/v2\/product_tag?post=709972"}],"curies":[{"name":"wp","href":"https:\/\/api.w.org\/{rel}","templated":true}]}}