{"id":709969,"date":"2025-08-27T16:31:15","date_gmt":"2025-08-27T13:31:15","guid":{"rendered":"https:\/\/roveyayinevi.com.tr\/index.php\/urun\/bilme-bulma-dunyasi\/"},"modified":"2026-04-16T02:18:47","modified_gmt":"2026-04-15T23:18:47","slug":"bilme-bulma-dunyasi","status":"publish","type":"product","link":"https:\/\/roveyayinevi.com.tr\/index.php\/urun\/bilme-bulma-dunyasi\/","title":{"rendered":"Bilme Bulma D\u00fcnyas\u0131"},"content":{"rendered":"<p>\u2018\u2019en \u00e7\u0131lg\u0131n bilmece ve bulmacalar\u2019\u2019 <\/p>\n","protected":false},"excerpt":{"rendered":"<p>\u2018\u2019en \u00e7\u0131lg\u0131n bilmece ve bulmacalar\u2019\u2019<\/p>\n","protected":false},"featured_media":0,"template":"","meta":{"_monsterinsights_skip_tracking":false,"_monsterinsights_sitenote_active":false,"_monsterinsights_sitenote_note":"","_monsterinsights_sitenote_category":0},"product_brand":[],"product_cat":[12492,12274],"product_tag":[],"class_list":{"0":"post-709969","1":"product","2":"type-product","3":"status-publish","5":"product_cat-bilmece-bulmaca","6":"product_cat-cocuk-ve-genclik-kitaplari","7":"pa_cilt-ciltsiz","8":"pa_tur-kitap","9":"pa_yayinevi-fark-yayinlari","10":"pa_yazar-mahsuni-farimaz","12":"first","13":"instock","14":"sale","15":"shipping-taxable","16":"purchasable","17":"product-type-simple"},"_links":{"self":[{"href":"https:\/\/roveyayinevi.com.tr\/index.php\/wp-json\/wp\/v2\/product\/709969","targetHints":{"allow":["GET"]}}],"collection":[{"href":"https:\/\/roveyayinevi.com.tr\/index.php\/wp-json\/wp\/v2\/product"}],"about":[{"href":"https:\/\/roveyayinevi.com.tr\/index.php\/wp-json\/wp\/v2\/types\/product"}],"wp:attachment":[{"href":"https:\/\/roveyayinevi.com.tr\/index.php\/wp-json\/wp\/v2\/media?parent=709969"}],"wp:term":[{"taxonomy":"product_brand","embeddable":true,"href":"https:\/\/roveyayinevi.com.tr\/index.php\/wp-json\/wp\/v2\/product_brand?post=709969"},{"taxonomy":"product_cat","embeddable":true,"href":"https:\/\/roveyayinevi.com.tr\/index.php\/wp-json\/wp\/v2\/product_cat?post=709969"},{"taxonomy":"product_tag","embeddable":true,"href":"https:\/\/roveyayinevi.com.tr\/index.php\/wp-json\/wp\/v2\/product_tag?post=709969"}],"curies":[{"name":"wp","href":"https:\/\/api.w.org\/{rel}","templated":true}]}}