{"id":709968,"date":"2025-08-27T16:31:14","date_gmt":"2025-08-27T13:31:14","guid":{"rendered":"https:\/\/roveyayinevi.com.tr\/index.php\/urun\/insaat-sahasinda-bir-yil\/"},"modified":"2026-04-16T02:18:47","modified_gmt":"2026-04-15T23:18:47","slug":"insaat-sahasinda-bir-yil","status":"publish","type":"product","link":"https:\/\/roveyayinevi.com.tr\/index.php\/urun\/insaat-sahasinda-bir-yil\/","title":{"rendered":"\u0130n\u015faat Sahas\u0131nda Bir Y\u0131l"},"content":{"rendered":"<p>Kamyonlar, kep\u00e7eler, greyderler, beton mikserleri ve vin\u00e7ler planl\u0131 bir \u015fekilde \u00e7al\u0131\u015f\u0131yor. Temeller kaz\u0131l\u0131yor, duvarlar yap\u0131l\u0131yor, yerlere fayans, plastik ve ah\u015fap malzeme d\u00f6\u015feniyor, \u00e7at\u0131lar yerle\u015ftiriliyor. Bina yapmak \u00e7ok say\u0131da uzman\u0131n bir arada \u00e7al\u0131\u015ft\u0131\u011f\u0131, proje ve program gerektiren bir i\u015ftir. Ayr\u0131nt\u0131l\u0131 resimler ve ilgi \u00e7ekici sahnelerle yeni okul binas\u0131n\u0131n yap\u0131m\u0131nda profesyonellerin \u00e7al\u0131\u015fmalar\u0131n\u0131 izleyebilir, \u015fa\u015f\u0131rt\u0131c\u0131 bir maceraya kat\u0131labilirsin.<\/p>\n","protected":false},"excerpt":{"rendered":"<p>Kamyonlar, kep\u00e7eler, greyderler, beton mikserleri ve vin\u00e7ler planl\u0131 bir \u015fekilde \u00e7al\u0131\u015f\u0131yor. Temeller kaz\u0131l\u0131yor, duvarlar yap\u0131l\u0131yor, yerlere fayans, plastik ve ah\u015fap malzeme d\u00f6\u015feniyor, \u00e7at\u0131lar yerle\u015ftiriliyor. Bina yapmak<span class=\"excerpt-hellip\"> [\u2026]<\/span><\/p>\n","protected":false},"featured_media":0,"template":"","meta":{"_monsterinsights_skip_tracking":false,"_monsterinsights_sitenote_active":false,"_monsterinsights_sitenote_note":"","_monsterinsights_sitenote_category":0},"product_brand":[],"product_cat":[12274,12518],"product_tag":[],"class_list":{"0":"post-709968","1":"product","2":"type-product","3":"status-publish","5":"product_cat-cocuk-ve-genclik-kitaplari","6":"product_cat-okul-oncesi-kitaplar","7":"pa_cilt-ciltsiz","8":"pa_tur-kitap","9":"pa_yayinevi-is-bankasi-kultur-yayinlari","10":"pa_yazar-olivia-brookes","12":"first","13":"instock","14":"sale","15":"shipping-taxable","16":"purchasable","17":"product-type-simple"},"_links":{"self":[{"href":"https:\/\/roveyayinevi.com.tr\/index.php\/wp-json\/wp\/v2\/product\/709968","targetHints":{"allow":["GET"]}}],"collection":[{"href":"https:\/\/roveyayinevi.com.tr\/index.php\/wp-json\/wp\/v2\/product"}],"about":[{"href":"https:\/\/roveyayinevi.com.tr\/index.php\/wp-json\/wp\/v2\/types\/product"}],"wp:attachment":[{"href":"https:\/\/roveyayinevi.com.tr\/index.php\/wp-json\/wp\/v2\/media?parent=709968"}],"wp:term":[{"taxonomy":"product_brand","embeddable":true,"href":"https:\/\/roveyayinevi.com.tr\/index.php\/wp-json\/wp\/v2\/product_brand?post=709968"},{"taxonomy":"product_cat","embeddable":true,"href":"https:\/\/roveyayinevi.com.tr\/index.php\/wp-json\/wp\/v2\/product_cat?post=709968"},{"taxonomy":"product_tag","embeddable":true,"href":"https:\/\/roveyayinevi.com.tr\/index.php\/wp-json\/wp\/v2\/product_tag?post=709968"}],"curies":[{"name":"wp","href":"https:\/\/api.w.org\/{rel}","templated":true}]}}