{"id":709967,"date":"2025-08-27T16:31:14","date_gmt":"2025-08-27T13:31:14","guid":{"rendered":"https:\/\/roveyayinevi.com.tr\/index.php\/urun\/satoda-bir-yil\/"},"modified":"2026-04-16T02:18:47","modified_gmt":"2026-04-15T23:18:47","slug":"satoda-bir-yil","status":"publish","type":"product","link":"https:\/\/roveyayinevi.com.tr\/index.php\/urun\/satoda-bir-yil\/","title":{"rendered":"\u015eatoda Bir Y\u0131l"},"content":{"rendered":"<p>\u015eatoda \u00e7ok hareketli ve ilgi \u00e7ekici bir y\u0131l ya\u015fan\u0131yor. \u015eatonun lordu bir turnuva d\u00fczenliyor. Ard\u0131ndan b\u00fcy\u00fck bir ziyafet verilecek. \u015eatoyu ele ge\u00e7irmeye \u00e7al\u0131\u015fanlar ise b\u00fcy\u00fck sorun yarat\u0131yor. \u015eatodaki ya\u015fam e\u011flenceli ama biraz zor g\u00f6r\u00fcn\u00fcyor. \ufffcTan\u0131t\u0131m Metni<\/p>\n","protected":false},"excerpt":{"rendered":"<p>\u015eatoda \u00e7ok hareketli ve ilgi \u00e7ekici bir y\u0131l ya\u015fan\u0131yor. \u015eatonun lordu bir turnuva d\u00fczenliyor. Ard\u0131ndan b\u00fcy\u00fck bir ziyafet verilecek. \u015eatoyu ele ge\u00e7irmeye \u00e7al\u0131\u015fanlar ise b\u00fcy\u00fck sorun<span class=\"excerpt-hellip\"> [\u2026]<\/span><\/p>\n","protected":false},"featured_media":0,"template":"","meta":{"_monsterinsights_skip_tracking":false,"_monsterinsights_sitenote_active":false,"_monsterinsights_sitenote_note":"","_monsterinsights_sitenote_category":0},"product_brand":[],"product_cat":[12274,12518],"product_tag":[],"class_list":{"0":"post-709967","1":"product","2":"type-product","3":"status-publish","5":"product_cat-cocuk-ve-genclik-kitaplari","6":"product_cat-okul-oncesi-kitaplar","7":"pa_cilt-ciltsiz","8":"pa_tur-kitap","9":"pa_yayinevi-is-bankasi-kultur-yayinlari","10":"pa_yazar-olivia-brookes","12":"first","13":"instock","14":"sale","15":"shipping-taxable","16":"purchasable","17":"product-type-simple"},"_links":{"self":[{"href":"https:\/\/roveyayinevi.com.tr\/index.php\/wp-json\/wp\/v2\/product\/709967","targetHints":{"allow":["GET"]}}],"collection":[{"href":"https:\/\/roveyayinevi.com.tr\/index.php\/wp-json\/wp\/v2\/product"}],"about":[{"href":"https:\/\/roveyayinevi.com.tr\/index.php\/wp-json\/wp\/v2\/types\/product"}],"wp:attachment":[{"href":"https:\/\/roveyayinevi.com.tr\/index.php\/wp-json\/wp\/v2\/media?parent=709967"}],"wp:term":[{"taxonomy":"product_brand","embeddable":true,"href":"https:\/\/roveyayinevi.com.tr\/index.php\/wp-json\/wp\/v2\/product_brand?post=709967"},{"taxonomy":"product_cat","embeddable":true,"href":"https:\/\/roveyayinevi.com.tr\/index.php\/wp-json\/wp\/v2\/product_cat?post=709967"},{"taxonomy":"product_tag","embeddable":true,"href":"https:\/\/roveyayinevi.com.tr\/index.php\/wp-json\/wp\/v2\/product_tag?post=709967"}],"curies":[{"name":"wp","href":"https:\/\/api.w.org\/{rel}","templated":true}]}}