{"id":709966,"date":"2025-08-27T16:31:13","date_gmt":"2025-08-27T13:31:13","guid":{"rendered":"https:\/\/roveyayinevi.com.tr\/index.php\/urun\/proust-ve-murekkepbaligi-okuyan-beynin-bilimi-ve-hikayesi\/"},"modified":"2026-02-03T02:29:50","modified_gmt":"2026-02-02T23:29:50","slug":"proust-ve-murekkepbaligi-okuyan-beynin-bilimi-ve-hikayesi","status":"publish","type":"product","link":"https:\/\/roveyayinevi.com.tr\/index.php\/urun\/proust-ve-murekkepbaligi-okuyan-beynin-bilimi-ve-hikayesi\/","title":{"rendered":"Proust ve M\u00fcrekkepbal\u0131\u011f\u0131 &#8211; Okuyan Beynin Bilimi ve Hikayesi"},"content":{"rendered":"<p>\u0130lk okuma nas\u0131l ger\u00e7ekle\u015fti? Sokrates yaz\u0131ya neden kar\u015f\u0131 \u00e7\u0131km\u0131\u015ft\u0131? Beyin okumay\u0131 nas\u0131l \u00f6\u011frenir; \u00f6\u011frenmezse ne olur? Farkl\u0131 okuyan beyin nas\u0131l \u00e7al\u0131\u015f\u0131r? Okuduklar\u0131m\u0131z bizi nas\u0131l de\u011fi\u015ftirir? Maryanne Wolf, Proust ve M\u00fcrekkepbal\u0131\u011f\u0131\u2019nda okumaya dair benzer pek \u00e7ok soruya cevap ar\u0131yor. Wolf, okuyan beynin tarihini, hem yaz\u0131n\u0131n icad\u0131ndan bu yana hem de g\u00fcn\u00fcm\u00fczde bir \u00e7ocu\u011fun ya\u015fam\u0131 boyunca ele al\u0131yor. Disleksili \u00e7ocuklar\u0131n okumay\u0131 \u00f6\u011frenirken neden zorland\u0131klar\u0131n\u0131 ve \u00f6zel yetilerini tart\u0131\u015f\u0131yor. Atalar\u0131m\u0131z\u0131n bor\u00e7lar\u0131n\u0131 ve isteklerini kil tabletlere ve papir\u00fcslere kaydedi\u015finden derin d\u00fc\u015f\u00fcncelere eri\u015fmek i\u00e7in okuma s\u00fcrecine ge\u00e7i\u015fte beynin ne t\u00fcr y\u00f6ntemler kulland\u0131\u011f\u0131n\u0131 g\u00f6steriyor. \u00d6n\u00fcm\u00fczdeki teknolojik de\u011fi\u015fikliklerin okuyan beyni ve entelekt\u00fcel repertuar\u0131m\u0131z\u0131 nas\u0131l etkileyece\u011fine dair temkinli g\u00f6zlemler sunuyor. Proust ve M\u00fcrekkepbal\u0131\u011f\u0131, okumaya ve beynin i\u015fleyi\u015fine ilgi duyan herkesin keyifle okuyaca\u011f\u0131 bir bilimsel \u00e7al\u0131\u015fma. *Maryanne Wolf, Tufts \u00dcniversitesi\u2019nde bili\u015fsel sinirbilimci ve \u00e7ocuk geli\u015fimci. \ufffcTan\u0131t\u0131m Metni<\/p>\n","protected":false},"excerpt":{"rendered":"<p>\u0130lk okuma nas\u0131l ger\u00e7ekle\u015fti? Sokrates yaz\u0131ya neden kar\u015f\u0131 \u00e7\u0131km\u0131\u015ft\u0131? Beyin okumay\u0131 nas\u0131l \u00f6\u011frenir; \u00f6\u011frenmezse ne olur? Farkl\u0131 okuyan beyin nas\u0131l \u00e7al\u0131\u015f\u0131r? Okuduklar\u0131m\u0131z bizi nas\u0131l de\u011fi\u015ftirir? Maryanne<span class=\"excerpt-hellip\"> [\u2026]<\/span><\/p>\n","protected":false},"featured_media":0,"template":"","meta":{"_monsterinsights_skip_tracking":false,"_monsterinsights_sitenote_active":false,"_monsterinsights_sitenote_note":"","_monsterinsights_sitenote_category":0},"product_brand":[],"product_cat":[12312,12304],"product_tag":[],"class_list":{"0":"post-709966","1":"product","2":"type-product","3":"status-publish","5":"product_cat-diger","6":"product_cat-tarih","7":"pa_cilt-ciltsiz","8":"pa_tur-kitap","9":"pa_yayinevi-koc-universitesi-yayinlari","10":"pa_yazar-maryanne-wolf","12":"first","13":"instock","14":"sale","15":"shipping-taxable","16":"purchasable","17":"product-type-simple"},"_links":{"self":[{"href":"https:\/\/roveyayinevi.com.tr\/index.php\/wp-json\/wp\/v2\/product\/709966","targetHints":{"allow":["GET"]}}],"collection":[{"href":"https:\/\/roveyayinevi.com.tr\/index.php\/wp-json\/wp\/v2\/product"}],"about":[{"href":"https:\/\/roveyayinevi.com.tr\/index.php\/wp-json\/wp\/v2\/types\/product"}],"wp:attachment":[{"href":"https:\/\/roveyayinevi.com.tr\/index.php\/wp-json\/wp\/v2\/media?parent=709966"}],"wp:term":[{"taxonomy":"product_brand","embeddable":true,"href":"https:\/\/roveyayinevi.com.tr\/index.php\/wp-json\/wp\/v2\/product_brand?post=709966"},{"taxonomy":"product_cat","embeddable":true,"href":"https:\/\/roveyayinevi.com.tr\/index.php\/wp-json\/wp\/v2\/product_cat?post=709966"},{"taxonomy":"product_tag","embeddable":true,"href":"https:\/\/roveyayinevi.com.tr\/index.php\/wp-json\/wp\/v2\/product_tag?post=709966"}],"curies":[{"name":"wp","href":"https:\/\/api.w.org\/{rel}","templated":true}]}}