{"id":709964,"date":"2025-08-27T16:31:12","date_gmt":"2025-08-27T13:31:12","guid":{"rendered":"https:\/\/roveyayinevi.com.tr\/index.php\/urun\/baska-bir-hikaye-herkese-yasam-uzerine-notlar\/"},"modified":"2026-04-08T02:24:23","modified_gmt":"2026-04-07T23:24:23","slug":"baska-bir-hikaye-herkese-yasam-uzerine-notlar","status":"publish","type":"product","link":"https:\/\/roveyayinevi.com.tr\/index.php\/urun\/baska-bir-hikaye-herkese-yasam-uzerine-notlar\/","title":{"rendered":"Ba\u015fka Bir Hikaye &#8211; Herkese Ya\u015fam \u00dczerine Notlar"},"content":{"rendered":"<p>Felsefe, bilgelik a\u015fk\u0131d\u0131r. Ama bilgeli\u011fin ne anlama geldi\u011fi, insan\u0131n neyi d\u00fc\u015f\u00fcnd\u00fc\u011f\u00fcne veya neye bakt\u0131\u011f\u0131na ba\u011fl\u0131d\u0131r. Bilge olmayanlar zihinlerini, duygular\u0131n\u0131 ya da duyumlar\u0131n\u0131 kapat\u0131r; bakmamay\u0131, hissetmemeyi d\u00fc\u015f\u00fcnmemeyi tercihederler. S\u0131radan insanlar\u0131n yollar\u0131 \u0131rmaklara, denizlere, da\u011flara, derelere, tepe ve vadilere, bitkilere, a\u011fa\u00e7lara ve b\u00f6ceklere benzer&#8230; Her biri kendi s\u0131n\u0131rlar\u0131 i\u00e7inde ger\u00e7ekle\u015fir, hepsi bu&#8230; Bunun d\u0131\u015f\u0131nda olup biteni bilmezler. \u0130nsanlar ikiye ayr\u0131l\u0131r: s\u0131radan olanlar ve s\u0131radan olmayanlar&#8230; Tekrar ikiye ayr\u0131l\u0131rlar: ya\u015fam\u0131n bozdu\u011fu ve ya\u015fam\u0131n bozmad\u0131\u011f\u0131&#8230; Bir kez daha ikiye ayr\u0131l\u0131rlar: alt grup ve \u00fcstgrup&#8230; Alt grup sadece \u00e7o\u011fal\u0131r ve boyuneyer; \u00fcst grup ate\u015flidir ve engel tan\u0131maz&#8230; Osman Pamuko\u011flu\u2019nun kaleme ald\u0131\u011f\u0131 Ba\u015fka Bir Hikaye\u2019de evrene, ya\u015fama, insanl\u0131\u011fa, duygularadair her ya\u015ftan ve her kesimden insan\u0131n d\u00fc\u015f\u00fcn\u00fcp sorgulayaca\u011f\u0131 ders niteli\u011finde notlar bulacaks\u0131n\u0131z.. <\/p>\n","protected":false},"excerpt":{"rendered":"<p>Felsefe, bilgelik a\u015fk\u0131d\u0131r. Ama bilgeli\u011fin ne anlama geldi\u011fi, insan\u0131n neyi d\u00fc\u015f\u00fcnd\u00fc\u011f\u00fcne veya neye bakt\u0131\u011f\u0131na ba\u011fl\u0131d\u0131r. Bilge olmayanlar zihinlerini, duygular\u0131n\u0131 ya da duyumlar\u0131n\u0131 kapat\u0131r; bakmamay\u0131, hissetmemeyi d\u00fc\u015f\u00fcnmemeyi<span class=\"excerpt-hellip\"> [\u2026]<\/span><\/p>\n","protected":false},"featured_media":0,"template":"","meta":{"_monsterinsights_skip_tracking":false,"_monsterinsights_sitenote_active":false,"_monsterinsights_sitenote_note":"","_monsterinsights_sitenote_category":0},"product_brand":[],"product_cat":[12777,12291],"product_tag":[],"class_list":{"0":"post-709964","1":"product","2":"type-product","3":"status-publish","5":"product_cat-deneme","6":"product_cat-edebiyat","7":"pa_cilt-ciltsiz","8":"pa_tur-kitap","9":"pa_yayinevi-inkilap-kitabevi","10":"pa_yazar-osman-pamukoglu","12":"first","13":"instock","14":"sale","15":"shipping-taxable","16":"purchasable","17":"product-type-simple"},"_links":{"self":[{"href":"https:\/\/roveyayinevi.com.tr\/index.php\/wp-json\/wp\/v2\/product\/709964","targetHints":{"allow":["GET"]}}],"collection":[{"href":"https:\/\/roveyayinevi.com.tr\/index.php\/wp-json\/wp\/v2\/product"}],"about":[{"href":"https:\/\/roveyayinevi.com.tr\/index.php\/wp-json\/wp\/v2\/types\/product"}],"wp:attachment":[{"href":"https:\/\/roveyayinevi.com.tr\/index.php\/wp-json\/wp\/v2\/media?parent=709964"}],"wp:term":[{"taxonomy":"product_brand","embeddable":true,"href":"https:\/\/roveyayinevi.com.tr\/index.php\/wp-json\/wp\/v2\/product_brand?post=709964"},{"taxonomy":"product_cat","embeddable":true,"href":"https:\/\/roveyayinevi.com.tr\/index.php\/wp-json\/wp\/v2\/product_cat?post=709964"},{"taxonomy":"product_tag","embeddable":true,"href":"https:\/\/roveyayinevi.com.tr\/index.php\/wp-json\/wp\/v2\/product_tag?post=709964"}],"curies":[{"name":"wp","href":"https:\/\/api.w.org\/{rel}","templated":true}]}}