{"id":709963,"date":"2025-08-27T16:31:12","date_gmt":"2025-08-27T13:31:12","guid":{"rendered":"https:\/\/roveyayinevi.com.tr\/index.php\/urun\/erkek-cocuk-haklari-bildirgesi\/"},"modified":"2026-04-15T02:24:32","modified_gmt":"2026-04-14T23:24:32","slug":"erkek-cocuk-haklari-bildirgesi","status":"publish","type":"product","link":"https:\/\/roveyayinevi.com.tr\/index.php\/urun\/erkek-cocuk-haklari-bildirgesi\/","title":{"rendered":"Erkek \u00c7ocuk Haklar\u0131 Bildirgesi"},"content":{"rendered":"<p>Erkek \u00e7ocuklar\u0131n da k\u0131z \u00e7ocuklar gibi a\u011flama, oyuncak bebeklerle oynama, pembe renk giyme, okumay\u0131 sevme, her g\u00fcn s\u00fcper kahraman olmak istememe, istedikleri ki\u015fiyi sevme hakk\u0131 vard\u0131r.Uluslararas\u0131 Af \u00d6rg\u00fct\u00fc, kabul g\u00f6rm\u00fc\u015f basmakal\u0131p fikirleri y\u0131k\u0131p ge\u00e7en bu \u201cbildirge\u201dyi destekliyor. K\u0131z, erkek ay\u0131rmaks\u0131z\u0131n herkes aras\u0131nda e\u015fitli\u011fe sayg\u0131n\u0131n \u00f6nemini hat\u0131rlatmak i\u00e7in icat edilmi\u015f haklardan olu\u015fan bu mizahi liste, \u00e7ocuk, gen\u00e7, yeti\u015fkin her bireyi d\u00fc\u015f\u00fcnd\u00fcrecek, e\u011flendirecek, g\u00fcl\u00fcmsetecek. <\/p>\n","protected":false},"excerpt":{"rendered":"<p>Erkek \u00e7ocuklar\u0131n da k\u0131z \u00e7ocuklar gibi a\u011flama, oyuncak bebeklerle oynama, pembe renk giyme, okumay\u0131 sevme, her g\u00fcn s\u00fcper kahraman olmak istememe, istedikleri ki\u015fiyi sevme hakk\u0131 vard\u0131r.Uluslararas\u0131<span class=\"excerpt-hellip\"> [\u2026]<\/span><\/p>\n","protected":false},"featured_media":0,"template":"","meta":{"_monsterinsights_skip_tracking":false,"_monsterinsights_sitenote_active":false,"_monsterinsights_sitenote_note":"","_monsterinsights_sitenote_category":0},"product_brand":[],"product_cat":[12274,12284],"product_tag":[],"class_list":{"0":"post-709963","1":"product","2":"type-product","3":"status-publish","5":"product_cat-cocuk-ve-genclik-kitaplari","6":"product_cat-hikayeler","7":"pa_cilt-ciltsiz","8":"pa_tur-kitap","9":"pa_yayinevi-yapi-kredi-yayinlari","10":"pa_yazar-elisabeth-brami-esttelle-billon-spagnol","12":"first","13":"instock","14":"sale","15":"shipping-taxable","16":"purchasable","17":"product-type-simple"},"_links":{"self":[{"href":"https:\/\/roveyayinevi.com.tr\/index.php\/wp-json\/wp\/v2\/product\/709963","targetHints":{"allow":["GET"]}}],"collection":[{"href":"https:\/\/roveyayinevi.com.tr\/index.php\/wp-json\/wp\/v2\/product"}],"about":[{"href":"https:\/\/roveyayinevi.com.tr\/index.php\/wp-json\/wp\/v2\/types\/product"}],"wp:attachment":[{"href":"https:\/\/roveyayinevi.com.tr\/index.php\/wp-json\/wp\/v2\/media?parent=709963"}],"wp:term":[{"taxonomy":"product_brand","embeddable":true,"href":"https:\/\/roveyayinevi.com.tr\/index.php\/wp-json\/wp\/v2\/product_brand?post=709963"},{"taxonomy":"product_cat","embeddable":true,"href":"https:\/\/roveyayinevi.com.tr\/index.php\/wp-json\/wp\/v2\/product_cat?post=709963"},{"taxonomy":"product_tag","embeddable":true,"href":"https:\/\/roveyayinevi.com.tr\/index.php\/wp-json\/wp\/v2\/product_tag?post=709963"}],"curies":[{"name":"wp","href":"https:\/\/api.w.org\/{rel}","templated":true}]}}