{"id":709962,"date":"2025-08-27T16:31:11","date_gmt":"2025-08-27T13:31:11","guid":{"rendered":"https:\/\/roveyayinevi.com.tr\/index.php\/urun\/dede-korkut-hikayeleri-11\/"},"modified":"2026-04-16T02:18:47","modified_gmt":"2026-04-15T23:18:47","slug":"dede-korkut-hikayeleri-11","status":"publish","type":"product","link":"https:\/\/roveyayinevi.com.tr\/index.php\/urun\/dede-korkut-hikayeleri-11\/","title":{"rendered":"Dede Korkut Hikayeleri"},"content":{"rendered":"<p>Bilgin Adal\u0131\u2019n\u0131n kaleminden, O\u011fuzlar\u0131n destans\u0131 hik\u00e2yeleri&#8230; Yaz\u0131ya ge\u00e7irildi\u011fi 14. ve 15. y\u00fczy\u0131llardan g\u00fcn\u00fcm\u00fcze dek varl\u0131\u011f\u0131n\u0131 koruyabilmi\u015f Dede Korkut hik\u00e2yeleri sadele\u015ftirilmi\u015f dili, \u015fiirsel yap\u0131s\u0131 ve ak\u0131c\u0131 anlat\u0131m\u0131yla yeni bir boyut kazan\u0131yor. \u201cMetnin t\u00fcm\u00fcn\u00fcn \u00f6z\u00fc de, s\u00f6z\u00fc de Dedem Korkut\u2019un, de\u011fil mi? Ben yaln\u0131zca arac\u0131l\u0131k yap\u0131yorum\u201d diyen Bilgin Adal\u0131, gen\u00e7 okurlar\u0131, s\u00f6zl\u00fc gelene\u011fin \u015fiirini yakalamaya \u00e7a\u011f\u0131r\u0131yor. Bu kitab\u0131 yazarken, dilimize daha \u00f6nce kazand\u0131r\u0131lm\u0131\u015f olan Dede Korkut kitaplar\u0131ndan farkl\u0131 bir yol izlemeyi se\u00e7tim. \u00d6yk\u00fclerde d\u00fczyaz\u0131 olarak yer alan b\u00f6l\u00fcmlerdeki gizli \u015fiiri yakalamaya, t\u00fcm metni \u015fiir diliyle yazmaya \u00e7al\u0131\u015ft\u0131m. Bunu bir anlamda, yaz\u0131ya ge\u00e7irilmezden \u00f6nceki, s\u00f6zl\u00fc gelene\u011fe dayal\u0131 ilk metinleri \u00f6zg\u00fcr bir yeniden yazma \u00e7abas\u0131 olarak niteleyebiliriz.\ufffc<\/p>\n","protected":false},"excerpt":{"rendered":"<p>Bilgin Adal\u0131\u2019n\u0131n kaleminden, O\u011fuzlar\u0131n destans\u0131 hik\u00e2yeleri&#8230; Yaz\u0131ya ge\u00e7irildi\u011fi 14. ve 15. y\u00fczy\u0131llardan g\u00fcn\u00fcm\u00fcze dek varl\u0131\u011f\u0131n\u0131 koruyabilmi\u015f Dede Korkut hik\u00e2yeleri sadele\u015ftirilmi\u015f dili, \u015fiirsel yap\u0131s\u0131 ve ak\u0131c\u0131 anlat\u0131m\u0131yla<span class=\"excerpt-hellip\"> [\u2026]<\/span><\/p>\n","protected":false},"featured_media":0,"template":"","meta":{"_monsterinsights_skip_tracking":false,"_monsterinsights_sitenote_active":false,"_monsterinsights_sitenote_note":"","_monsterinsights_sitenote_category":0},"product_brand":[],"product_cat":[12274,12284],"product_tag":[],"class_list":{"0":"post-709962","1":"product","2":"type-product","3":"status-publish","5":"product_cat-cocuk-ve-genclik-kitaplari","6":"product_cat-hikayeler","7":"pa_cilt-ciltsiz","8":"pa_tur-kitap","9":"pa_yayinevi-yapi-kredi-yayinlari","10":"pa_yazar-bilgin-adali","12":"first","13":"instock","14":"sale","15":"shipping-taxable","16":"purchasable","17":"product-type-simple"},"_links":{"self":[{"href":"https:\/\/roveyayinevi.com.tr\/index.php\/wp-json\/wp\/v2\/product\/709962","targetHints":{"allow":["GET"]}}],"collection":[{"href":"https:\/\/roveyayinevi.com.tr\/index.php\/wp-json\/wp\/v2\/product"}],"about":[{"href":"https:\/\/roveyayinevi.com.tr\/index.php\/wp-json\/wp\/v2\/types\/product"}],"wp:attachment":[{"href":"https:\/\/roveyayinevi.com.tr\/index.php\/wp-json\/wp\/v2\/media?parent=709962"}],"wp:term":[{"taxonomy":"product_brand","embeddable":true,"href":"https:\/\/roveyayinevi.com.tr\/index.php\/wp-json\/wp\/v2\/product_brand?post=709962"},{"taxonomy":"product_cat","embeddable":true,"href":"https:\/\/roveyayinevi.com.tr\/index.php\/wp-json\/wp\/v2\/product_cat?post=709962"},{"taxonomy":"product_tag","embeddable":true,"href":"https:\/\/roveyayinevi.com.tr\/index.php\/wp-json\/wp\/v2\/product_tag?post=709962"}],"curies":[{"name":"wp","href":"https:\/\/api.w.org\/{rel}","templated":true}]}}