{"id":709961,"date":"2025-08-27T16:31:10","date_gmt":"2025-08-27T13:31:10","guid":{"rendered":"https:\/\/roveyayinevi.com.tr\/index.php\/urun\/muhalefet-defteri-turkiyede-mizah-dergileri-ve-karikatur\/"},"modified":"2026-04-16T02:18:47","modified_gmt":"2026-04-15T23:18:47","slug":"muhalefet-defteri-turkiyede-mizah-dergileri-ve-karikatur","status":"publish","type":"product","link":"https:\/\/roveyayinevi.com.tr\/index.php\/urun\/muhalefet-defteri-turkiyede-mizah-dergileri-ve-karikatur\/","title":{"rendered":"Muhalefet Defteri: T\u00fcrkiye&#8217;de Mizah Dergileri ve Karikat\u00fcr"},"content":{"rendered":"<p>G\u00fcndelik dilimize ve al\u0131\u015fkanl\u0131klar\u0131m\u0131za derinden sirayet etmi\u015f mizah dergilerinin ve onlar\u0131n kimi zaman sokakta neredeyse ayn\u0131lar\u0131na rastlad\u0131\u011f\u0131m\u0131z tiplemelerinin bir tarih\u00e7esini \u00e7\u0131karan Muhalefet Defteri, en uzun soluklu dergi Akbaba\u2019dan T\u00fcrkiye\u2019nin d\u00f6rt bir yan\u0131na ula\u015fmay\u0131 ba\u015farm\u0131\u015f G\u0131rg\u0131r ve 2000\u2019li y\u0131llarda en \u00e7ok okudu\u011fumuz LeMan, Penguen ve Uykusuz\u2019a kadar \u00fclkemizde yay\u0131mlanm\u0131\u015f b\u00fct\u00fcn dergileri etrafl\u0131ca ele al\u0131yor. \u00c7izgiye tutkuyla ba\u011fl\u0131 olanlara \u00e7ok sevdikleri dergilerin perde arkas\u0131n\u0131 anlatmas\u0131n\u0131n yan\u0131 s\u0131ra Zalim \u015eevki, Avanak Avni ve Abd\u00fclcanbaz\u2019\u0131n ard\u0131ndaki yerli\/yabanc\u0131 esin kaynaklar\u0131n\u0131 da g\u00f6steriyor. Mizah g\u00fc\u00e7t\u00fcr, muhalif mizah g\u00fc\u00e7l\u00fcy\u00fc \u00fcrk\u00fct\u00fcr. Nelere g\u00fcld\u00fc\u011f\u00fcm\u00fcz\u00fc, ne zaman neyin s\u00f6ylendi\u011fini ve neyin s\u00f6ylen(e)medi\u011fini okurken \u015fa\u015f\u0131racak, k\u00fclt\u00fcr\u00fcm\u00fczle, tarihimizle, toplumumuzla ilgili, \u201chem komik hem ciddi\u201d bilgiler edineceksiniz. \ufffcTan\u0131t\u0131m Metni<\/p>\n","protected":false},"excerpt":{"rendered":"<p>G\u00fcndelik dilimize ve al\u0131\u015fkanl\u0131klar\u0131m\u0131za derinden sirayet etmi\u015f mizah dergilerinin ve onlar\u0131n kimi zaman sokakta neredeyse ayn\u0131lar\u0131na rastlad\u0131\u011f\u0131m\u0131z tiplemelerinin bir tarih\u00e7esini \u00e7\u0131karan Muhalefet Defteri, en uzun soluklu<span class=\"excerpt-hellip\"> [\u2026]<\/span><\/p>\n","protected":false},"featured_media":0,"template":"","meta":{"_monsterinsights_skip_tracking":false,"_monsterinsights_sitenote_active":false,"_monsterinsights_sitenote_note":"","_monsterinsights_sitenote_category":0},"product_brand":[],"product_cat":[12291,14825],"product_tag":[],"class_list":{"0":"post-709961","1":"product","2":"type-product","3":"status-publish","5":"product_cat-edebiyat","6":"product_cat-mizah","7":"pa_cilt-ciltsiz","8":"pa_tur-kitap","9":"pa_yayinevi-yapi-kredi-yayinlari","10":"pa_yazar-levent-cantek","11":"pa_yazar-levent-gonenc","13":"first","14":"instock","15":"sale","16":"shipping-taxable","17":"purchasable","18":"product-type-simple"},"_links":{"self":[{"href":"https:\/\/roveyayinevi.com.tr\/index.php\/wp-json\/wp\/v2\/product\/709961","targetHints":{"allow":["GET"]}}],"collection":[{"href":"https:\/\/roveyayinevi.com.tr\/index.php\/wp-json\/wp\/v2\/product"}],"about":[{"href":"https:\/\/roveyayinevi.com.tr\/index.php\/wp-json\/wp\/v2\/types\/product"}],"wp:attachment":[{"href":"https:\/\/roveyayinevi.com.tr\/index.php\/wp-json\/wp\/v2\/media?parent=709961"}],"wp:term":[{"taxonomy":"product_brand","embeddable":true,"href":"https:\/\/roveyayinevi.com.tr\/index.php\/wp-json\/wp\/v2\/product_brand?post=709961"},{"taxonomy":"product_cat","embeddable":true,"href":"https:\/\/roveyayinevi.com.tr\/index.php\/wp-json\/wp\/v2\/product_cat?post=709961"},{"taxonomy":"product_tag","embeddable":true,"href":"https:\/\/roveyayinevi.com.tr\/index.php\/wp-json\/wp\/v2\/product_tag?post=709961"}],"curies":[{"name":"wp","href":"https:\/\/api.w.org\/{rel}","templated":true}]}}