{"id":709960,"date":"2025-08-27T16:31:10","date_gmt":"2025-08-27T13:31:10","guid":{"rendered":"https:\/\/roveyayinevi.com.tr\/index.php\/urun\/gokyuzu-duragi-merhaba-sevgilim-ben-hayatinin-geri-kalani\/"},"modified":"2026-03-16T21:20:45","modified_gmt":"2026-03-16T18:20:45","slug":"gokyuzu-duragi-merhaba-sevgilim-ben-hayatinin-geri-kalani","status":"publish","type":"product","link":"https:\/\/roveyayinevi.com.tr\/index.php\/urun\/gokyuzu-duragi-merhaba-sevgilim-ben-hayatinin-geri-kalani\/","title":{"rendered":"G\u00f6ky\u00fcz\u00fc Dura\u011f\u0131 &#8211; Merhaba sevgilim, ben hayat\u0131n\u0131n geri kalan\u0131&#8230;"},"content":{"rendered":"<p>Sen benim Allah\u2019a olan \u015f\u00fckr\u00fcms\u00fcn. Hi\u00e7bir zaman gidece\u011fine inanmad\u0131m. D\u00f6necek olman da s\u00fcrpriz de\u011fil. Sen hep vard\u0131n. \u015eurada as\u0131l\u0131 duran anahtar\u0131n gibi. Dinledi\u011fim \u015fark\u0131lar\u0131n s\u00f6zlerinde, kalabal\u0131kta seni ay\u0131rt etti\u011fim kokuda, yan\u0131mda duran yast\u0131ktas\u0131n. Senin g\u00f6\u011fs\u00fcm\u00fcn i\u00e7inde bir evin var. D\u0131\u015far\u0131dan a\u00e7\u0131lmaz, i\u00e7eriden \u00e7\u0131k\u0131lamaz. Kilitsiz, ama sadece bana ait. G\u00f6ky\u00fcz\u00fc dura\u011f\u0131, a\u015fk\u0131n dura\u011f\u0131. Orada b\u00fct\u00fcn sorular akla de\u011fil kalbe soruluyor, cevaplar\u0131 yine kalpte aran\u0131yor. E\u011fer o biricik imk\u00e2n, a\u015fk yakaland\u0131ysa, seven onun kalbinden bak\u0131yor kendisine. Birlikte rotas\u0131z bir yolculu\u011fa \u00e7\u0131k\u0131yorlar, \u00f6nyarg\u0131s\u0131zca ke\u015ffetmek i\u00e7in bilerek kayboluyorlar ve yollar\u0131n\u0131 birbirleriyle bulmay\u0131 \u00f6\u011freniyorlar. Kaderde kavu\u015famamak bile olsa, g\u00f6ky\u00fcz\u00fc dura\u011f\u0131 hep a\u015fka sahip \u00e7\u0131kmay\u0131, onu kendinde, kendini onda sevmeyi anlat\u0131yor. \ufffcTan\u0131t\u0131m Metni<\/p>\n","protected":false},"excerpt":{"rendered":"<p>Sen benim Allah\u2019a olan \u015f\u00fckr\u00fcms\u00fcn. Hi\u00e7bir zaman gidece\u011fine inanmad\u0131m. D\u00f6necek olman da s\u00fcrpriz de\u011fil. Sen hep vard\u0131n. \u015eurada as\u0131l\u0131 duran anahtar\u0131n gibi. Dinledi\u011fim \u015fark\u0131lar\u0131n s\u00f6zlerinde, kalabal\u0131kta<span class=\"excerpt-hellip\"> [\u2026]<\/span><\/p>\n","protected":false},"featured_media":0,"template":"","meta":{"_monsterinsights_skip_tracking":false,"_monsterinsights_sitenote_active":false,"_monsterinsights_sitenote_note":"","_monsterinsights_sitenote_category":0},"product_brand":[],"product_cat":[12777,12291],"product_tag":[],"class_list":{"0":"post-709960","1":"product","2":"type-product","3":"status-publish","5":"product_cat-deneme","6":"product_cat-edebiyat","7":"pa_cilt-ciltsiz","8":"pa_tur-kitap","9":"pa_yayinevi-hayykitap","10":"pa_yazar-umut-guner","12":"first","13":"instock","14":"sale","15":"shipping-taxable","16":"purchasable","17":"product-type-simple"},"_links":{"self":[{"href":"https:\/\/roveyayinevi.com.tr\/index.php\/wp-json\/wp\/v2\/product\/709960","targetHints":{"allow":["GET"]}}],"collection":[{"href":"https:\/\/roveyayinevi.com.tr\/index.php\/wp-json\/wp\/v2\/product"}],"about":[{"href":"https:\/\/roveyayinevi.com.tr\/index.php\/wp-json\/wp\/v2\/types\/product"}],"wp:attachment":[{"href":"https:\/\/roveyayinevi.com.tr\/index.php\/wp-json\/wp\/v2\/media?parent=709960"}],"wp:term":[{"taxonomy":"product_brand","embeddable":true,"href":"https:\/\/roveyayinevi.com.tr\/index.php\/wp-json\/wp\/v2\/product_brand?post=709960"},{"taxonomy":"product_cat","embeddable":true,"href":"https:\/\/roveyayinevi.com.tr\/index.php\/wp-json\/wp\/v2\/product_cat?post=709960"},{"taxonomy":"product_tag","embeddable":true,"href":"https:\/\/roveyayinevi.com.tr\/index.php\/wp-json\/wp\/v2\/product_tag?post=709960"}],"curies":[{"name":"wp","href":"https:\/\/api.w.org\/{rel}","templated":true}]}}