{"id":709959,"date":"2025-08-27T16:31:09","date_gmt":"2025-08-27T13:31:09","guid":{"rendered":"https:\/\/roveyayinevi.com.tr\/index.php\/urun\/sir-turkler-15-temmuz-direnis-dirilis-kurtulus\/"},"modified":"2026-04-16T02:18:47","modified_gmt":"2026-04-15T23:18:47","slug":"sir-turkler-15-temmuz-direnis-dirilis-kurtulus","status":"publish","type":"product","link":"https:\/\/roveyayinevi.com.tr\/index.php\/urun\/sir-turkler-15-temmuz-direnis-dirilis-kurtulus\/","title":{"rendered":"S\u0131r&#8230; T\u00fcrkler! (15 Temmuz \/ Direni\u015f \/ Dirili\u015f \/ Kurtulu\u015f!)"},"content":{"rendered":"<p>S\u0131r.. T\u00fcrkler! Rabbimizden gelen \u2018bir\u2019 zamanlama ile yaz\u0131ld\u0131! Hepimize \u2018bir\u2019 i\u015faret olarak! D\u00fcnyada! Art\u0131k iyice kirlenmi\u015f bu d\u00fcnyada! Hi\u00e7 kimse birbirini anlamazken&#8230; Yaz\u0131ld\u0131! Zulm\u00fcn bitirilip! Mazlumlar\u0131n kurtar\u0131lmas\u0131 i\u00e7in&#8230; Kalbin! \u2018Oku\u2019mas\u0131na ihtiya\u00e7 var&#8230; Ak\u0131l! Belki de! Zaptedildi! Bizi kurtaracak olanlar&#8230; S\u0131r.. T\u00fcrkler! Kalbimizin i\u00e7indeler! Uyanmay\u0131 bekliyorlar&#8230; Ey yi\u011fitler! &#8216;T\u00fcrk&#8217;ler&#8230; Rabbimizin l\u00fctfutyla! Hi\u00e7bir &#8216;\u015fey&#8217;den korkmazlar&#8230; 15 Temmuz&#8217;da g\u00f6sterdik bunu! Kendi tarihimizden gelen korkusuzlu\u011fumuzu! Korkmay\u0131z &#8216;biz&#8217;! &#8216;\u0130man&#8217; biz-im genlerimizdedir&#8230; &#8216;F\u0131trat&#8217;\u0131m\u0131za yaz\u0131l\u0131d\u0131r&#8230; Al\u0131n yaz\u0131m\u0131zd\u0131r&#8230; Ey! \u2018Oku\u2019yun! Uyand\u0131r\u0131n onlar\u0131! Bekliyorlar sizi! Harfler&#8230; Kelimeler! S\u0131r.. T\u00fcrkler! D\u00fcnyay\u0131 kurtaracak olanlar&#8230; Kitaptan se\u00e7meler: \u2022 Sava\u015fmaya haz\u0131r\u0131z \u2018biz\u2019! S\u0131r.. T\u00fcrkler! Ey! Ya\u015fanan ac\u0131lar art\u0131k&#8230; Tahamm\u00fcl s\u0131n\u0131r\u0131n\u0131 a\u015fm\u0131\u015ft\u0131r! Beklersek&#8230; Belli ki s\u0131ra bize gelecektir&#8230; Bug\u00fcne kadar \u2018biz\u2019! Dua Silahlar\u0131m\u0131z\u0131 Ku\u015fand\u0131k&#8230; \u015eimdi anla\u015f\u0131l\u0131yor ki! S\u0131ra! \u2018Demir\u2019lenmeye geldi! \u2022 Rabbim g\u00fc\u00e7 ver \u2018biz\u2019e! \u2018Demir\u2019lenelim&#8230; Meleklerini g\u00f6nder&#8230; Melekelerimiz senindir&#8230; Zulm\u00fc bitirelim&#8230; Zulm\u00fc bitirebilmek i\u00e7in&#8230; \u015eehit olal\u0131m&#8230; Ruhumuz \u2018bir\u2019 teselli bulsun&#8230; Senin huzuruna! Vicdan azab\u0131yla gelmeyelim&#8230; Rabbim&#8230; Rabbim&#8230; Ne olur sana bakacak \u2018bir\u2019 y\u00fcz\u00fcm\u00fcz olsu <\/p>\n","protected":false},"excerpt":{"rendered":"<p>S\u0131r.. T\u00fcrkler! Rabbimizden gelen \u2018bir\u2019 zamanlama ile yaz\u0131ld\u0131! Hepimize \u2018bir\u2019 i\u015faret olarak! D\u00fcnyada! Art\u0131k iyice kirlenmi\u015f bu d\u00fcnyada! Hi\u00e7 kimse birbirini anlamazken&#8230; Yaz\u0131ld\u0131! Zulm\u00fcn bitirilip! Mazlumlar\u0131n<span class=\"excerpt-hellip\"> [\u2026]<\/span><\/p>\n","protected":false},"featured_media":0,"template":"","meta":{"_monsterinsights_skip_tracking":false,"_monsterinsights_sitenote_active":false,"_monsterinsights_sitenote_note":"","_monsterinsights_sitenote_category":0},"product_brand":[],"product_cat":[12718,12719],"product_tag":[],"class_list":{"0":"post-709959","1":"product","2":"type-product","3":"status-publish","5":"product_cat-din","6":"product_cat-islam","7":"pa_cilt-ciltsiz","8":"pa_tur-kitap","9":"pa_yayinevi-hayykitap","10":"pa_yazar-hayati-sir","12":"first","13":"instock","14":"sale","15":"shipping-taxable","16":"purchasable","17":"product-type-simple"},"_links":{"self":[{"href":"https:\/\/roveyayinevi.com.tr\/index.php\/wp-json\/wp\/v2\/product\/709959","targetHints":{"allow":["GET"]}}],"collection":[{"href":"https:\/\/roveyayinevi.com.tr\/index.php\/wp-json\/wp\/v2\/product"}],"about":[{"href":"https:\/\/roveyayinevi.com.tr\/index.php\/wp-json\/wp\/v2\/types\/product"}],"wp:attachment":[{"href":"https:\/\/roveyayinevi.com.tr\/index.php\/wp-json\/wp\/v2\/media?parent=709959"}],"wp:term":[{"taxonomy":"product_brand","embeddable":true,"href":"https:\/\/roveyayinevi.com.tr\/index.php\/wp-json\/wp\/v2\/product_brand?post=709959"},{"taxonomy":"product_cat","embeddable":true,"href":"https:\/\/roveyayinevi.com.tr\/index.php\/wp-json\/wp\/v2\/product_cat?post=709959"},{"taxonomy":"product_tag","embeddable":true,"href":"https:\/\/roveyayinevi.com.tr\/index.php\/wp-json\/wp\/v2\/product_tag?post=709959"}],"curies":[{"name":"wp","href":"https:\/\/api.w.org\/{rel}","templated":true}]}}