{"id":709956,"date":"2025-08-27T16:31:08","date_gmt":"2025-08-27T13:31:08","guid":{"rendered":"https:\/\/roveyayinevi.com.tr\/index.php\/urun\/sosyolojiye-cagri-humanist-bir-perspektif\/"},"modified":"2026-04-16T02:18:47","modified_gmt":"2026-04-15T23:18:47","slug":"sosyolojiye-cagri-humanist-bir-perspektif","status":"publish","type":"product","link":"https:\/\/roveyayinevi.com.tr\/index.php\/urun\/sosyolojiye-cagri-humanist-bir-perspektif\/","title":{"rendered":"Sosyolojiye \u00c7a\u011fr\u0131 &#8211; H\u00fcmanist Bir Perspektif"},"content":{"rendered":"<p>Sosyoloji, \u201camat\u00f6r\u00fc\u201d veya \u201cheveslisi\u201d \u00e7ok olan bir sosyal bilim alan\u0131&#8230; Herkes, \u201ctoplum\u201d hakk\u0131nda bir \u015feyler s\u00f6ylemeye kendini ehil hissedebilir. Sosyolojinin ya\u015fayan en \u00f6nemli kuramc\u0131lar\u0131ndan Peter Berger, bu kitab\u0131nda sosyoloji \u201camat\u00f6rlerinin\u201d hevesini k\u0131rm\u0131yor \u2013 tam tersine. Kitap, ba\u015fl\u0131\u011f\u0131yla bile, herkesi sosyolojiye, sosyoloji \u00fczerine d\u00fc\u015f\u00fcnmeye, sosyolojiyle ilgilenmeye davet ediyor. Berger, onu \u201ch\u00fcmanist bir disiplin\u201d olarak adland\u0131rmakla, sosyolojinin insana dair b\u00fct\u00fcn ilgilerle, b\u00fct\u00fcn meraklarla ili\u015fkili oldu\u011funu vurgulamak istiyor. Ona g\u00f6re sosyoloji her \u015feyden \u00f6nce \u2013 herkes i\u00e7in\u2013 bireysel bir u\u011fra\u015f, bir ilgi alan\u0131\u2026 Heyecan verici bir entelekt\u00fcel macera\u2026 Berger sosyolojiyi ayn\u0131 zamanda bir \u201cbilin\u00e7 t\u00fcr\u00fc\u201d, bir bak\u0131\u015f a\u00e7\u0131s\u0131 olarak ele al\u0131yor: \u201cToplumun i\u00e7indeki insan\u0131, insan\u0131n i\u00e7indeki toplumu\u201d g\u00f6rmeyi sa\u011flayan bir bak\u0131\u015f a\u00e7\u0131s\u0131&#8230; Kitab\u0131n bir k\u0131sm\u0131 da sosyolojinin etik anlam\u0131n\u0131 ve \u00f6l\u00e7\u00fctlerini ele al\u0131yor. Yazar\u0131n uzmanl\u0131k alan\u0131 olan din sosyolojisine ili\u015fkin \u00f6rnekler sadece bu b\u00f6l\u00fcmde de\u011fil b\u00fct\u00fcn kitapta kendini hissettiriyor. Sosyoloji hakk\u0131nda onun \u00f6nemli bir kuramc\u0131s\u0131n\u0131n yakla\u015f\u0131m\u0131n\u0131 yans\u0131tan, merakl\u0131s\u0131na davetk\u00e2r yakla\u015fan, hem uzman\u0131na hem \u201cyeni ba\u015flayana\u201d hitap etmeyi ba\u015faran bir kitap. \ufffcTan\u0131t\u0131m Metni<\/p>\n","protected":false},"excerpt":{"rendered":"<p>Sosyoloji, \u201camat\u00f6r\u00fc\u201d veya \u201cheveslisi\u201d \u00e7ok olan bir sosyal bilim alan\u0131&#8230; Herkes, \u201ctoplum\u201d hakk\u0131nda bir \u015feyler s\u00f6ylemeye kendini ehil hissedebilir. Sosyolojinin ya\u015fayan en \u00f6nemli kuramc\u0131lar\u0131ndan Peter Berger,<span class=\"excerpt-hellip\"> [\u2026]<\/span><\/p>\n","protected":false},"featured_media":0,"template":"","meta":{"_monsterinsights_skip_tracking":false,"_monsterinsights_sitenote_active":false,"_monsterinsights_sitenote_note":"","_monsterinsights_sitenote_category":0},"product_brand":[],"product_cat":[13590,12337],"product_tag":[],"class_list":{"0":"post-709956","1":"product","2":"type-product","3":"status-publish","5":"product_cat-arastirma-inceleme-politika-siyaset","6":"product_cat-politika-siyaset","7":"pa_cilt-ciltsiz","8":"pa_tur-kitap","9":"pa_yayinevi-iletisim-yayinlari","10":"pa_yazar-peter-l-berger","12":"first","13":"instock","14":"sale","15":"shipping-taxable","16":"purchasable","17":"product-type-simple"},"_links":{"self":[{"href":"https:\/\/roveyayinevi.com.tr\/index.php\/wp-json\/wp\/v2\/product\/709956","targetHints":{"allow":["GET"]}}],"collection":[{"href":"https:\/\/roveyayinevi.com.tr\/index.php\/wp-json\/wp\/v2\/product"}],"about":[{"href":"https:\/\/roveyayinevi.com.tr\/index.php\/wp-json\/wp\/v2\/types\/product"}],"wp:attachment":[{"href":"https:\/\/roveyayinevi.com.tr\/index.php\/wp-json\/wp\/v2\/media?parent=709956"}],"wp:term":[{"taxonomy":"product_brand","embeddable":true,"href":"https:\/\/roveyayinevi.com.tr\/index.php\/wp-json\/wp\/v2\/product_brand?post=709956"},{"taxonomy":"product_cat","embeddable":true,"href":"https:\/\/roveyayinevi.com.tr\/index.php\/wp-json\/wp\/v2\/product_cat?post=709956"},{"taxonomy":"product_tag","embeddable":true,"href":"https:\/\/roveyayinevi.com.tr\/index.php\/wp-json\/wp\/v2\/product_tag?post=709956"}],"curies":[{"name":"wp","href":"https:\/\/api.w.org\/{rel}","templated":true}]}}