{"id":709954,"date":"2025-08-27T16:31:07","date_gmt":"2025-08-27T13:31:07","guid":{"rendered":"https:\/\/roveyayinevi.com.tr\/index.php\/urun\/darbeye-gecit-yok-15-temmuz-gecesinin-eksiksiz-hikayesi\/"},"modified":"2026-04-16T02:18:47","modified_gmt":"2026-04-15T23:18:47","slug":"darbeye-gecit-yok-15-temmuz-gecesinin-eksiksiz-hikayesi","status":"publish","type":"product","link":"https:\/\/roveyayinevi.com.tr\/index.php\/urun\/darbeye-gecit-yok-15-temmuz-gecesinin-eksiksiz-hikayesi\/","title":{"rendered":"Darbeye Ge\u00e7it Yok &#8211; 15 Temmuz Gecesinin Eksiksiz Hikayesi"},"content":{"rendered":"<p>15 Temmuz gecesinin eksiksiz hik\u00e2yesi   En uzun gece Gazeteci Abdulkadir Selvi\u2019nin, 15 Temmuz 2016 gecesi darbe giri\u015fimini haber ald\u0131\u011f\u0131 andan itibaren akl\u0131nda tek bir d\u00fc\u015f\u00fcnce vard\u0131: \u201cNe pahas\u0131na olursa olsun, darbeye kar\u015f\u0131 \u00e7\u0131kmak.\u201d Selvi\u2019nin o gece gazeteci Hande F\u0131rat\u2019la birlikte, Cumhurba\u015fkan\u0131 Erdo\u011fan\u2019la FaceTime \u00fczerinden g\u00f6r\u00fc\u015ferek yapt\u0131klar\u0131 CNN T\u00fcrk yay\u0131n\u0131, darbenin seyrini de\u011fi\u015ftirdi. Abdulkadir Selvi, 15 Temmuz\u2019un hik\u00e2yesini yazmak i\u00e7in bir\u00e7ok isimle g\u00f6r\u00fc\u015ft\u00fc ve s\u00f6yle\u015filer yapt\u0131. Bakanlara o gece ya\u015fananlar\u0131 sordu. Milletvekilleri, emniyet m\u00fcd\u00fcrleri ve \u015fehit aileleriyle konu\u015ftu. Dava s\u00fcrecinde haz\u0131rlanan iddianameleri ve eklerini inceledi. Dev bir yapbozun par\u00e7alar\u0131n\u0131 ustal\u0131kla bir araya getiren Darbeye Ge\u00e7it Yok,  15 Temmuz\u2019un birinci y\u0131ld\u00f6n\u00fcm\u00fcnde, darbe giri\u015fimine direnen farkl\u0131 kesimlerin ola\u011fan\u00fcst\u00fc m\u00fccadelesini anlat\u0131yor. <\/p>\n","protected":false},"excerpt":{"rendered":"<p>15 Temmuz gecesinin eksiksiz hik\u00e2yesi En uzun gece Gazeteci Abdulkadir Selvi\u2019nin, 15 Temmuz 2016 gecesi darbe giri\u015fimini haber ald\u0131\u011f\u0131 andan itibaren akl\u0131nda tek bir d\u00fc\u015f\u00fcnce vard\u0131:<span class=\"excerpt-hellip\"> [\u2026]<\/span><\/p>\n","protected":false},"featured_media":0,"template":"","meta":{"_monsterinsights_skip_tracking":false,"_monsterinsights_sitenote_active":false,"_monsterinsights_sitenote_note":"","_monsterinsights_sitenote_category":0},"product_brand":[],"product_cat":[13590,12337],"product_tag":[],"class_list":{"0":"post-709954","1":"product","2":"type-product","3":"status-publish","5":"product_cat-arastirma-inceleme-politika-siyaset","6":"product_cat-politika-siyaset","7":"pa_cilt-ciltsiz","8":"pa_tur-kitap","9":"pa_yayinevi-dogan-kitap","10":"pa_yazar-abdulkadir-selvi","12":"first","13":"instock","14":"sale","15":"shipping-taxable","16":"purchasable","17":"product-type-simple"},"_links":{"self":[{"href":"https:\/\/roveyayinevi.com.tr\/index.php\/wp-json\/wp\/v2\/product\/709954","targetHints":{"allow":["GET"]}}],"collection":[{"href":"https:\/\/roveyayinevi.com.tr\/index.php\/wp-json\/wp\/v2\/product"}],"about":[{"href":"https:\/\/roveyayinevi.com.tr\/index.php\/wp-json\/wp\/v2\/types\/product"}],"wp:attachment":[{"href":"https:\/\/roveyayinevi.com.tr\/index.php\/wp-json\/wp\/v2\/media?parent=709954"}],"wp:term":[{"taxonomy":"product_brand","embeddable":true,"href":"https:\/\/roveyayinevi.com.tr\/index.php\/wp-json\/wp\/v2\/product_brand?post=709954"},{"taxonomy":"product_cat","embeddable":true,"href":"https:\/\/roveyayinevi.com.tr\/index.php\/wp-json\/wp\/v2\/product_cat?post=709954"},{"taxonomy":"product_tag","embeddable":true,"href":"https:\/\/roveyayinevi.com.tr\/index.php\/wp-json\/wp\/v2\/product_tag?post=709954"}],"curies":[{"name":"wp","href":"https:\/\/api.w.org\/{rel}","templated":true}]}}