{"id":709952,"date":"2025-08-27T16:31:06","date_gmt":"2025-08-27T13:31:06","guid":{"rendered":"https:\/\/roveyayinevi.com.tr\/index.php\/urun\/cocugunun-psikologu-olmak\/"},"modified":"2026-04-16T02:18:47","modified_gmt":"2026-04-15T23:18:47","slug":"cocugunun-psikologu-olmak","status":"publish","type":"product","link":"https:\/\/roveyayinevi.com.tr\/index.php\/urun\/cocugunun-psikologu-olmak\/","title":{"rendered":"\u00c7ocu\u011funun Psikolo\u011fu Olmak"},"content":{"rendered":"<p>\u00c7ocu\u011funuzun d\u00fcnyas\u0131na ula\u015fmay\u0131 ve anlad\u0131\u011f\u0131 dilden konu\u015fmay\u0131 ba\u015fard\u0131\u011f\u0131n\u0131zda, onun ve sizinya\u015fad\u0131\u011f\u0131n\u0131z zorluklarla ba\u015fa \u00e7\u0131kman\u0131z \u00e7ok daha kolayla\u015f\u0131r. Nas\u0131l m\u0131? \u00c7ocu\u011funuzun psikolo\u011fugibi d\u00fc\u015f\u00fcnerek\u2026\u00d6L\u00dcM\u00dc, BO\u015eANMAYI ve EVLATLIK OLDUKLARINI\u00c7ocuklara anlatmakSOSYAL MEDYA BA\u011eIMLILI\u011eINDAN ve AKRAN ZORBALI\u011eINDAN\u00c7ocuklar\u0131 korumak <\/p>\n","protected":false},"excerpt":{"rendered":"<p>\u00c7ocu\u011funuzun d\u00fcnyas\u0131na ula\u015fmay\u0131 ve anlad\u0131\u011f\u0131 dilden konu\u015fmay\u0131 ba\u015fard\u0131\u011f\u0131n\u0131zda, onun ve sizinya\u015fad\u0131\u011f\u0131n\u0131z zorluklarla ba\u015fa \u00e7\u0131kman\u0131z \u00e7ok daha kolayla\u015f\u0131r. Nas\u0131l m\u0131? \u00c7ocu\u011funuzun psikolo\u011fugibi d\u00fc\u015f\u00fcnerek\u2026\u00d6L\u00dcM\u00dc, BO\u015eANMAYI ve EVLATLIK OLDUKLARINI\u00c7ocuklara<span class=\"excerpt-hellip\"> [\u2026]<\/span><\/p>\n","protected":false},"featured_media":0,"template":"","meta":{"_monsterinsights_skip_tracking":false,"_monsterinsights_sitenote_active":false,"_monsterinsights_sitenote_note":"","_monsterinsights_sitenote_category":0},"product_brand":[],"product_cat":[12831,12324],"product_tag":[],"class_list":{"0":"post-709952","1":"product","2":"type-product","3":"status-publish","5":"product_cat-aile-ve-cocuk","6":"product_cat-sosyoloji","7":"pa_cilt-ciltsiz","8":"pa_tur-kitap","9":"pa_yayinevi-bilgi-yayinevi","10":"pa_yazar-rabia-unsaldi-kole","12":"first","13":"instock","14":"sale","15":"shipping-taxable","16":"purchasable","17":"product-type-simple"},"_links":{"self":[{"href":"https:\/\/roveyayinevi.com.tr\/index.php\/wp-json\/wp\/v2\/product\/709952","targetHints":{"allow":["GET"]}}],"collection":[{"href":"https:\/\/roveyayinevi.com.tr\/index.php\/wp-json\/wp\/v2\/product"}],"about":[{"href":"https:\/\/roveyayinevi.com.tr\/index.php\/wp-json\/wp\/v2\/types\/product"}],"wp:attachment":[{"href":"https:\/\/roveyayinevi.com.tr\/index.php\/wp-json\/wp\/v2\/media?parent=709952"}],"wp:term":[{"taxonomy":"product_brand","embeddable":true,"href":"https:\/\/roveyayinevi.com.tr\/index.php\/wp-json\/wp\/v2\/product_brand?post=709952"},{"taxonomy":"product_cat","embeddable":true,"href":"https:\/\/roveyayinevi.com.tr\/index.php\/wp-json\/wp\/v2\/product_cat?post=709952"},{"taxonomy":"product_tag","embeddable":true,"href":"https:\/\/roveyayinevi.com.tr\/index.php\/wp-json\/wp\/v2\/product_tag?post=709952"}],"curies":[{"name":"wp","href":"https:\/\/api.w.org\/{rel}","templated":true}]}}