{"id":709948,"date":"2025-08-27T16:31:04","date_gmt":"2025-08-27T13:31:04","guid":{"rendered":"https:\/\/roveyayinevi.com.tr\/index.php\/urun\/ozanlar-yazarlar-kitaplar\/"},"modified":"2026-04-16T02:18:47","modified_gmt":"2026-04-15T23:18:47","slug":"ozanlar-yazarlar-kitaplar","status":"publish","type":"product","link":"https:\/\/roveyayinevi.com.tr\/index.php\/urun\/ozanlar-yazarlar-kitaplar\/","title":{"rendered":"Ozanlar, Yazarlar, Kitaplar"},"content":{"rendered":"<p>Edebiyat\u0131m\u0131z\u0131n usta kalemi Adnan Binyazar\u2019\u0131n denemeleri, derinli\u011fi, kapsay\u0131c\u0131l\u0131\u011f\u0131 ve evrenselli\u011finin yan\u0131nda a\u00e7\u0131k, ar\u0131 T\u00fcrk\u00e7esiyle de okurlar\u0131m\u0131z taraf\u0131ndan ilgiyle takip ediliyor. Binyazar, anlat\u0131m\u0131nda yaz\u0131nsal tatlar bar\u0131nd\u0131ran denemelerinde \u201cfikir g\u00f6sterisi\u201d pe\u015finde ko\u015fmuyor. Okuruna k\u00fclt\u00fcrel birikimimizin aktar\u0131lmas\u0131 konusunda yo\u011fun, a\u00e7\u0131k bir \u00e7aba sarf ediyor.\u0130lk bask\u0131s\u0131 1998 y\u0131l\u0131nda yap\u0131lan Ozanlar, Yazarlar, Kitaplar da bu \u00e7aban\u0131n \u00fcr\u00fcnlerinden biri. Bu kitapta yer alan denemeler, edebiyat\u0131m\u0131za katk\u0131da bulunmu\u015f yazar-\u015fairlerin birer portresini \u00e7iziyor. \u00d6mer Seyfettin\u2019den Nurullah Ata\u00e7\u2019a, G\u00fclten Ak\u0131n\u2019dan Adalet A\u011fao\u011flu\u2019na, hangi de\u011ferli sanat\u00e7\u0131m\u0131z\u0131n k\u00fclt\u00fcr\u00fcm\u00fcze nas\u0131l katk\u0131da bulundu\u011funu, kendi bak\u0131\u015f a\u00e7\u0131s\u0131yla de\u011ferlendiriyor. B\u00f6ylece ortaya, sonsuz yarar derleyece\u011finiz bir kaynak kitap \u00e7\u0131km\u0131\u015f oluyor. Geni\u015fletilmi\u015f, g\u00f6zden ge\u00e7irilmi\u015f yeni bask\u0131s\u0131n\u0131 sunuyoruz. <\/p>\n","protected":false},"excerpt":{"rendered":"<p>Edebiyat\u0131m\u0131z\u0131n usta kalemi Adnan Binyazar\u2019\u0131n denemeleri, derinli\u011fi, kapsay\u0131c\u0131l\u0131\u011f\u0131 ve evrenselli\u011finin yan\u0131nda a\u00e7\u0131k, ar\u0131 T\u00fcrk\u00e7esiyle de okurlar\u0131m\u0131z taraf\u0131ndan ilgiyle takip ediliyor. Binyazar, anlat\u0131m\u0131nda yaz\u0131nsal tatlar bar\u0131nd\u0131ran denemelerinde<span class=\"excerpt-hellip\"> [\u2026]<\/span><\/p>\n","protected":false},"featured_media":0,"template":"","meta":{"_monsterinsights_skip_tracking":false,"_monsterinsights_sitenote_active":false,"_monsterinsights_sitenote_note":"","_monsterinsights_sitenote_category":0},"product_brand":[],"product_cat":[12777,12291],"product_tag":[],"class_list":{"0":"post-709948","1":"product","2":"type-product","3":"status-publish","5":"product_cat-deneme","6":"product_cat-edebiyat","7":"pa_cilt-ciltsiz","8":"pa_tur-kitap","9":"pa_yayinevi-can-yayinlari","10":"pa_yazar-adnan-binyazar","12":"first","13":"instock","14":"sale","15":"shipping-taxable","16":"purchasable","17":"product-type-simple"},"_links":{"self":[{"href":"https:\/\/roveyayinevi.com.tr\/index.php\/wp-json\/wp\/v2\/product\/709948","targetHints":{"allow":["GET"]}}],"collection":[{"href":"https:\/\/roveyayinevi.com.tr\/index.php\/wp-json\/wp\/v2\/product"}],"about":[{"href":"https:\/\/roveyayinevi.com.tr\/index.php\/wp-json\/wp\/v2\/types\/product"}],"wp:attachment":[{"href":"https:\/\/roveyayinevi.com.tr\/index.php\/wp-json\/wp\/v2\/media?parent=709948"}],"wp:term":[{"taxonomy":"product_brand","embeddable":true,"href":"https:\/\/roveyayinevi.com.tr\/index.php\/wp-json\/wp\/v2\/product_brand?post=709948"},{"taxonomy":"product_cat","embeddable":true,"href":"https:\/\/roveyayinevi.com.tr\/index.php\/wp-json\/wp\/v2\/product_cat?post=709948"},{"taxonomy":"product_tag","embeddable":true,"href":"https:\/\/roveyayinevi.com.tr\/index.php\/wp-json\/wp\/v2\/product_tag?post=709948"}],"curies":[{"name":"wp","href":"https:\/\/api.w.org\/{rel}","templated":true}]}}