{"id":709947,"date":"2025-08-27T16:31:03","date_gmt":"2025-08-27T13:31:03","guid":{"rendered":"https:\/\/roveyayinevi.com.tr\/index.php\/urun\/japon-sevgili\/"},"modified":"2026-04-16T02:18:47","modified_gmt":"2026-04-15T23:18:47","slug":"japon-sevgili","status":"publish","type":"product","link":"https:\/\/roveyayinevi.com.tr\/index.php\/urun\/japon-sevgili\/","title":{"rendered":"Japon Sevgili"},"content":{"rendered":"<p>Alma\u2019yla Ichimei\u2019ye g\u00f6re bitmek bilmeyen bir s\u00fcre boyunca, kar\u015f\u0131l\u0131kl\u0131 g\u00f6nderilen bu mektuplar o gizli bulu\u015fmalar\u0131n yerini alm\u0131\u015ft\u0131. Alma\u2019n\u0131nkiler, ayr\u0131l\u0131k y\u00fcz\u00fcnden ac\u0131 \u00e7eken bir kad\u0131n\u0131n samimi ve kederli mektuplar\u0131yd\u0131; Ichimei\u2019nin mektuplar\u0131ysa durgun ve billur, berrak bir su gibiydi, ama payla\u015ft\u0131klar\u0131 o tutkulu a\u015fk sat\u0131r aralar\u0131nda y\u00fcrek gibi \u00e7arp\u0131yordu. Bu mektuplar Alma\u2019ya Ichimei\u2019nin o zarif i\u00e7 d\u00fcnyas\u0131n\u0131, heyecanlar\u0131n\u0131, d\u00fc\u015flerini, \u00f6zlemlerini ve ideallerini apa\u00e7\u0131k g\u00f6steriyordu; a\u015fk bulu\u015fmalar\u0131ndan \u00e7ok, bu mektuplar sayesinde onu tan\u0131yabilmi\u015f, sevebilmi\u015f, arzu edebilmi\u015fti. 1939\u2019da Polonya Nazi i\u015fgaline u\u011fray\u0131nca ailesi sekiz ya\u015f\u0131ndaki Alma Belasco\u2019yu San Francisco\u2019da rahat bir ya\u015fam s\u00fcren akrabalar\u0131n\u0131n yan\u0131na g\u00f6nderir. D\u00fcnyan\u0131n sava\u015fa tutu\u015ftu\u011fu d\u00f6nemde Alma ile ailenin Japon bah\u00e7\u0131van\u0131n\u0131n o\u011flu Ichimei Fukuda aras\u0131nda masum bir a\u015fk filizlenmeye ba\u015flar. Pearl Harbor sald\u0131r\u0131s\u0131n\u0131n ard\u0131ndan ABD\u2019nin \u00fclkedeki Japonlara muameleleri, kamplara kapat\u0131lan bir\u00e7ok Japon\u2019unki gibi iki \u00e2\u015f\u0131\u011f\u0131n hayat\u0131n\u0131 da alt\u00fcst eder. Onlarca y\u0131l sonra ortaya \u00e7\u0131kan gizemli mektuplar, k\u00f6keni neredeyse yetmi\u015f sene \u00f6ncesine dayanan ola\u011fan\u00fcst\u00fc bir tutkuyu ortaya \u00e7\u0131kar\u0131r. Japon Sevgili, \u015eilili yazar Isabel Allende\u2019nin kaleminden k\u0131talara ve nesillere yay\u0131lan bir a\u015fk, aidiyet ve kader hik\u00e2yesi. \ufffcTan\u0131t\u0131m Metni<\/p>\n","protected":false},"excerpt":{"rendered":"<p>Alma\u2019yla Ichimei\u2019ye g\u00f6re bitmek bilmeyen bir s\u00fcre boyunca, kar\u015f\u0131l\u0131kl\u0131 g\u00f6nderilen bu mektuplar o gizli bulu\u015fmalar\u0131n yerini alm\u0131\u015ft\u0131. Alma\u2019n\u0131nkiler, ayr\u0131l\u0131k y\u00fcz\u00fcnden ac\u0131 \u00e7eken bir kad\u0131n\u0131n samimi ve<span class=\"excerpt-hellip\"> [\u2026]<\/span><\/p>\n","protected":false},"featured_media":0,"template":"","meta":{"_monsterinsights_skip_tracking":false,"_monsterinsights_sitenote_active":false,"_monsterinsights_sitenote_note":"","_monsterinsights_sitenote_category":0},"product_brand":[],"product_cat":[12291,12711],"product_tag":[],"class_list":{"0":"post-709947","1":"product","2":"type-product","3":"status-publish","5":"product_cat-edebiyat","6":"product_cat-roman-oyku","7":"pa_cilt-ciltsiz","8":"pa_tur-kitap","9":"pa_yayinevi-can-yayinlari","10":"pa_yazar-isabel-allende","12":"first","13":"instock","14":"sale","15":"shipping-taxable","16":"purchasable","17":"product-type-simple"},"_links":{"self":[{"href":"https:\/\/roveyayinevi.com.tr\/index.php\/wp-json\/wp\/v2\/product\/709947","targetHints":{"allow":["GET"]}}],"collection":[{"href":"https:\/\/roveyayinevi.com.tr\/index.php\/wp-json\/wp\/v2\/product"}],"about":[{"href":"https:\/\/roveyayinevi.com.tr\/index.php\/wp-json\/wp\/v2\/types\/product"}],"wp:attachment":[{"href":"https:\/\/roveyayinevi.com.tr\/index.php\/wp-json\/wp\/v2\/media?parent=709947"}],"wp:term":[{"taxonomy":"product_brand","embeddable":true,"href":"https:\/\/roveyayinevi.com.tr\/index.php\/wp-json\/wp\/v2\/product_brand?post=709947"},{"taxonomy":"product_cat","embeddable":true,"href":"https:\/\/roveyayinevi.com.tr\/index.php\/wp-json\/wp\/v2\/product_cat?post=709947"},{"taxonomy":"product_tag","embeddable":true,"href":"https:\/\/roveyayinevi.com.tr\/index.php\/wp-json\/wp\/v2\/product_tag?post=709947"}],"curies":[{"name":"wp","href":"https:\/\/api.w.org\/{rel}","templated":true}]}}