{"id":709945,"date":"2025-08-27T16:31:02","date_gmt":"2025-08-27T13:31:02","guid":{"rendered":"https:\/\/roveyayinevi.com.tr\/index.php\/urun\/bir-bayram-sabahi\/"},"modified":"2026-04-16T02:18:47","modified_gmt":"2026-04-15T23:18:47","slug":"bir-bayram-sabahi","status":"publish","type":"product","link":"https:\/\/roveyayinevi.com.tr\/index.php\/urun\/bir-bayram-sabahi\/","title":{"rendered":"Bir Bayram Sabah\u0131"},"content":{"rendered":"<p>Yeni bir arkada\u015f\u0131n\u0131z olsun ister misiniz? Ad\u0131 Bilgin, fakat herkes ona Bilmi\u015f diyor. Bilmi\u015f\u2019in ser\u00fcvenlerini okurken sizi nelerin bekledi\u011fini biliyor musunuz? 23 Nisan\u2019da okunan birbirinden g\u00fczel \u015fiirler, Bir bayram sabah\u0131nda payla\u015f\u0131lan duygular, Bir bayrak alt\u0131nda ya\u015faman\u0131n \u00f6nemi ve Sahip oldu\u011fumuz de\u011ferlerin hayat\u0131m\u0131za katt\u0131klar\u0131n\u0131 vurgulayan dokunakl\u0131 \u00f6yk\u00fcler&#8230; G\u00f6rd\u00fcn\u00fcz ya, bo\u015funa Bilmi\u015f dememi\u015fler ona. \ufffcTan\u0131t\u0131m Metni<\/p>\n","protected":false},"excerpt":{"rendered":"<p>Yeni bir arkada\u015f\u0131n\u0131z olsun ister misiniz? Ad\u0131 Bilgin, fakat herkes ona Bilmi\u015f diyor. Bilmi\u015f\u2019in ser\u00fcvenlerini okurken sizi nelerin bekledi\u011fini biliyor musunuz? 23 Nisan\u2019da okunan birbirinden g\u00fczel<span class=\"excerpt-hellip\"> [\u2026]<\/span><\/p>\n","protected":false},"featured_media":0,"template":"","meta":{"_monsterinsights_skip_tracking":false,"_monsterinsights_sitenote_active":false,"_monsterinsights_sitenote_note":"","_monsterinsights_sitenote_category":0},"product_brand":[],"product_cat":[12312,12304],"product_tag":[],"class_list":{"0":"post-709945","1":"product","2":"type-product","3":"status-publish","5":"product_cat-diger","6":"product_cat-tarih","7":"pa_cilt-ciltsiz","8":"pa_tur-kitap","9":"pa_yayinevi-altin-kitaplar-ozel-urun","10":"pa_yazar-nur-icozu","12":"first","13":"instock","14":"sale","15":"shipping-taxable","16":"purchasable","17":"product-type-simple"},"_links":{"self":[{"href":"https:\/\/roveyayinevi.com.tr\/index.php\/wp-json\/wp\/v2\/product\/709945","targetHints":{"allow":["GET"]}}],"collection":[{"href":"https:\/\/roveyayinevi.com.tr\/index.php\/wp-json\/wp\/v2\/product"}],"about":[{"href":"https:\/\/roveyayinevi.com.tr\/index.php\/wp-json\/wp\/v2\/types\/product"}],"wp:attachment":[{"href":"https:\/\/roveyayinevi.com.tr\/index.php\/wp-json\/wp\/v2\/media?parent=709945"}],"wp:term":[{"taxonomy":"product_brand","embeddable":true,"href":"https:\/\/roveyayinevi.com.tr\/index.php\/wp-json\/wp\/v2\/product_brand?post=709945"},{"taxonomy":"product_cat","embeddable":true,"href":"https:\/\/roveyayinevi.com.tr\/index.php\/wp-json\/wp\/v2\/product_cat?post=709945"},{"taxonomy":"product_tag","embeddable":true,"href":"https:\/\/roveyayinevi.com.tr\/index.php\/wp-json\/wp\/v2\/product_tag?post=709945"}],"curies":[{"name":"wp","href":"https:\/\/api.w.org\/{rel}","templated":true}]}}