{"id":709944,"date":"2025-08-27T16:31:02","date_gmt":"2025-08-27T13:31:02","guid":{"rendered":"https:\/\/roveyayinevi.com.tr\/index.php\/urun\/halef\/"},"modified":"2026-04-16T02:18:47","modified_gmt":"2026-04-15T23:18:47","slug":"halef","status":"publish","type":"product","link":"https:\/\/roveyayinevi.com.tr\/index.php\/urun\/halef\/","title":{"rendered":"Halef"},"content":{"rendered":"<p>Ahir zaman\u0131 ya\u015fad\u0131\u011f\u0131m\u0131z \u015fu g\u00fcnlerde kalplerde k\u00fcllenen iman\u0131n ve \u0130slam ilimlerinin yeniden tazelenmesi i\u00e7in, \u0130slam\u2019\u0131n insanlara verdi\u011fi h\u00fcrriyeti ve derin ilimleri t\u00fcm a\u00e7\u0131kl\u0131\u011f\u0131yla kavratmak i\u00e7in, insan\u0131n k\u00e2inattaki sonsuz kere tekrarlanan hayatlar\u0131n\u0131, bu hayatlar\u0131ndaki evrelerini ve her evredeki olgunla\u015fmalar\u0131n\u0131 hat\u0131rlayabilmeleri i\u00e7in baz\u0131 ayetlerin zaman\u0131m\u0131za  ve \u00f6telerine hitap eden manalar\u0131n\u0131n a\u00e7\u0131klanmas\u0131n\u0131n vakti gelmi\u015ftir.Bu sepeple, Allah&#8217;\u0131n yery\u00fczlerindeki halifesi olan \u0130lah&#8217;\u0131n varl\u0131\u011f\u0131ndaki merkez insan\u0131, Peygamber Efendimizi (s.a.v), k\u00e2inattaki \u0130nsan-\u0131 Kebir&#8217;i, d\u00fcnyadaki \u0130nsan-\u0131 K\u00e2mil&#8217;i, FenafilRab&#8217;b\u0131, Fenafillah&#8217;\u0131, Levh-i Mahfuzu ve daha bir \u00e7ok s\u0131rr\u0131 daha iyi anlatmak, ortaya koymak i\u00e7in &#8220;Halef&#8221; isimli kitab\u0131m\u0131z\u0131 kaleme ald\u0131k.Allah\u00fc Te\u00e2l\u00e2 buyuruyor: &#8220;Siz bildiklerinizle amel edin, bilmediklerinizi biz size \u00f6\u011fretiriz&#8221;.<\/p>\n","protected":false},"excerpt":{"rendered":"<p>Ahir zaman\u0131 ya\u015fad\u0131\u011f\u0131m\u0131z \u015fu g\u00fcnlerde kalplerde k\u00fcllenen iman\u0131n ve \u0130slam ilimlerinin yeniden tazelenmesi i\u00e7in, \u0130slam\u2019\u0131n insanlara verdi\u011fi h\u00fcrriyeti ve derin ilimleri t\u00fcm a\u00e7\u0131kl\u0131\u011f\u0131yla kavratmak i\u00e7in, insan\u0131n<span class=\"excerpt-hellip\"> [\u2026]<\/span><\/p>\n","protected":false},"featured_media":0,"template":"","meta":{"_monsterinsights_skip_tracking":false,"_monsterinsights_sitenote_active":false,"_monsterinsights_sitenote_note":"","_monsterinsights_sitenote_category":0},"product_brand":[],"product_cat":[12718,12719],"product_tag":[],"class_list":{"0":"post-709944","1":"product","2":"type-product","3":"status-publish","5":"product_cat-din","6":"product_cat-islam","7":"pa_cilt-ciltsiz","8":"pa_tur-kitap","9":"pa_yayinevi-enoch-yayinlari","10":"pa_yazar-cafer-iskenderoglu","12":"first","13":"instock","14":"sale","15":"shipping-taxable","16":"purchasable","17":"product-type-simple"},"_links":{"self":[{"href":"https:\/\/roveyayinevi.com.tr\/index.php\/wp-json\/wp\/v2\/product\/709944","targetHints":{"allow":["GET"]}}],"collection":[{"href":"https:\/\/roveyayinevi.com.tr\/index.php\/wp-json\/wp\/v2\/product"}],"about":[{"href":"https:\/\/roveyayinevi.com.tr\/index.php\/wp-json\/wp\/v2\/types\/product"}],"wp:attachment":[{"href":"https:\/\/roveyayinevi.com.tr\/index.php\/wp-json\/wp\/v2\/media?parent=709944"}],"wp:term":[{"taxonomy":"product_brand","embeddable":true,"href":"https:\/\/roveyayinevi.com.tr\/index.php\/wp-json\/wp\/v2\/product_brand?post=709944"},{"taxonomy":"product_cat","embeddable":true,"href":"https:\/\/roveyayinevi.com.tr\/index.php\/wp-json\/wp\/v2\/product_cat?post=709944"},{"taxonomy":"product_tag","embeddable":true,"href":"https:\/\/roveyayinevi.com.tr\/index.php\/wp-json\/wp\/v2\/product_tag?post=709944"}],"curies":[{"name":"wp","href":"https:\/\/api.w.org\/{rel}","templated":true}]}}