{"id":709942,"date":"2025-08-27T16:31:01","date_gmt":"2025-08-27T13:31:01","guid":{"rendered":"https:\/\/roveyayinevi.com.tr\/index.php\/urun\/yasam-sanati\/"},"modified":"2026-04-16T02:18:47","modified_gmt":"2026-04-15T23:18:47","slug":"yasam-sanati","status":"publish","type":"product","link":"https:\/\/roveyayinevi.com.tr\/index.php\/urun\/yasam-sanati\/","title":{"rendered":"Ya\u015fam Sanat\u0131"},"content":{"rendered":"<p>Bireyselle\u015fmenin sonuna kadar h\u00fck\u00fcm s\u00fcrd\u00fc\u011f\u00fc ama b\u00fcsb\u00fct\u00fcn kendi tercihlerimize de dayanmayan bir toplumda, bilsek de bilmesek de, istesek de istemesek de, ho\u015flansak da ho\u015flanmasak da, hepimiz kendi hayatlar\u0131m\u0131z\u0131n sanat\u00e7\u0131lar\u0131y\u0131z. Her ne kadar kimi ara\u00e7lardan yoksun olsak da, b\u00f6ylesi bir toplumda, do\u011fru ya da yanl\u0131\u015f, kendi yeteneklerimizi ve kaynaklar\u0131m\u0131z\u0131 kullanmak i\u00e7in hayat\u0131m\u0131z\u0131 bir amaca vakfetmek isteriz. Z. Bauman, bu kitab\u0131nda, bireyin kendi \u00f6zg\u00fcc\u00fcne dayanarak hayat\u0131n\u0131 s\u00fcrd\u00fcrme \u00e7abas\u0131n\u0131 \u201cya\u015fam sanat\u0131\u201d olarak adland\u0131r\u0131r. \u201cAk\u0131\u015fkan modern toplumlarda\u201d ya\u015famak zorunda olan bireyin, ya\u015fam sanat\u0131 performans\u0131n\u0131n, ne anlama geldi\u011fi tart\u0131\u015fmal\u0131 da olsa, \u201cmutluluk\u201dla, \u201cmutlu olmak\u201d iste\u011fiyle do\u011frudan ba\u011flant\u0131s\u0131 var. Ki\u015fi bu d\u00fcnyada mutlu olmak istemektedir, ama toplum halinde ya\u015famak da sorumluluk gerektirmektedir, ki\u015fi yaln\u0131zca kendisini de\u011fil, hemcinslerini de g\u00f6zetmek zorundad\u0131r fakat \u201ct\u00fcketim toplumu\u201d mekanizmalar\u0131 i\u00e7ine \u00e7ekilmi\u015f modern insan, mutluluk aray\u0131\u015f\u0131nda toplumsal ger\u00e7ekli\u011fi bir kenara b\u0131rak\u0131p kendini merkeze alarak hareket etmektedir. Sorun da buradad\u0131r: Mutluluk aray\u0131\u015f\u0131nda tek ba\u015f\u0131na oldu\u011funu d\u00fc\u015f\u00fcnmesinden ve buna inanmas\u0131ndan \u00f6t\u00fcr\u00fc \u00e7o\u011funlukla mutsuzlukla cebelle\u015fmek zorundad\u0131r modern insan. Ama\u00e7 ve ara\u00e7lar\u0131n birbirine kar\u0131\u015ft\u0131r\u0131ld\u0131\u011f\u0131, gelge\u00e7 zevklerin ba\u015f k\u00f6\u015feye oturtuldu\u011fu t\u00fcketim toplumu insan\u0131n\u0131 mercek alt\u0131na alan Bauman, bu parlak \u00e7al\u0131\u015fmas\u0131nda, insan\u0131n kendini ger\u00e7ekle\u015ftirme ser\u00fcveninin ayd\u0131nl\u0131k oldu\u011fu kadar karanl\u0131k noktalar\u0131na da bak\u0131yor. Okuru kendi ger\u00e7ekli\u011fiyle y\u00fczle\u015fmeye davet eden Bauman, ya\u015fam sanat\u0131n\u0131n inceliklerini ustal\u0131kla g\u00f6zler \u00f6n\u00fcne seriyor, daha iyi bir ya\u015fam d\u00fc\u015f\u00fcn\u00fc de elden b\u0131rakmayarak&#8230; <\/p>\n","protected":false},"excerpt":{"rendered":"<p>Bireyselle\u015fmenin sonuna kadar h\u00fck\u00fcm s\u00fcrd\u00fc\u011f\u00fc ama b\u00fcsb\u00fct\u00fcn kendi tercihlerimize de dayanmayan bir toplumda, bilsek de bilmesek de, istesek de istemesek de, ho\u015flansak da ho\u015flanmasak da, hepimiz<span class=\"excerpt-hellip\"> [\u2026]<\/span><\/p>\n","protected":false},"featured_media":0,"template":"","meta":{"_monsterinsights_skip_tracking":false,"_monsterinsights_sitenote_active":false,"_monsterinsights_sitenote_note":"","_monsterinsights_sitenote_category":0},"product_brand":[],"product_cat":[16038,12388],"product_tag":[],"class_list":{"0":"post-709942","1":"product","2":"type-product","3":"status-publish","5":"product_cat-arastirma-inceleme-referans-felsefe","6":"product_cat-felsefe","7":"pa_cilt-ciltsiz","8":"pa_tur-kitap","9":"pa_yayinevi-ayrinti-yayinlari","10":"pa_yazar-zygmunt-bauman","12":"first","13":"instock","14":"sale","15":"shipping-taxable","16":"purchasable","17":"product-type-simple"},"_links":{"self":[{"href":"https:\/\/roveyayinevi.com.tr\/index.php\/wp-json\/wp\/v2\/product\/709942","targetHints":{"allow":["GET"]}}],"collection":[{"href":"https:\/\/roveyayinevi.com.tr\/index.php\/wp-json\/wp\/v2\/product"}],"about":[{"href":"https:\/\/roveyayinevi.com.tr\/index.php\/wp-json\/wp\/v2\/types\/product"}],"wp:attachment":[{"href":"https:\/\/roveyayinevi.com.tr\/index.php\/wp-json\/wp\/v2\/media?parent=709942"}],"wp:term":[{"taxonomy":"product_brand","embeddable":true,"href":"https:\/\/roveyayinevi.com.tr\/index.php\/wp-json\/wp\/v2\/product_brand?post=709942"},{"taxonomy":"product_cat","embeddable":true,"href":"https:\/\/roveyayinevi.com.tr\/index.php\/wp-json\/wp\/v2\/product_cat?post=709942"},{"taxonomy":"product_tag","embeddable":true,"href":"https:\/\/roveyayinevi.com.tr\/index.php\/wp-json\/wp\/v2\/product_tag?post=709942"}],"curies":[{"name":"wp","href":"https:\/\/api.w.org\/{rel}","templated":true}]}}