{"id":709941,"date":"2025-08-27T16:31:00","date_gmt":"2025-08-27T13:31:00","guid":{"rendered":"https:\/\/roveyayinevi.com.tr\/index.php\/urun\/intikamlar\/"},"modified":"2026-04-16T02:18:47","modified_gmt":"2026-04-15T23:18:47","slug":"intikamlar","status":"publish","type":"product","link":"https:\/\/roveyayinevi.com.tr\/index.php\/urun\/intikamlar\/","title":{"rendered":"\u0130ntikamlar"},"content":{"rendered":"<p>Marc bir sabah metroda alkol komas\u0131n\u0131n e\u015fi\u011finde olan bir k\u0131za rastlar; k\u0131z\u0131 al\u0131p evine g\u00f6t\u00fcr\u00fcr. K\u0131z birka\u00e7 saat sonra ortadan kaybolur. Kimdir bu esrarengiz k\u0131z? Evdeki her \u015feyi neden k\u0131r\u0131p d\u00f6km\u00fc\u015ft\u00fcr? Marc ni\u00e7in onu yeniden g\u00f6rme ihtiyac\u0131 hissetmi\u015ftir? \u0130ntikamlar hi\u00e7bir \u015feyi kadere bor\u00e7lu olmad\u0131\u011f\u0131m\u0131z\u0131 ortaya seren, beklenmedik \u00e7arp\u0131\u015fmalarla yol alan m\u00fcthi\u015f bir anlat\u0131&#8230; Fransa\u2019n\u0131n \u201crock\u201d yazar\u0131 Djian\u2019\u0131n as\u0131l dehas\u0131, tek bir c\u00fcmleyle metnine kazand\u0131rd\u0131\u011f\u0131, bisiklet s\u00fcrmeyi bilmeyen birinin hissetti\u011fi itkiye benzer h\u0131zdan ileri gelir: durursan d\u00fc\u015fersin. Ama Djian okurken durulmaz, r\u00fczg\u00e2r\u0131n tokad\u0131yla s\u00fcr\u00fcklenilir belki ama geri d\u00f6n\u00fcp bak\u0131lmaz. Soluklanacak zaman kalmaz. Elbette kendine mahsus anlat\u0131 yollar\u0131na ba\u015fvurur. Bo\u015fluklar\u0131, okurun hayal g\u00fcc\u00fc tamamlar. Djian\u2019\u0131n sanat\u0131 her c\u00fcmlesinde a\u00e7\u0131\u011fa \u00e7\u0131kar, bunlar o kadar duru ve okumas\u0131 \u00f6yle kolay c\u00fcmlelerdir ki, gizledikleri gayret asla g\u00f6ze \u00e7arpmaz. \u0130ntikamlar sade olandaki g\u00fczelli\u011fi ve derin anlamlar\u0131 okurun bak\u0131\u015f\u0131na sunmakta, hep oldu\u011fu gibi yetenek ve zek\u00e2n\u0131n ince i\u015f\u00e7ili\u011fine yaslanarak&#8230; <\/p>\n","protected":false},"excerpt":{"rendered":"<p>Marc bir sabah metroda alkol komas\u0131n\u0131n e\u015fi\u011finde olan bir k\u0131za rastlar; k\u0131z\u0131 al\u0131p evine g\u00f6t\u00fcr\u00fcr. K\u0131z birka\u00e7 saat sonra ortadan kaybolur. Kimdir bu esrarengiz k\u0131z? Evdeki<span class=\"excerpt-hellip\"> [\u2026]<\/span><\/p>\n","protected":false},"featured_media":0,"template":"","meta":{"_monsterinsights_skip_tracking":false,"_monsterinsights_sitenote_active":false,"_monsterinsights_sitenote_note":"","_monsterinsights_sitenote_category":0},"product_brand":[],"product_cat":[12291,12711],"product_tag":[],"class_list":{"0":"post-709941","1":"product","2":"type-product","3":"status-publish","5":"product_cat-edebiyat","6":"product_cat-roman-oyku","7":"pa_cilt-ciltsiz","8":"pa_tur-kitap","9":"pa_yayinevi-ayrinti-yayinlari","10":"pa_yazar-philippe-djian","12":"first","13":"instock","14":"sale","15":"shipping-taxable","16":"purchasable","17":"product-type-simple"},"_links":{"self":[{"href":"https:\/\/roveyayinevi.com.tr\/index.php\/wp-json\/wp\/v2\/product\/709941","targetHints":{"allow":["GET"]}}],"collection":[{"href":"https:\/\/roveyayinevi.com.tr\/index.php\/wp-json\/wp\/v2\/product"}],"about":[{"href":"https:\/\/roveyayinevi.com.tr\/index.php\/wp-json\/wp\/v2\/types\/product"}],"wp:attachment":[{"href":"https:\/\/roveyayinevi.com.tr\/index.php\/wp-json\/wp\/v2\/media?parent=709941"}],"wp:term":[{"taxonomy":"product_brand","embeddable":true,"href":"https:\/\/roveyayinevi.com.tr\/index.php\/wp-json\/wp\/v2\/product_brand?post=709941"},{"taxonomy":"product_cat","embeddable":true,"href":"https:\/\/roveyayinevi.com.tr\/index.php\/wp-json\/wp\/v2\/product_cat?post=709941"},{"taxonomy":"product_tag","embeddable":true,"href":"https:\/\/roveyayinevi.com.tr\/index.php\/wp-json\/wp\/v2\/product_tag?post=709941"}],"curies":[{"name":"wp","href":"https:\/\/api.w.org\/{rel}","templated":true}]}}