{"id":709939,"date":"2025-08-27T16:30:59","date_gmt":"2025-08-27T13:30:59","guid":{"rendered":"https:\/\/roveyayinevi.com.tr\/index.php\/urun\/beyaz-zambaklar-ulkesinde-9\/"},"modified":"2026-04-16T02:18:47","modified_gmt":"2026-04-15T23:18:47","slug":"beyaz-zambaklar-ulkesinde-9","status":"publish","type":"product","link":"https:\/\/roveyayinevi.com.tr\/index.php\/urun\/beyaz-zambaklar-ulkesinde-9\/","title":{"rendered":"Beyaz Zambaklar \u00dclkesinde"},"content":{"rendered":"<p>Halk\u0131n haf\u0131zas\u0131 h\u00e2l\u00e2 bir muammad\u0131r: Y\u00fcz y\u0131l \u00f6nce b\u00fct\u00fcn Rusya\u2019da yank\u0131lanan, \u00fclkenin d\u00f6rt bir yan\u0131ndan hayran kalabal\u0131klar\u0131 kendine toplayan, ate\u015fli gazete tart\u0131\u015fmalar\u0131na yol a\u00e7an Grigory Petrov isminin y\u00fcz y\u0131l sonra art\u0131k sadece uzman tarih\u00e7ilerin bildi\u011fi bir isim olaca\u011f\u0131 kimin akl\u0131na gelirdi&#8230; Grigory Petrov bir rahip olarak \u00fcnlendi. Parlak vaazlar\u0131 ve konu\u015fmalar\u0131 b\u00fct\u00fcn Petersburg\u2019da konu\u015fuluyordu. Hatiplik yetene\u011fi edebi yetenekle kayna\u015fm\u0131\u015ft\u0131. Filozof Rozanov \u015funlar\u0131 s\u00f6yler onun i\u00e7in: \u201cKitap piyasas\u0131na h\u00e2kim olan\u0131n Tolstoy ve Maksim Gorki de\u011fil, rahip Petrov oldu\u011fu rahat\u00e7a s\u00f6ylenebilir; Petersburg\u2019da en sevilen, s\u0131radan halk taraf\u0131ndan da sevilen bir vaiz o&#8230;\u201d Petrov 1920 y\u0131l\u0131n\u0131n sonunda K\u0131r\u0131m\u2019dan g\u00f6\u00e7 etti. \u00d6ld\u00fckten sonra bile ismini ya\u015fatacak olan kitab\u0131n\u0131 1923 y\u0131l\u0131nda yazd\u0131. Kitap en az yazar\u0131n\u0131nki kadar \u015fa\u015f\u0131rt\u0131c\u0131 olan maceral\u0131 bir hayat s\u00fcrd\u00fc. Beyaz Zambaklar \u00dclkesi, Finlandiya\u2019d\u0131r. Ama Petrov\u2019un \u00e7ok iyi bildi\u011fi ve uzun s\u00fcre ya\u015fad\u0131\u011f\u0131 Finlandiya de\u011fil, ideal bir devlet, \u201cvaat edilmi\u015f \u00fclke,\u201d ne olursa olsun gidilmesi gereken m\u00fckemmel bir \u00fctopyad\u0131r. \u00c7\u00fcnk\u00fc Finlandiya, Petrov\u2019a g\u00f6re, yoksulluktan ve olanaks\u0131zl\u0131ktan \u00e7\u0131km\u0131\u015f, ekonomi, politika ve k\u00fclt\u00fcr alanlar\u0131nda ideal bir toplumu yurtta\u015flar\u0131, \u201chayat mimarlar\u0131,\u201d yorulmak bilmeden \u00e7al\u0131\u015fan insanlar sayesinde in\u015fa etmi\u015ftir. Bu \u00e7arp\u0131c\u0131 roman \u201chayat\u0131n yenilenmesi\u201d i\u00e7in bir rehber niteli\u011findedir&#8230; <\/p>\n","protected":false},"excerpt":{"rendered":"<p>Halk\u0131n haf\u0131zas\u0131 h\u00e2l\u00e2 bir muammad\u0131r: Y\u00fcz y\u0131l \u00f6nce b\u00fct\u00fcn Rusya\u2019da yank\u0131lanan, \u00fclkenin d\u00f6rt bir yan\u0131ndan hayran kalabal\u0131klar\u0131 kendine toplayan, ate\u015fli gazete tart\u0131\u015fmalar\u0131na yol a\u00e7an Grigory Petrov<span class=\"excerpt-hellip\"> [\u2026]<\/span><\/p>\n","protected":false},"featured_media":0,"template":"","meta":{"_monsterinsights_skip_tracking":false,"_monsterinsights_sitenote_active":false,"_monsterinsights_sitenote_note":"","_monsterinsights_sitenote_category":0},"product_brand":[],"product_cat":[13661,12291],"product_tag":[],"class_list":{"0":"post-709939","1":"product","2":"type-product","3":"status-publish","5":"product_cat-diger-ulke-edebiyatlari","6":"product_cat-edebiyat","7":"pa_cilt-ciltsiz","8":"pa_tur-kitap","9":"pa_yayinevi-ayrinti-yayinlari","10":"pa_yazar-grigoriy-petrov","12":"first","13":"instock","14":"sale","15":"shipping-taxable","16":"purchasable","17":"product-type-simple"},"_links":{"self":[{"href":"https:\/\/roveyayinevi.com.tr\/index.php\/wp-json\/wp\/v2\/product\/709939","targetHints":{"allow":["GET"]}}],"collection":[{"href":"https:\/\/roveyayinevi.com.tr\/index.php\/wp-json\/wp\/v2\/product"}],"about":[{"href":"https:\/\/roveyayinevi.com.tr\/index.php\/wp-json\/wp\/v2\/types\/product"}],"wp:attachment":[{"href":"https:\/\/roveyayinevi.com.tr\/index.php\/wp-json\/wp\/v2\/media?parent=709939"}],"wp:term":[{"taxonomy":"product_brand","embeddable":true,"href":"https:\/\/roveyayinevi.com.tr\/index.php\/wp-json\/wp\/v2\/product_brand?post=709939"},{"taxonomy":"product_cat","embeddable":true,"href":"https:\/\/roveyayinevi.com.tr\/index.php\/wp-json\/wp\/v2\/product_cat?post=709939"},{"taxonomy":"product_tag","embeddable":true,"href":"https:\/\/roveyayinevi.com.tr\/index.php\/wp-json\/wp\/v2\/product_tag?post=709939"}],"curies":[{"name":"wp","href":"https:\/\/api.w.org\/{rel}","templated":true}]}}