{"id":709938,"date":"2025-08-27T16:30:59","date_gmt":"2025-08-27T13:30:59","guid":{"rendered":"https:\/\/roveyayinevi.com.tr\/index.php\/urun\/jack-kerouacin-yalniz-hayati-anlatim-her-seydir\/"},"modified":"2026-04-16T02:18:47","modified_gmt":"2026-04-15T23:18:47","slug":"jack-kerouacin-yalniz-hayati-anlatim-her-seydir","status":"publish","type":"product","link":"https:\/\/roveyayinevi.com.tr\/index.php\/urun\/jack-kerouacin-yalniz-hayati-anlatim-her-seydir\/","title":{"rendered":"Jack Kerouac&#8217;\u0131n Yaln\u0131z Hayat\u0131 (Anlat\u0131m Her \u015eeydir)"},"content":{"rendered":"<p>1958 y\u0131l\u0131nda, Yolda\u2019n\u0131n yay\u0131mlanmas\u0131ndan sonra Allen Ginsberg, Jack Kerouac\u2019\u0131n yazma metodunu \u201cspontan bop \u00f6l\u00e7\u00fcs\u00fc\u201d olarak tan\u0131mlad\u0131\u011f\u0131nda bu terim hemen tutulurken, yan\u0131lt\u0131c\u0131 oldu\u011fu da ortaya \u00e7\u0131kacakt\u0131. \u015eark\u0131c\u0131 Patti Smith gibi yanl\u0131\u015f bilgilendirilmi\u015f Kerouac hayranlar\u0131, \u201dKelimeleri k\u00e2\u011f\u0131da p\u00fcsk\u00fcrtt\u00fc yaln\u0131zca!\u201d diye \u00e7\u0131\u011fl\u0131klar att\u0131lar bug\u00fcne kadar. E\u011fer kelimeler yaln\u0131zca p\u00fcsk\u00fcrt\u00fclm\u00fc\u015f olsayd\u0131, \u015fu an onlar\u0131 okuyor olmazd\u0131k. Jack\u2019in edebi \u015f\u00f6hreti a\u00e7\u0131s\u0131ndan olumsuz yarg\u0131lar do\u011furan spontan yaz\u0131 fikri, s\u00fcrecin kolay oldu\u011funu getiriyordu akla; i\u015fin i\u00e7indeki muazzam disiplini, Jack\u2019in iki dillili\u011finden do\u011fan ola\u011fand\u0131\u015f\u0131 dilsel hassasiyetini, yazarl\u0131\u011f\u0131n\u0131 \u015fekillendiren i\u00e7g\u00fcd\u00fcsel ve \u00f6\u011frenilmi\u015f estetik yarg\u0131lar\u0131n\u0131 ve nihayetinde \u201cpenceresinden\u201d atlay\u0131p u\u00e7suz bucaks\u0131z Amerikan topraklar\u0131na ve roman yaz\u0131m\u0131ndaki bilinmeyen b\u00f6lgeye \u00e7\u0131kmas\u0131n\u0131 sa\u011flayan t\u00fcm \u00e7al\u0131\u015fmalar\u0131n\u0131, kolay g\u00f6r\u00fcnen ip cambazl\u0131\u011f\u0131n\u0131n \u00f6ncesindeki t\u00fcm provalar\u0131n\u0131 g\u00f6rmezden geliyordu. Bamba\u015fka bir hayatt\u0131 onunki. Yak\u0131\u015f\u0131kl\u0131 ve sert y\u00fcz hatlar\u0131n\u0131n ard\u0131nda \u0131st\u0131rap i\u00e7inde bir ruh ve bir melankoli bulutu dolan\u0131rd\u0131. Teselliyi alkol, uyu\u015fturucu, cinsellik, caz ve edebiyatta arad\u0131. G\u00f6\u00e7men bir ailenin \u00e7ocu\u011fu olarak d\u00fcnyaya geldi\u011fi Amerika\u2019da k\u0131tan\u0131n bir ucundan di\u011ferine savrulan bedeni gibi ruhu da dinginli\u011fi hi\u00e7bir zaman bulamad\u0131. <\/p>\n","protected":false},"excerpt":{"rendered":"<p>1958 y\u0131l\u0131nda, Yolda\u2019n\u0131n yay\u0131mlanmas\u0131ndan sonra Allen Ginsberg, Jack Kerouac\u2019\u0131n yazma metodunu \u201cspontan bop \u00f6l\u00e7\u00fcs\u00fc\u201d olarak tan\u0131mlad\u0131\u011f\u0131nda bu terim hemen tutulurken, yan\u0131lt\u0131c\u0131 oldu\u011fu da ortaya \u00e7\u0131kacakt\u0131. \u015eark\u0131c\u0131<span class=\"excerpt-hellip\"> [\u2026]<\/span><\/p>\n","protected":false},"featured_media":0,"template":"","meta":{"_monsterinsights_skip_tracking":false,"_monsterinsights_sitenote_active":false,"_monsterinsights_sitenote_note":"","_monsterinsights_sitenote_category":0},"product_brand":[],"product_cat":[13946,12304],"product_tag":[],"class_list":{"0":"post-709938","1":"product","2":"type-product","3":"status-publish","5":"product_cat-biyografi-otobiyografi","6":"product_cat-tarih","7":"pa_cilt-ciltsiz","8":"pa_tur-kitap","9":"pa_yayinevi-ayrinti-yayinlari","10":"pa_yazar-joyce-johnson","12":"first","13":"instock","14":"sale","15":"shipping-taxable","16":"purchasable","17":"product-type-simple"},"_links":{"self":[{"href":"https:\/\/roveyayinevi.com.tr\/index.php\/wp-json\/wp\/v2\/product\/709938","targetHints":{"allow":["GET"]}}],"collection":[{"href":"https:\/\/roveyayinevi.com.tr\/index.php\/wp-json\/wp\/v2\/product"}],"about":[{"href":"https:\/\/roveyayinevi.com.tr\/index.php\/wp-json\/wp\/v2\/types\/product"}],"wp:attachment":[{"href":"https:\/\/roveyayinevi.com.tr\/index.php\/wp-json\/wp\/v2\/media?parent=709938"}],"wp:term":[{"taxonomy":"product_brand","embeddable":true,"href":"https:\/\/roveyayinevi.com.tr\/index.php\/wp-json\/wp\/v2\/product_brand?post=709938"},{"taxonomy":"product_cat","embeddable":true,"href":"https:\/\/roveyayinevi.com.tr\/index.php\/wp-json\/wp\/v2\/product_cat?post=709938"},{"taxonomy":"product_tag","embeddable":true,"href":"https:\/\/roveyayinevi.com.tr\/index.php\/wp-json\/wp\/v2\/product_tag?post=709938"}],"curies":[{"name":"wp","href":"https:\/\/api.w.org\/{rel}","templated":true}]}}