{"id":709937,"date":"2025-08-27T16:30:58","date_gmt":"2025-08-27T13:30:58","guid":{"rendered":"https:\/\/roveyayinevi.com.tr\/index.php\/urun\/bir-dunya-cikartma\/"},"modified":"2026-04-16T02:18:47","modified_gmt":"2026-04-15T23:18:47","slug":"bir-dunya-cikartma","status":"publish","type":"product","link":"https:\/\/roveyayinevi.com.tr\/index.php\/urun\/bir-dunya-cikartma\/","title":{"rendered":"Bir D\u00fcnya \u00c7\u0131kartma"},"content":{"rendered":"<p>Mumi Vadisi\u2019nde her zaman yapacak bir \u015feyler vard\u0131r! Elma toplayabilir, atk\u0131 \u00f6rebilir veya dans edebilirsin! Birileri suya girmeden \u00f6nce mayosunu mu unutmu\u015f? Peki resimlerdeki tuhaf \u015feyleri fark ettin mi? Bu e\u011flenceli kitaptaki bilmeceleri, \u00e7\u0131kartmalar\u0131 kullanarak \u00e7\u00f6zebilirsin. Kendine rahat bir yer bul, yerine yerle\u015f ve hemen kitab\u0131na ba\u015fla! \ufffcTan\u0131t\u0131m Metni<\/p>\n","protected":false},"excerpt":{"rendered":"<p>Mumi Vadisi\u2019nde her zaman yapacak bir \u015feyler vard\u0131r! Elma toplayabilir, atk\u0131 \u00f6rebilir veya dans edebilirsin! Birileri suya girmeden \u00f6nce mayosunu mu unutmu\u015f? Peki resimlerdeki tuhaf \u015feyleri<span class=\"excerpt-hellip\"> [\u2026]<\/span><\/p>\n","protected":false},"featured_media":0,"template":"","meta":{"_monsterinsights_skip_tracking":false,"_monsterinsights_sitenote_active":false,"_monsterinsights_sitenote_note":"","_monsterinsights_sitenote_category":0},"product_brand":[],"product_cat":[12554,12274],"product_tag":[],"class_list":{"0":"post-709937","1":"product","2":"type-product","3":"status-publish","5":"product_cat-cikartmali-kitaplar","6":"product_cat-cocuk-ve-genclik-kitaplari","7":"pa_cilt-ciltsiz","8":"pa_tur-kitap","9":"pa_yayinevi-dinozor-cocuk","10":"pa_yazar-tove-jansson","12":"first","13":"instock","14":"sale","15":"shipping-taxable","16":"purchasable","17":"product-type-simple"},"_links":{"self":[{"href":"https:\/\/roveyayinevi.com.tr\/index.php\/wp-json\/wp\/v2\/product\/709937","targetHints":{"allow":["GET"]}}],"collection":[{"href":"https:\/\/roveyayinevi.com.tr\/index.php\/wp-json\/wp\/v2\/product"}],"about":[{"href":"https:\/\/roveyayinevi.com.tr\/index.php\/wp-json\/wp\/v2\/types\/product"}],"wp:attachment":[{"href":"https:\/\/roveyayinevi.com.tr\/index.php\/wp-json\/wp\/v2\/media?parent=709937"}],"wp:term":[{"taxonomy":"product_brand","embeddable":true,"href":"https:\/\/roveyayinevi.com.tr\/index.php\/wp-json\/wp\/v2\/product_brand?post=709937"},{"taxonomy":"product_cat","embeddable":true,"href":"https:\/\/roveyayinevi.com.tr\/index.php\/wp-json\/wp\/v2\/product_cat?post=709937"},{"taxonomy":"product_tag","embeddable":true,"href":"https:\/\/roveyayinevi.com.tr\/index.php\/wp-json\/wp\/v2\/product_tag?post=709937"}],"curies":[{"name":"wp","href":"https:\/\/api.w.org\/{rel}","templated":true}]}}