{"id":709936,"date":"2025-08-27T16:30:57","date_gmt":"2025-08-27T13:30:57","guid":{"rendered":"https:\/\/roveyayinevi.com.tr\/index.php\/urun\/21-tirtil-nereye-gidiyordu\/"},"modified":"2026-04-16T02:18:47","modified_gmt":"2026-04-15T23:18:47","slug":"21-tirtil-nereye-gidiyordu","status":"publish","type":"product","link":"https:\/\/roveyayinevi.com.tr\/index.php\/urun\/21-tirtil-nereye-gidiyordu\/","title":{"rendered":"21 T\u0131rt\u0131l Nereye Gidiyordu?"},"content":{"rendered":"<p>Bir yolculuktur t\u0131rt\u0131llar\u0131n hayat\u0131&#8230; Yumurtalar\u0131ndan \u00e7\u0131karlar yerler, gezerler yerler, oynarlar yerler. Onlar\u0131n hayat\u0131 ye\u015fil yapraklard\u0131r&#8230; Nihayetinde b\u00fcy\u00fcy\u00fcp bir a\u011fa\u00e7 dal\u0131na ula\u015f\u0131r ve pamuk gibi kozalar\u0131n\u0131 \u00f6r\u00fcp, hayata bir kelebek olarak yeniden d\u00f6nmek \u00fczere beklemeye ba\u015flarlar&#8230; \u0130\u015fte 21 T\u0131rt\u0131l Nereye Gidiyordu? kitab\u0131nda tam da bu yolculu\u011fu anlat\u0131yor ozan Ya\u015far Mira\u00e7. Ama biraz renkli, oyunlu ve maceral\u0131 bir yolculuk bu. \u00d6nce t\u0131rt\u0131llar bulu\u015fuyor, arkada\u015f oluyorlar. Sonra birdirbir ve k\u00f6rebe oynuyor; koca bir g\u00f6l\u00fc kar\u015f\u0131dan kar\u015f\u0131ya ge\u00e7iyor, bir kurba\u011fan\u0131n yaral\u0131 dizini tedavi ediyorlar&#8230; T\u00fcm \u00fcyelerinin kendine \u00f6zg\u00fc \u00f6zelli\u011fi olan bu kocaman t\u0131rt\u0131l ailesiyle tan\u0131\u015fmaya ve onlar\u0131n ser\u00fcvenine kat\u0131lmaya haz\u0131r m\u0131s\u0131n? \ufffcTan\u0131t\u0131m Metni<\/p>\n","protected":false},"excerpt":{"rendered":"<p>Bir yolculuktur t\u0131rt\u0131llar\u0131n hayat\u0131&#8230; Yumurtalar\u0131ndan \u00e7\u0131karlar yerler, gezerler yerler, oynarlar yerler. Onlar\u0131n hayat\u0131 ye\u015fil yapraklard\u0131r&#8230; Nihayetinde b\u00fcy\u00fcy\u00fcp bir a\u011fa\u00e7 dal\u0131na ula\u015f\u0131r ve pamuk gibi kozalar\u0131n\u0131 \u00f6r\u00fcp,<span class=\"excerpt-hellip\"> [\u2026]<\/span><\/p>\n","protected":false},"featured_media":0,"template":"","meta":{"_monsterinsights_skip_tracking":false,"_monsterinsights_sitenote_active":false,"_monsterinsights_sitenote_note":"","_monsterinsights_sitenote_category":0},"product_brand":[],"product_cat":[12274,12284],"product_tag":[],"class_list":{"0":"post-709936","1":"product","2":"type-product","3":"status-publish","5":"product_cat-cocuk-ve-genclik-kitaplari","6":"product_cat-hikayeler","7":"pa_cilt-ciltsiz","8":"pa_tur-kitap","9":"pa_yayinevi-dinozor-cocuk","10":"pa_yazar-yasar-mirac","12":"first","13":"instock","14":"sale","15":"shipping-taxable","16":"purchasable","17":"product-type-simple"},"_links":{"self":[{"href":"https:\/\/roveyayinevi.com.tr\/index.php\/wp-json\/wp\/v2\/product\/709936","targetHints":{"allow":["GET"]}}],"collection":[{"href":"https:\/\/roveyayinevi.com.tr\/index.php\/wp-json\/wp\/v2\/product"}],"about":[{"href":"https:\/\/roveyayinevi.com.tr\/index.php\/wp-json\/wp\/v2\/types\/product"}],"wp:attachment":[{"href":"https:\/\/roveyayinevi.com.tr\/index.php\/wp-json\/wp\/v2\/media?parent=709936"}],"wp:term":[{"taxonomy":"product_brand","embeddable":true,"href":"https:\/\/roveyayinevi.com.tr\/index.php\/wp-json\/wp\/v2\/product_brand?post=709936"},{"taxonomy":"product_cat","embeddable":true,"href":"https:\/\/roveyayinevi.com.tr\/index.php\/wp-json\/wp\/v2\/product_cat?post=709936"},{"taxonomy":"product_tag","embeddable":true,"href":"https:\/\/roveyayinevi.com.tr\/index.php\/wp-json\/wp\/v2\/product_tag?post=709936"}],"curies":[{"name":"wp","href":"https:\/\/api.w.org\/{rel}","templated":true}]}}