{"id":709935,"date":"2025-08-27T16:30:57","date_gmt":"2025-08-27T13:30:57","guid":{"rendered":"https:\/\/roveyayinevi.com.tr\/index.php\/urun\/norofinans-2\/"},"modified":"2026-04-16T02:18:47","modified_gmt":"2026-04-15T23:18:47","slug":"norofinans-2","status":"publish","type":"product","link":"https:\/\/roveyayinevi.com.tr\/index.php\/urun\/norofinans-2\/","title":{"rendered":"N\u00f6rofinans"},"content":{"rendered":"<p>\u201cK\u00fcresel para sava\u015flar\u0131\u201d, 2008 Wall Street merkezli k\u00fcresel mali krizin k\u00fcresel ekonomiyi getirdi\u011fi noktay\u0131 en iyi anlatan tan\u0131m. Amerikan ordusu Mart 2009\u2019dan itibaren 60 ekonomi ve finans uzman\u0131n\u0131n rehberli\u011finde k\u00fcresel finans sava\u015f\u0131 tatbikat\u0131 yap\u0131yor. Gelecek yirmi y\u0131lda \u00f6nce kur sava\u015flar\u0131, ticaret sava\u015flar\u0131 ve topyek\u00fbn k\u00fcresel bir finans sava\u015f\u0131yla birlikte konvansiyonel silahlar\u0131n kullan\u0131ld\u0131\u011f\u0131 bir sava\u015f ihtimali hayli y\u00fcksek.Vahiy dinleri, mitolojik dinler ve sek\u00fcler dinlerin inananlar\u0131 \u00fctopik \u201cyeni d\u00fcnya d\u00fczeni\u201d projesi i\u00e7in para oyunlar\u0131yla d\u00f6n\u00fc\u015ft\u00fcr\u00fclmeye \u00e7al\u0131\u015f\u0131l\u0131yor. Bilime dayand\u0131klar\u0131 iddias\u0131ndaki kom\u00fcnizm ve Nazizm ile ba\u015far\u0131lamayan, d\u00fcnyan\u0131n tek bir y\u00f6netim bi\u00e7imi ve ekonomik d\u00fczende \u2013evrensel demokrasi ya da k\u00fcresel serbest piyasa\u2013 birle\u015fece\u011fini \u00f6ne s\u00fcren \u2013soldan sa\u011fa evrilen\u2013 yeni muhafazak\u00e2r teorilerle varl\u0131\u011f\u0131n\u0131 s\u00fcrd\u00fcr\u00fcyor. John Gray\u2019in dedi\u011fi gibi:\u201c\u0130nsanl\u0131\u011f\u0131n yeni bir \u00e7a\u011f\u0131n e\u015fi\u011finde oldu\u011fu yolundaki bu inan\u00e7, her ne kadar sosyal bilimler kisvesi alt\u0131nda sunulduysa da, basbaya\u011f\u0131 \u00e7ok eski \u00e7a\u011flara dayanan apokaliptik inan\u00e7lar\u0131n en son bi\u00e7imidir.\u201dA\u00e7\u0131k\u00e7as\u0131 \u201cfinansal Armagedon\u201d ile post-apokaliptik bir cennet vaat ediliyor. <\/p>\n","protected":false},"excerpt":{"rendered":"<p>\u201cK\u00fcresel para sava\u015flar\u0131\u201d, 2008 Wall Street merkezli k\u00fcresel mali krizin k\u00fcresel ekonomiyi getirdi\u011fi noktay\u0131 en iyi anlatan tan\u0131m. Amerikan ordusu Mart 2009\u2019dan itibaren 60 ekonomi ve<span class=\"excerpt-hellip\"> [\u2026]<\/span><\/p>\n","protected":false},"featured_media":0,"template":"","meta":{"_monsterinsights_skip_tracking":false,"_monsterinsights_sitenote_active":false,"_monsterinsights_sitenote_note":"","_monsterinsights_sitenote_category":0},"product_brand":[],"product_cat":[13590,12337],"product_tag":[],"class_list":{"0":"post-709935","1":"product","2":"type-product","3":"status-publish","5":"product_cat-arastirma-inceleme-politika-siyaset","6":"product_cat-politika-siyaset","7":"pa_cilt-ciltsiz","8":"pa_tur-kitap","9":"pa_yayinevi-destek-yayinlari","10":"pa_yazar-ramazan-kurtoglu","12":"first","13":"instock","14":"sale","15":"shipping-taxable","16":"purchasable","17":"product-type-simple"},"_links":{"self":[{"href":"https:\/\/roveyayinevi.com.tr\/index.php\/wp-json\/wp\/v2\/product\/709935","targetHints":{"allow":["GET"]}}],"collection":[{"href":"https:\/\/roveyayinevi.com.tr\/index.php\/wp-json\/wp\/v2\/product"}],"about":[{"href":"https:\/\/roveyayinevi.com.tr\/index.php\/wp-json\/wp\/v2\/types\/product"}],"wp:attachment":[{"href":"https:\/\/roveyayinevi.com.tr\/index.php\/wp-json\/wp\/v2\/media?parent=709935"}],"wp:term":[{"taxonomy":"product_brand","embeddable":true,"href":"https:\/\/roveyayinevi.com.tr\/index.php\/wp-json\/wp\/v2\/product_brand?post=709935"},{"taxonomy":"product_cat","embeddable":true,"href":"https:\/\/roveyayinevi.com.tr\/index.php\/wp-json\/wp\/v2\/product_cat?post=709935"},{"taxonomy":"product_tag","embeddable":true,"href":"https:\/\/roveyayinevi.com.tr\/index.php\/wp-json\/wp\/v2\/product_tag?post=709935"}],"curies":[{"name":"wp","href":"https:\/\/api.w.org\/{rel}","templated":true}]}}