{"id":709934,"date":"2025-08-27T16:30:56","date_gmt":"2025-08-27T13:30:56","guid":{"rendered":"https:\/\/roveyayinevi.com.tr\/index.php\/urun\/alaaddinin-sihirli-lambasi-3\/"},"modified":"2026-04-16T02:18:47","modified_gmt":"2026-04-15T23:18:47","slug":"alaaddinin-sihirli-lambasi-3","status":"publish","type":"product","link":"https:\/\/roveyayinevi.com.tr\/index.php\/urun\/alaaddinin-sihirli-lambasi-3\/","title":{"rendered":"Alaaddin\u2019in Sihirli Lambas\u0131"},"content":{"rendered":"<p>Alaaddin\u2019in Sihirli Lambas\u0131, Binbir Gece Masallar\u0131\u2019ndan uyarlanm\u0131\u015ft\u0131r.Alaaddin bir g\u00fcn, daha \u00f6nce hi\u00e7 g\u00f6rmedi\u011fi ve amcas\u0131 oldu\u011funu iddia eden bir adamla tan\u0131\u015f\u0131r. O andan itibarenAlaaddin\u2019in hayat\u0131 tamamen de\u011fi\u015fir. Adam sihirli bir lamban\u0131n varl\u0131\u011f\u0131ndan haberdard\u0131r ve onu Alaaddin\u2019ikullanarak elde etmeyi planlar. Bu sihirli lamban\u0131n i\u00e7inde t\u00fcm dilekleri ger\u00e7ekle\u015ftirebilen bir cin vard\u0131r. Lambay\u0131ele ge\u00e7iren Alaaddin\u2019i bakal\u0131m hangi maceralar bekliyor? <\/p>\n","protected":false},"excerpt":{"rendered":"<p>Alaaddin\u2019in Sihirli Lambas\u0131, Binbir Gece Masallar\u0131\u2019ndan uyarlanm\u0131\u015ft\u0131r.Alaaddin bir g\u00fcn, daha \u00f6nce hi\u00e7 g\u00f6rmedi\u011fi ve amcas\u0131 oldu\u011funu iddia eden bir adamla tan\u0131\u015f\u0131r. O andan itibarenAlaaddin\u2019in hayat\u0131 tamamen<span class=\"excerpt-hellip\"> [\u2026]<\/span><\/p>\n","protected":false},"featured_media":0,"template":"","meta":{"_monsterinsights_skip_tracking":false,"_monsterinsights_sitenote_active":false,"_monsterinsights_sitenote_note":"","_monsterinsights_sitenote_category":0},"product_brand":[],"product_cat":[12274,12284],"product_tag":[],"class_list":{"0":"post-709934","1":"product","2":"type-product","3":"status-publish","5":"product_cat-cocuk-ve-genclik-kitaplari","6":"product_cat-hikayeler","7":"pa_cilt-ciltsiz","8":"pa_tur-kitap","9":"pa_yayinevi-arkadas-yayinlari","10":"pa_yazar-derin-erkan","12":"first","13":"instock","14":"sale","15":"shipping-taxable","16":"purchasable","17":"product-type-simple"},"_links":{"self":[{"href":"https:\/\/roveyayinevi.com.tr\/index.php\/wp-json\/wp\/v2\/product\/709934","targetHints":{"allow":["GET"]}}],"collection":[{"href":"https:\/\/roveyayinevi.com.tr\/index.php\/wp-json\/wp\/v2\/product"}],"about":[{"href":"https:\/\/roveyayinevi.com.tr\/index.php\/wp-json\/wp\/v2\/types\/product"}],"wp:attachment":[{"href":"https:\/\/roveyayinevi.com.tr\/index.php\/wp-json\/wp\/v2\/media?parent=709934"}],"wp:term":[{"taxonomy":"product_brand","embeddable":true,"href":"https:\/\/roveyayinevi.com.tr\/index.php\/wp-json\/wp\/v2\/product_brand?post=709934"},{"taxonomy":"product_cat","embeddable":true,"href":"https:\/\/roveyayinevi.com.tr\/index.php\/wp-json\/wp\/v2\/product_cat?post=709934"},{"taxonomy":"product_tag","embeddable":true,"href":"https:\/\/roveyayinevi.com.tr\/index.php\/wp-json\/wp\/v2\/product_tag?post=709934"}],"curies":[{"name":"wp","href":"https:\/\/api.w.org\/{rel}","templated":true}]}}