{"id":709933,"date":"2025-08-27T16:30:56","date_gmt":"2025-08-27T13:30:56","guid":{"rendered":"https:\/\/roveyayinevi.com.tr\/index.php\/urun\/ezop-masallari-7\/"},"modified":"2026-04-16T02:18:47","modified_gmt":"2026-04-15T23:18:47","slug":"ezop-masallari-7","status":"publish","type":"product","link":"https:\/\/roveyayinevi.com.tr\/index.php\/urun\/ezop-masallari-7\/","title":{"rendered":"Ezop Masallar\u0131"},"content":{"rendered":"<p>Ezop Masallar\u0131, M\u00d6 5. y\u00fczy\u0131lda Yunanistan\u2019da ya\u015fam\u0131\u015f olan Ezop\u2019un anlatt\u0131\u011f\u0131 hayvan masallar\u0131ndan uyarlanm\u0131\u015ft\u0131r.Tilkiler, leylekler, tav\u015fanlar ve susam\u0131\u015f kargalar\u2026 Hepsi, en sevilen sekiz Ezop masal\u0131n\u0131 i\u00e7eren bu kitapta bir arayageliyor. Her biri \u00f6nemli dersler veren ve kahramanlar\u0131 hayvan dostlar\u0131m\u0131z olan bu e\u011flenceli masallar; \u00e7ocuklaraiyili\u011fi ve k\u00f6t\u00fcl\u00fc\u011f\u00fc, kendini bilmeyi, adaleti, payla\u015fmay\u0131, empati kurmay\u0131 ve \u00e7al\u0131\u015fmay\u0131 anlat\u0131yor. <\/p>\n","protected":false},"excerpt":{"rendered":"<p>Ezop Masallar\u0131, M\u00d6 5. y\u00fczy\u0131lda Yunanistan\u2019da ya\u015fam\u0131\u015f olan Ezop\u2019un anlatt\u0131\u011f\u0131 hayvan masallar\u0131ndan uyarlanm\u0131\u015ft\u0131r.Tilkiler, leylekler, tav\u015fanlar ve susam\u0131\u015f kargalar\u2026 Hepsi, en sevilen sekiz Ezop masal\u0131n\u0131 i\u00e7eren bu<span class=\"excerpt-hellip\"> [\u2026]<\/span><\/p>\n","protected":false},"featured_media":0,"template":"","meta":{"_monsterinsights_skip_tracking":false,"_monsterinsights_sitenote_active":false,"_monsterinsights_sitenote_note":"","_monsterinsights_sitenote_category":0},"product_brand":[],"product_cat":[12274,12284],"product_tag":[],"class_list":{"0":"post-709933","1":"product","2":"type-product","3":"status-publish","5":"product_cat-cocuk-ve-genclik-kitaplari","6":"product_cat-hikayeler","7":"pa_cilt-ciltsiz","8":"pa_tur-kitap","9":"pa_yayinevi-arkadas-yayinlari","10":"pa_yazar-ezop","12":"first","13":"instock","14":"sale","15":"shipping-taxable","16":"purchasable","17":"product-type-simple"},"_links":{"self":[{"href":"https:\/\/roveyayinevi.com.tr\/index.php\/wp-json\/wp\/v2\/product\/709933","targetHints":{"allow":["GET"]}}],"collection":[{"href":"https:\/\/roveyayinevi.com.tr\/index.php\/wp-json\/wp\/v2\/product"}],"about":[{"href":"https:\/\/roveyayinevi.com.tr\/index.php\/wp-json\/wp\/v2\/types\/product"}],"wp:attachment":[{"href":"https:\/\/roveyayinevi.com.tr\/index.php\/wp-json\/wp\/v2\/media?parent=709933"}],"wp:term":[{"taxonomy":"product_brand","embeddable":true,"href":"https:\/\/roveyayinevi.com.tr\/index.php\/wp-json\/wp\/v2\/product_brand?post=709933"},{"taxonomy":"product_cat","embeddable":true,"href":"https:\/\/roveyayinevi.com.tr\/index.php\/wp-json\/wp\/v2\/product_cat?post=709933"},{"taxonomy":"product_tag","embeddable":true,"href":"https:\/\/roveyayinevi.com.tr\/index.php\/wp-json\/wp\/v2\/product_tag?post=709933"}],"curies":[{"name":"wp","href":"https:\/\/api.w.org\/{rel}","templated":true}]}}