{"id":709932,"date":"2025-08-27T16:30:55","date_gmt":"2025-08-27T13:30:55","guid":{"rendered":"https:\/\/roveyayinevi.com.tr\/index.php\/urun\/calinan-tac-3\/"},"modified":"2026-04-12T02:21:49","modified_gmt":"2026-04-11T23:21:49","slug":"calinan-tac-3","status":"publish","type":"product","link":"https:\/\/roveyayinevi.com.tr\/index.php\/urun\/calinan-tac-3\/","title":{"rendered":"\u00c7al\u0131nan Ta\u00e7"},"content":{"rendered":"<p>\u00c7al\u0131nan Ta\u00e7 Mark Twain\u2019in eserinden uyarlanm\u0131\u015ft\u0131r.Yoksul bir \u00e7ocuk olan Tom, Londra sokaklar\u0131nda \u00e7aresizce dilenirken saray\u0131n alt\u0131n kaplama kap\u0131s\u0131n\u0131n \u00f6n\u00fcnde bulurkendisini. Orada \u015fans eseri onunla ayn\u0131 ya\u015flarda olan Prens Edward\u2019la tan\u0131\u015f\u0131r. O andan itibaren her iki \u00e7ocu\u011fun dahayat\u0131 sonsuza dek de\u011fi\u015fecektir&#8230; <\/p>\n","protected":false},"excerpt":{"rendered":"<p>\u00c7al\u0131nan Ta\u00e7 Mark Twain\u2019in eserinden uyarlanm\u0131\u015ft\u0131r.Yoksul bir \u00e7ocuk olan Tom, Londra sokaklar\u0131nda \u00e7aresizce dilenirken saray\u0131n alt\u0131n kaplama kap\u0131s\u0131n\u0131n \u00f6n\u00fcnde bulurkendisini. Orada \u015fans eseri onunla ayn\u0131 ya\u015flarda<span class=\"excerpt-hellip\"> [\u2026]<\/span><\/p>\n","protected":false},"featured_media":0,"template":"","meta":{"_monsterinsights_skip_tracking":false,"_monsterinsights_sitenote_active":false,"_monsterinsights_sitenote_note":"","_monsterinsights_sitenote_category":0},"product_brand":[],"product_cat":[12274,12284],"product_tag":[],"class_list":{"0":"post-709932","1":"product","2":"type-product","3":"status-publish","5":"product_cat-cocuk-ve-genclik-kitaplari","6":"product_cat-hikayeler","7":"pa_cilt-ciltsiz","8":"pa_tur-kitap","9":"pa_yayinevi-arkadas-yayinlari","10":"pa_yazar-mark-twain","12":"first","13":"instock","14":"sale","15":"shipping-taxable","16":"purchasable","17":"product-type-simple"},"_links":{"self":[{"href":"https:\/\/roveyayinevi.com.tr\/index.php\/wp-json\/wp\/v2\/product\/709932","targetHints":{"allow":["GET"]}}],"collection":[{"href":"https:\/\/roveyayinevi.com.tr\/index.php\/wp-json\/wp\/v2\/product"}],"about":[{"href":"https:\/\/roveyayinevi.com.tr\/index.php\/wp-json\/wp\/v2\/types\/product"}],"wp:attachment":[{"href":"https:\/\/roveyayinevi.com.tr\/index.php\/wp-json\/wp\/v2\/media?parent=709932"}],"wp:term":[{"taxonomy":"product_brand","embeddable":true,"href":"https:\/\/roveyayinevi.com.tr\/index.php\/wp-json\/wp\/v2\/product_brand?post=709932"},{"taxonomy":"product_cat","embeddable":true,"href":"https:\/\/roveyayinevi.com.tr\/index.php\/wp-json\/wp\/v2\/product_cat?post=709932"},{"taxonomy":"product_tag","embeddable":true,"href":"https:\/\/roveyayinevi.com.tr\/index.php\/wp-json\/wp\/v2\/product_tag?post=709932"}],"curies":[{"name":"wp","href":"https:\/\/api.w.org\/{rel}","templated":true}]}}