{"id":709929,"date":"2025-08-27T16:30:54","date_gmt":"2025-08-27T13:30:54","guid":{"rendered":"https:\/\/roveyayinevi.com.tr\/index.php\/urun\/guc-kimin-elinde\/"},"modified":"2026-04-16T02:18:47","modified_gmt":"2026-04-15T23:18:47","slug":"guc-kimin-elinde","status":"publish","type":"product","link":"https:\/\/roveyayinevi.com.tr\/index.php\/urun\/guc-kimin-elinde\/","title":{"rendered":"G\u00fc\u00e7 Kimin Elinde?"},"content":{"rendered":"<p>\u2022 ABD ve Bat\u0131l\u0131 m\u00fcttefikleri Arap d\u00fcnyas\u0131ndaki demokrasiyi neden engelledi? \u2022 Bat\u0131 bas\u0131n\u0131n\u0131n \u201chaber de\u011feri g\u00f6rmedi\u011fi\u201d hangi kritik olaylar\u2022 Kimi \u201cayd\u0131nlar\u0131n\u201d ihaneti nedeniyle hangi su\u00e7lar te\u015fhir edilemedi? \u2022 Filistin\u2019de ya\u015fananlar medyada nas\u0131l \u00e7arp\u0131t\u0131l\u0131yor? \u2022 T\u00fcrkiye\u2019nin 2003\u2019teki tezkereye ret karar\u0131 hangi dinamikleri de\u011fi\u015ftirdi? \u2022 G\u00fcney Kore\u2019nin \u201c\u00e7\u0131lg\u0131nca\u201d gelen politikalar\u0131n\u0131n as\u0131l sebebi ne? \u2022 D\u00fcnya \u00fczerindeki ger\u00e7ek n\u00fckleer tehdit \u0130ran m\u0131? \u2022 \u00c7in\u2019in en b\u00fcy\u00fck zaaf\u0131 ne? \u2022 Do\u011fa k\u0131sa vadeli k\u00e2rlara ve pazar pay\u0131 art\u0131\u015flar\u0131na nas\u0131l feda ediliyor? \u2022 Amerikan gerileyi\u015finin sonu\u00e7lar\u0131 ne olacak? \u2022 Obama\u2019n\u0131n hangi kararlar\u0131 h\u0131zla yeni ter\u00f6ristlerin ortaya \u00e7\u0131kmas\u0131na neden oldu? \u2022 Trump\u2019\u0131 Beyaz Saray\u2019a ta\u015f\u0131yan s\u00fcre\u00e7 nas\u0131l i\u015fledi? Noam Chomsky, Ortado\u011fu\u2019dan Avrupa\u2019ya, Amerika\u2019dan \u00c7in\u2019e geni\u015f bir co\u011frafyada ya\u015fananlar\u0131, sans\u00fcr mekanizmalar\u0131 nedeniyle gizlenen ger\u00e7ekleri, halklar\u0131n kaderini etkileyen \u00f6nemli geli\u015fmelerin ortaya \u00e7\u0131k\u0131\u015f s\u00fcre\u00e7lerini cesurca anlat\u0131yor ve \u00e7ok \u00f6nemli bir soruya yan\u0131t veriyor: G\u00fc\u00e7 Kimin Elinde? <\/p>\n","protected":false},"excerpt":{"rendered":"<p>\u2022 ABD ve Bat\u0131l\u0131 m\u00fcttefikleri Arap d\u00fcnyas\u0131ndaki demokrasiyi neden engelledi? \u2022 Bat\u0131 bas\u0131n\u0131n\u0131n \u201chaber de\u011feri g\u00f6rmedi\u011fi\u201d hangi kritik olaylar\u2022 Kimi \u201cayd\u0131nlar\u0131n\u201d ihaneti nedeniyle hangi su\u00e7lar te\u015fhir<span class=\"excerpt-hellip\"> [\u2026]<\/span><\/p>\n","protected":false},"featured_media":0,"template":"","meta":{"_monsterinsights_skip_tracking":false,"_monsterinsights_sitenote_active":false,"_monsterinsights_sitenote_note":"","_monsterinsights_sitenote_category":0},"product_brand":[],"product_cat":[12338,12337],"product_tag":[],"class_list":{"0":"post-709929","1":"product","2":"type-product","3":"status-publish","5":"product_cat-dunya-siyaseti-ve-politikasi","6":"product_cat-politika-siyaset","7":"pa_cilt-ciltsiz","8":"pa_tur-kitap","9":"pa_yayinevi-inkilap-kitabevi","10":"pa_yazar-noam-chomsky","12":"first","13":"instock","14":"sale","15":"shipping-taxable","16":"purchasable","17":"product-type-simple"},"_links":{"self":[{"href":"https:\/\/roveyayinevi.com.tr\/index.php\/wp-json\/wp\/v2\/product\/709929","targetHints":{"allow":["GET"]}}],"collection":[{"href":"https:\/\/roveyayinevi.com.tr\/index.php\/wp-json\/wp\/v2\/product"}],"about":[{"href":"https:\/\/roveyayinevi.com.tr\/index.php\/wp-json\/wp\/v2\/types\/product"}],"wp:attachment":[{"href":"https:\/\/roveyayinevi.com.tr\/index.php\/wp-json\/wp\/v2\/media?parent=709929"}],"wp:term":[{"taxonomy":"product_brand","embeddable":true,"href":"https:\/\/roveyayinevi.com.tr\/index.php\/wp-json\/wp\/v2\/product_brand?post=709929"},{"taxonomy":"product_cat","embeddable":true,"href":"https:\/\/roveyayinevi.com.tr\/index.php\/wp-json\/wp\/v2\/product_cat?post=709929"},{"taxonomy":"product_tag","embeddable":true,"href":"https:\/\/roveyayinevi.com.tr\/index.php\/wp-json\/wp\/v2\/product_tag?post=709929"}],"curies":[{"name":"wp","href":"https:\/\/api.w.org\/{rel}","templated":true}]}}