{"id":709926,"date":"2025-08-27T16:30:52","date_gmt":"2025-08-27T13:30:52","guid":{"rendered":"https:\/\/roveyayinevi.com.tr\/index.php\/urun\/sisman-kiz-tombul-teyze\/"},"modified":"2026-04-16T02:18:46","modified_gmt":"2026-04-15T23:18:46","slug":"sisman-kiz-tombul-teyze","status":"publish","type":"product","link":"https:\/\/roveyayinevi.com.tr\/index.php\/urun\/sisman-kiz-tombul-teyze\/","title":{"rendered":"\u015ei\u015fman K\u0131z Tombul Teyze"},"content":{"rendered":"<p>\u015ei\u015fman K\u0131z Tombul Teyze, bir\u00e7ok dikkat \u00e7ekici \u00f6zelli\u011fi yan\u0131 s\u0131ra Yarat\u0131c\u0131 Drama e\u011fitmenli\u011fi ile T\u00fcrkiye\u2019nin ilkleri aras\u0131na girmi\u015f bir e\u011fitimcinin, bir uzman\u0131n an\u0131lar\u0131 ve \u00f6z ya\u015fam \u00f6yk\u00fcs\u00fcn\u00fc aktar\u0131yor okuyucuya. Ankara\u2019n\u0131n eski zamanlar\u0131ndan K\u0131br\u0131s\u2019\u0131n g\u00fcne\u015fli denizine K\u00fcba\u2019n\u0131n t \u00fct\u00fcn kokan ak\u015famlar\u0131na kadar uzanan bir \u00f6yk\u00fc bu. \u0130\u00e7inde gen\u00e7leri, \u00e7ocuklar\u0131, yeti\u015fkinleri sevgisiyle, \u00f6zeniyle besleyen bir \u00f6yk\u00fc\u2026 Elma Yay\u0131nevi, e\u011fitimle b\u00fcy\u00fcyen e\u011fitimle \u00e7o\u011falan ve e\u011fittik\u00e7e nefes alan bir hocan\u0131n kitab\u0131nda yeniden merhaba diyor sizlere. \u015ei\u015fman K\u0131z Tombul Teyze; \u00d6yleyse zihnimde yeni izler yaratmak i\u00e7in gitmeye devam etmeli. Ba\u015fka co\u011frafyalara gittik\u00e7e kendimi buldu\u011fumu g\u00f6rd\u00fcm. T\u00fclay\u2019la aram zamanla daha da iyile\u015fti. Eskiye g\u00f6re birbirimizle iyi ge\u00e7iniyoruz. Aramay\u0131 s\u00fcrd\u00fcrmeli&#8230; <\/p>\n","protected":false},"excerpt":{"rendered":"<p>\u015ei\u015fman K\u0131z Tombul Teyze, bir\u00e7ok dikkat \u00e7ekici \u00f6zelli\u011fi yan\u0131 s\u0131ra Yarat\u0131c\u0131 Drama e\u011fitmenli\u011fi ile T\u00fcrkiye\u2019nin ilkleri aras\u0131na girmi\u015f bir e\u011fitimcinin, bir uzman\u0131n an\u0131lar\u0131 ve \u00f6z ya\u015fam<span class=\"excerpt-hellip\"> [\u2026]<\/span><\/p>\n","protected":false},"featured_media":0,"template":"","meta":{"_monsterinsights_skip_tracking":false,"_monsterinsights_sitenote_active":false,"_monsterinsights_sitenote_note":"","_monsterinsights_sitenote_category":0},"product_brand":[],"product_cat":[13701,12291],"product_tag":[],"class_list":{"0":"post-709926","1":"product","2":"type-product","3":"status-publish","5":"product_cat-ani-mektup-gunluk","6":"product_cat-edebiyat","7":"pa_cilt-ciltsiz","8":"pa_tur-kitap","9":"pa_yayinevi-elma-yayinevi","10":"pa_yazar-tulay-ustundag","12":"first","13":"instock","14":"sale","15":"shipping-taxable","16":"purchasable","17":"product-type-simple"},"_links":{"self":[{"href":"https:\/\/roveyayinevi.com.tr\/index.php\/wp-json\/wp\/v2\/product\/709926","targetHints":{"allow":["GET"]}}],"collection":[{"href":"https:\/\/roveyayinevi.com.tr\/index.php\/wp-json\/wp\/v2\/product"}],"about":[{"href":"https:\/\/roveyayinevi.com.tr\/index.php\/wp-json\/wp\/v2\/types\/product"}],"wp:attachment":[{"href":"https:\/\/roveyayinevi.com.tr\/index.php\/wp-json\/wp\/v2\/media?parent=709926"}],"wp:term":[{"taxonomy":"product_brand","embeddable":true,"href":"https:\/\/roveyayinevi.com.tr\/index.php\/wp-json\/wp\/v2\/product_brand?post=709926"},{"taxonomy":"product_cat","embeddable":true,"href":"https:\/\/roveyayinevi.com.tr\/index.php\/wp-json\/wp\/v2\/product_cat?post=709926"},{"taxonomy":"product_tag","embeddable":true,"href":"https:\/\/roveyayinevi.com.tr\/index.php\/wp-json\/wp\/v2\/product_tag?post=709926"}],"curies":[{"name":"wp","href":"https:\/\/api.w.org\/{rel}","templated":true}]}}