{"id":709924,"date":"2025-08-27T16:30:51","date_gmt":"2025-08-27T13:30:51","guid":{"rendered":"https:\/\/roveyayinevi.com.tr\/index.php\/urun\/kucuklere-uzay-etkinlik-kitabi-kucuklere-etkinlik\/"},"modified":"2026-04-16T02:18:46","modified_gmt":"2026-04-15T23:18:46","slug":"kucuklere-uzay-etkinlik-kitabi-kucuklere-etkinlik","status":"publish","type":"product","link":"https:\/\/roveyayinevi.com.tr\/index.php\/urun\/kucuklere-uzay-etkinlik-kitabi-kucuklere-etkinlik\/","title":{"rendered":"K\u00fc\u00e7\u00fcklere Uzay Etkinlik Kitab\u0131 &#8211; K\u00fc\u00e7\u00fcklere Etkinlik"},"content":{"rendered":"<p>K\u00fc\u00e7\u00fcklere Uzay Etkinlik Kitab\u0131, bir s\u00fcr\u00fc bulmaca, farklar\u0131 bulma, boyama ve noktalar\u0131 birle\u015ftirme etkinli\u011fi i\u00e7eriyor. K\u00fc\u00e7\u00fck astronotlar G\u00fcne\u015f Sistemi\u2019ne gezegen \u00e7\u0131kartmalar\u0131 yap\u0131\u015ft\u0131racak, uzaya f\u0131rlat\u0131lan bir roket \u00e7izecek, \u015firin bir uzayl\u0131n\u0131n do\u011fum g\u00fcn\u00fc partisinin resmini boyayacak, \u00e7\u0131kartmalarla kendi resmini yaratacak ve daha pek \u00e7ok keyifli etkinlik sayesinde zaman\u0131n nas\u0131l ge\u00e7ti\u011fini anlamayacak.Evde, d\u0131\u015far\u0131da, tatilde\u2026 Hatta yolculuk yaparken! Nerede, ne zaman can\u0131 s\u0131k\u0131l\u0131rsa\u2026\u00c7ok say\u0131da e\u011flenceli etkinlikle dolu bu kitap, \u00e7ocu\u011funuzun dikkat, el-g\u00f6z koordinasyonu, g\u00f6rsel alg\u0131 ve motor becerilerinin geli\u015fimine katk\u0131 sa\u011flayacak, \u00e7ocuklar bu kitab\u0131 ellerinden d\u00fc\u015f\u00fcremeyecek!<\/p>\n","protected":false},"excerpt":{"rendered":"<p>K\u00fc\u00e7\u00fcklere Uzay Etkinlik Kitab\u0131, bir s\u00fcr\u00fc bulmaca, farklar\u0131 bulma, boyama ve noktalar\u0131 birle\u015ftirme etkinli\u011fi i\u00e7eriyor. K\u00fc\u00e7\u00fck astronotlar G\u00fcne\u015f Sistemi\u2019ne gezegen \u00e7\u0131kartmalar\u0131 yap\u0131\u015ft\u0131racak, uzaya f\u0131rlat\u0131lan bir roket<span class=\"excerpt-hellip\"> [\u2026]<\/span><\/p>\n","protected":false},"featured_media":0,"template":"","meta":{"_monsterinsights_skip_tracking":false,"_monsterinsights_sitenote_active":false,"_monsterinsights_sitenote_note":"","_monsterinsights_sitenote_category":0},"product_brand":[],"product_cat":[13829,12274],"product_tag":[],"class_list":{"0":"post-709924","1":"product","2":"type-product","3":"status-publish","5":"product_cat-bilimsel-kitaplar","6":"product_cat-cocuk-ve-genclik-kitaplari","7":"pa_cilt-ciltsiz","8":"pa_tur-kitap","9":"pa_yayinevi-1001-cicek-kitaplar","10":"pa_yazar-rebecca-gilpin","12":"first","13":"instock","14":"sale","15":"shipping-taxable","16":"purchasable","17":"product-type-simple"},"_links":{"self":[{"href":"https:\/\/roveyayinevi.com.tr\/index.php\/wp-json\/wp\/v2\/product\/709924","targetHints":{"allow":["GET"]}}],"collection":[{"href":"https:\/\/roveyayinevi.com.tr\/index.php\/wp-json\/wp\/v2\/product"}],"about":[{"href":"https:\/\/roveyayinevi.com.tr\/index.php\/wp-json\/wp\/v2\/types\/product"}],"wp:attachment":[{"href":"https:\/\/roveyayinevi.com.tr\/index.php\/wp-json\/wp\/v2\/media?parent=709924"}],"wp:term":[{"taxonomy":"product_brand","embeddable":true,"href":"https:\/\/roveyayinevi.com.tr\/index.php\/wp-json\/wp\/v2\/product_brand?post=709924"},{"taxonomy":"product_cat","embeddable":true,"href":"https:\/\/roveyayinevi.com.tr\/index.php\/wp-json\/wp\/v2\/product_cat?post=709924"},{"taxonomy":"product_tag","embeddable":true,"href":"https:\/\/roveyayinevi.com.tr\/index.php\/wp-json\/wp\/v2\/product_tag?post=709924"}],"curies":[{"name":"wp","href":"https:\/\/api.w.org\/{rel}","templated":true}]}}