{"id":709922,"date":"2025-08-27T16:30:50","date_gmt":"2025-08-27T13:30:50","guid":{"rendered":"https:\/\/roveyayinevi.com.tr\/index.php\/urun\/insan-olma-yolculugu\/"},"modified":"2026-04-08T02:24:22","modified_gmt":"2026-04-07T23:24:22","slug":"insan-olma-yolculugu","status":"publish","type":"product","link":"https:\/\/roveyayinevi.com.tr\/index.php\/urun\/insan-olma-yolculugu\/","title":{"rendered":"\u0130nsan Olma Yolculu\u011fu"},"content":{"rendered":"<p>&#8220;Kutsal olmak i\u00e7in t\u00fcm \u00e7abay\u0131 g\u00f6sterdi\u011finiz, olas\u0131 t\u00fcmgayretleri sarf etti\u011finiz takdirde insan olabilirsiniz. Ancak bu gayretlerle hayat dolu olacaks\u0131n\u0131z.&#8221;-Osho-\u0130nsan, der Osho, hayvan ve kutsal olan aras\u0131nda bir k\u00f6pr\u00fcd\u00fcr ve tabiat\u0131m\u0131z\u0131n bu ikili niteli\u011fine dair fark\u0131ndal\u0131\u011f\u0131m\u0131zd\u0131r bizi insan yapan. Bizi huzursuz yapan, \u00e7at\u0131\u015fmalarla dolduran ve genelde bencillikle c\u00f6mertli\u011fin, sevgiyle nefretin, k\u0131r\u0131lganl\u0131kla g\u00fcc\u00fcn, umutla \u00e7aresizli\u011fin kav\u015faklar\u0131nda b\u0131rakan da budur.\u0130nsan Olma Yolculu\u011fu, bu bariz \u00e7eli\u015fkiler aras\u0131nda se\u00e7im yapmak yerine, onlar\u0131 nas\u0131l hayat yolculu\u011funun her zorlu\u011funu olmam\u0131z gereken bireye dair yeni bir ke\u015ffe d\u00f6n\u00fc\u015ft\u00fcrmenin anahtar\u0131 olarak kabullenece\u011fimizi anlat\u0131r.Osho Ya\u015fam Gereklilikleri Serisi bireyin hayat\u0131ndaki en \u00f6nemli sorulara odaklan\u0131r. Her kitap \u00f6zellikle i\u00e7sel ya\u015fant\u0131m\u0131z ve varolu\u015f kalitemizle ilgili konulara odaklanarak ki\u015fisel anlam ve ama\u00e7 aray\u0131\u015f\u0131m\u0131z i\u00e7in \u00f6nemli olan sorulara dair zamans\u0131z ve her zaman \u00e7a\u011fda\u015f g\u00f6r\u00fc\u015f ve a\u00e7\u0131klamalar i\u00e7erir.Osho yirminci y\u00fczy\u0131l\u0131n en ilham veren spirit\u00fcel \u00f6\u011fretmenlerinden biridir. \u0130\u00e7sel d\u00f6n\u00fc\u015f\u00fcm bilimine olan katk\u0131lar\u0131yla tan\u0131nmaktad\u0131r ve \u00f6\u011fretilerinin etkisi d\u00fcnyan\u0131n her \u00fclkesinde, her ya\u015ftan insana ula\u015farak b\u00fcy\u00fcmeye devam etmektedir.<\/p>\n","protected":false},"excerpt":{"rendered":"<p>&#8220;Kutsal olmak i\u00e7in t\u00fcm \u00e7abay\u0131 g\u00f6sterdi\u011finiz, olas\u0131 t\u00fcmgayretleri sarf etti\u011finiz takdirde insan olabilirsiniz. Ancak bu gayretlerle hayat dolu olacaks\u0131n\u0131z.&#8221;-Osho-\u0130nsan, der Osho, hayvan ve kutsal olan aras\u0131nda<span class=\"excerpt-hellip\"> [\u2026]<\/span><\/p>\n","protected":false},"featured_media":0,"template":"","meta":{"_monsterinsights_skip_tracking":false,"_monsterinsights_sitenote_active":false,"_monsterinsights_sitenote_note":"","_monsterinsights_sitenote_category":0},"product_brand":[],"product_cat":[12364,12376],"product_tag":[],"class_list":{"0":"post-709922","1":"product","2":"type-product","3":"status-publish","5":"product_cat-genel-konular","6":"product_cat-kisisel-gelisim","7":"pa_cilt-ciltsiz","8":"pa_tur-kitap","9":"pa_yayinevi-butik-yayinlari","10":"pa_yazar-osho","12":"first","13":"instock","14":"sale","15":"shipping-taxable","16":"purchasable","17":"product-type-simple"},"_links":{"self":[{"href":"https:\/\/roveyayinevi.com.tr\/index.php\/wp-json\/wp\/v2\/product\/709922","targetHints":{"allow":["GET"]}}],"collection":[{"href":"https:\/\/roveyayinevi.com.tr\/index.php\/wp-json\/wp\/v2\/product"}],"about":[{"href":"https:\/\/roveyayinevi.com.tr\/index.php\/wp-json\/wp\/v2\/types\/product"}],"wp:attachment":[{"href":"https:\/\/roveyayinevi.com.tr\/index.php\/wp-json\/wp\/v2\/media?parent=709922"}],"wp:term":[{"taxonomy":"product_brand","embeddable":true,"href":"https:\/\/roveyayinevi.com.tr\/index.php\/wp-json\/wp\/v2\/product_brand?post=709922"},{"taxonomy":"product_cat","embeddable":true,"href":"https:\/\/roveyayinevi.com.tr\/index.php\/wp-json\/wp\/v2\/product_cat?post=709922"},{"taxonomy":"product_tag","embeddable":true,"href":"https:\/\/roveyayinevi.com.tr\/index.php\/wp-json\/wp\/v2\/product_tag?post=709922"}],"curies":[{"name":"wp","href":"https:\/\/api.w.org\/{rel}","templated":true}]}}