{"id":709921,"date":"2025-08-27T16:30:49","date_gmt":"2025-08-27T13:30:49","guid":{"rendered":"https:\/\/roveyayinevi.com.tr\/index.php\/urun\/kucuk-ses\/"},"modified":"2026-02-03T02:29:49","modified_gmt":"2026-02-02T23:29:49","slug":"kucuk-ses","status":"publish","type":"product","link":"https:\/\/roveyayinevi.com.tr\/index.php\/urun\/kucuk-ses\/","title":{"rendered":"K\u00fc\u00e7\u00fck Ses"},"content":{"rendered":"<p>\u201cBir \u015fekilde idare ettim. Hayatta kalmay\u0131 ba\u015fard\u0131m. \u00d6z\u00fcm\u00fc yads\u0131d\u0131k\u00e7a insanlar beni onaylad\u0131. Eylemlerim ki\u015fili\u011fime ihanet ettik\u00e7e, di\u011fer insanlar bana daha \u00e7ok \u0131s\u0131nd\u0131. Bu s\u00fcrekli \u015fark\u0131lar s\u00f6yleyip dans eden d\u00fcnya t\u0131marhanesinde, topluma uygunlu\u011fum ger\u00e7ek bir kutlama sebebiydi.\u201dToplumsal normlara uyum bask\u0131s\u0131 ile kendi olma bask\u0131s\u0131 aras\u0131nda s\u0131k\u0131\u015f\u0131p kalan; hayat\u0131n\u0131n bir d\u00f6neminde kendi olma bask\u0131s\u0131n\u0131n, ba\u015fka bir d\u00f6nemindeyse uyumlu olma bask\u0131s\u0131n\u0131n belirleyici oldu\u011fu Yew Shodkin\u2019in hik\u00e2yesi. Bir uyumsuzun uyumlu olmaya \u00e7abalamas\u0131n\u0131n hik\u00e2yesi. Bir bak\u0131ma hepimizin hik\u00e2yesi. D\u00fcnya sana kim olman gerekti\u011fini s\u00f6ylemeden \u00f6nce kimdin, hat\u0131rlayabiliyor musun? <\/p>\n","protected":false},"excerpt":{"rendered":"<p>\u201cBir \u015fekilde idare ettim. Hayatta kalmay\u0131 ba\u015fard\u0131m. \u00d6z\u00fcm\u00fc yads\u0131d\u0131k\u00e7a insanlar beni onaylad\u0131. Eylemlerim ki\u015fili\u011fime ihanet ettik\u00e7e, di\u011fer insanlar bana daha \u00e7ok \u0131s\u0131nd\u0131. Bu s\u00fcrekli \u015fark\u0131lar s\u00f6yleyip<span class=\"excerpt-hellip\"> [\u2026]<\/span><\/p>\n","protected":false},"featured_media":0,"template":"","meta":{"_monsterinsights_skip_tracking":false,"_monsterinsights_sitenote_active":false,"_monsterinsights_sitenote_note":"","_monsterinsights_sitenote_category":0},"product_brand":[],"product_cat":[12291,12711],"product_tag":[],"class_list":{"0":"post-709921","1":"product","2":"type-product","3":"status-publish","5":"product_cat-edebiyat","6":"product_cat-roman-oyku","7":"pa_cilt-ciltsiz","8":"pa_tur-kitap","9":"pa_yayinevi-heretik-yayincilik","10":"pa_yazar-joss-sheldon","12":"first","13":"instock","14":"sale","15":"shipping-taxable","16":"purchasable","17":"product-type-simple"},"_links":{"self":[{"href":"https:\/\/roveyayinevi.com.tr\/index.php\/wp-json\/wp\/v2\/product\/709921","targetHints":{"allow":["GET"]}}],"collection":[{"href":"https:\/\/roveyayinevi.com.tr\/index.php\/wp-json\/wp\/v2\/product"}],"about":[{"href":"https:\/\/roveyayinevi.com.tr\/index.php\/wp-json\/wp\/v2\/types\/product"}],"wp:attachment":[{"href":"https:\/\/roveyayinevi.com.tr\/index.php\/wp-json\/wp\/v2\/media?parent=709921"}],"wp:term":[{"taxonomy":"product_brand","embeddable":true,"href":"https:\/\/roveyayinevi.com.tr\/index.php\/wp-json\/wp\/v2\/product_brand?post=709921"},{"taxonomy":"product_cat","embeddable":true,"href":"https:\/\/roveyayinevi.com.tr\/index.php\/wp-json\/wp\/v2\/product_cat?post=709921"},{"taxonomy":"product_tag","embeddable":true,"href":"https:\/\/roveyayinevi.com.tr\/index.php\/wp-json\/wp\/v2\/product_tag?post=709921"}],"curies":[{"name":"wp","href":"https:\/\/api.w.org\/{rel}","templated":true}]}}