{"id":709920,"date":"2025-08-27T16:30:49","date_gmt":"2025-08-27T13:30:49","guid":{"rendered":"https:\/\/roveyayinevi.com.tr\/index.php\/urun\/firtinali-bir-denizdir-icimiz-kurtulus-kendini-anlatiyor-3\/"},"modified":"2026-04-16T02:18:46","modified_gmt":"2026-04-15T23:18:46","slug":"firtinali-bir-denizdir-icimiz-kurtulus-kendini-anlatiyor-3","status":"publish","type":"product","link":"https:\/\/roveyayinevi.com.tr\/index.php\/urun\/firtinali-bir-denizdir-icimiz-kurtulus-kendini-anlatiyor-3\/","title":{"rendered":"F\u0131rt\u0131nal\u0131 Bir Denizdir \u0130\u00e7imiz &#8211; Kurtulu\u015f Kendini Anlat\u0131yor 3"},"content":{"rendered":"<p>1970\u2019li y\u0131llarda ortaya \u00e7\u0131kan Kurtulu\u015f Hareketi\u2019nin 1975\u20131985 y\u0131llar\u0131 aras\u0131ndaki d\u00f6neminin ele al\u0131nd\u0131\u011f\u0131 s\u00f6zl\u00fc tarih \u00e7al\u0131\u015fmas\u0131n\u0131n s\u00f6yle\u015fileri KURTULU\u015e KEND\u0130N\u0130 ANLATIYOR ba\u015fl\u0131\u011f\u0131 alt\u0131nda bir kitap dizisi olarak yay\u0131nlanmaya devam ediyor. Dizinin \u00fc\u00e7\u00fcnc\u00fc kitab\u0131nda \u0130SMA\u0130L MET\u0130N AY\u00c7\u0130\u00c7EK, \u0130ZZET K\u00d6YL\u00dcO\u011eLU, MUSTAFA \u00d6ZT\u00dcRK (TOPAL), SA\u0130M KO\u00c7, SEYF\u0130 \u00d6NG\u0130DER ve Z\u0130YA S\u00dcMER\u2019le yap\u0131lan g\u00f6r\u00fc\u015fmeler yer al\u0131yor.Sosyal Dayan\u0131\u015fma ve \u0130leti\u015fim Derne\u011fi (SOD\u0130D) taraf\u0131ndan y\u00fcr\u00fct\u00fclen \u00e7al\u0131\u015fman\u0131n elinizdeki \u00fc\u00e7\u00fcnc\u00fc kitab\u0131nda merkez komitesi, \u0130stanbul ve \u0130zmir il komiteleri veya merkez komitesine ba\u011fl\u0131 organlar i\u00e7inde yer alan isimler 1970&#8217;lerden bug\u00fcne uzanan bir m\u00fccadele tarihini \u00e7e\u015fitli y\u00f6nleriyle ve b\u00fct\u00fcn canl\u0131l\u0131\u011f\u0131yla aktar\u0131yorlar.Kurtulu\u015f\u2019un \u00fclke \u00e7ap\u0131nda siyasal bir hareket olmas\u0131na katk\u0131da bulunmu\u015f, hayat\u0131n her alan\u0131nda faaliyet y\u00fcr\u00fct\u00fcp sorumluluk \u00fcstlenmi\u015f ve sonu\u00e7 olarak bu d\u00f6nemdeki sosyalist hareketin \u015fekillenmesinde rol\u00fc olmu\u015f bu ki\u015filerin hikayeleri her a\u00e7\u0131dan ilgin\u00e7 ve \u00f6nemlidir. Bu \u00e7al\u0131\u015fma T\u00fcrkiye solunun &#8220;kitlesel bir devrimci hareket&#8221; olarak var oldu\u011fu y\u0131llar\u0131 merak eden herkes i\u00e7in g\u00fcvenilir bir kaynak niteli\u011fi ta\u015f\u0131maktad\u0131r.\ufffcTan\u0131t\u0131m Metni<\/p>\n","protected":false},"excerpt":{"rendered":"<p>1970\u2019li y\u0131llarda ortaya \u00e7\u0131kan Kurtulu\u015f Hareketi\u2019nin 1975\u20131985 y\u0131llar\u0131 aras\u0131ndaki d\u00f6neminin ele al\u0131nd\u0131\u011f\u0131 s\u00f6zl\u00fc tarih \u00e7al\u0131\u015fmas\u0131n\u0131n s\u00f6yle\u015fileri KURTULU\u015e KEND\u0130N\u0130 ANLATIYOR ba\u015fl\u0131\u011f\u0131 alt\u0131nda bir kitap dizisi olarak yay\u0131nlanmaya<span class=\"excerpt-hellip\"> [\u2026]<\/span><\/p>\n","protected":false},"featured_media":0,"template":"","meta":{"_monsterinsights_skip_tracking":false,"_monsterinsights_sitenote_active":false,"_monsterinsights_sitenote_note":"","_monsterinsights_sitenote_category":0},"product_brand":[],"product_cat":[12370,12304],"product_tag":[],"class_list":{"0":"post-709920","1":"product","2":"type-product","3":"status-publish","5":"product_cat-arastirma-inceleme","6":"product_cat-tarih","7":"pa_cilt-ciltsiz","8":"pa_tur-kitap","9":"pa_yayinevi-dipnot-yayinlari","10":"pa_yazar-kollektif","12":"first","13":"instock","14":"sale","15":"shipping-taxable","16":"purchasable","17":"product-type-simple"},"_links":{"self":[{"href":"https:\/\/roveyayinevi.com.tr\/index.php\/wp-json\/wp\/v2\/product\/709920","targetHints":{"allow":["GET"]}}],"collection":[{"href":"https:\/\/roveyayinevi.com.tr\/index.php\/wp-json\/wp\/v2\/product"}],"about":[{"href":"https:\/\/roveyayinevi.com.tr\/index.php\/wp-json\/wp\/v2\/types\/product"}],"wp:attachment":[{"href":"https:\/\/roveyayinevi.com.tr\/index.php\/wp-json\/wp\/v2\/media?parent=709920"}],"wp:term":[{"taxonomy":"product_brand","embeddable":true,"href":"https:\/\/roveyayinevi.com.tr\/index.php\/wp-json\/wp\/v2\/product_brand?post=709920"},{"taxonomy":"product_cat","embeddable":true,"href":"https:\/\/roveyayinevi.com.tr\/index.php\/wp-json\/wp\/v2\/product_cat?post=709920"},{"taxonomy":"product_tag","embeddable":true,"href":"https:\/\/roveyayinevi.com.tr\/index.php\/wp-json\/wp\/v2\/product_tag?post=709920"}],"curies":[{"name":"wp","href":"https:\/\/api.w.org\/{rel}","templated":true}]}}